{"id":2719,"date":"2025-09-27T12:56:38","date_gmt":"2025-09-27T09:56:38","guid":{"rendered":"https:\/\/radikalarms.com\/pompali-tufekler\/pa-888\/"},"modified":"2025-09-27T13:56:48","modified_gmt":"2025-09-27T10:56:48","slug":"pa-888","status":"publish","type":"page","link":"https:\/\/radikalarms.com\/tr\/pompali-tufekler\/pa-888\/","title":{"rendered":"PA-888"},"content":{"rendered":"\n\n\t<section class=\"section product-banner-background\" id=\"section_732833468\">\n\t\t<div class=\"section-bg fill\" >\n\t\t\t\t\t\t\t\t\t<div class=\"section-bg-overlay absolute fill\"><\/div>\n\t\t\t\n\n\t\t<\/div>\n\n\t\t\n\n\t\t<div class=\"section-content relative\">\n\t\t\t\n\n<div class=\"row row-collapse row-full-width\"  id=\"row-2075300135\">\n\n\n\t<div id=\"col-833684976\" class=\"col small-12 large-12\"  >\n\t\t\t\t<div class=\"col-inner text-center\"  >\n\t\t\t\n\t\t\t\n\n\n\n<h1 class=\"shortcode-page-title\">PA-888<\/h1>\n<nav aria-label=\"breadcrumbs\" class=\"rank-math-breadcrumb\"><p><\/p><\/nav>\n\n\t<div class=\"img has-hover product-page-banner product-page-animate x md-x lg-x y md-y lg-y\" id=\"image_1635578752\">\n\t\t\t\t\t\t\t\t<div class=\"img-inner dark\" >\n\t\t\t<img decoding=\"async\" width=\"2560\" height=\"556\" src=\"https:\/\/radikalarms.com\/wp-content\/uploads\/2025\/09\/PA-888-Radikal-Arms-1-1-scaled.webp\" class=\"attachment-original size-original\" alt=\"PA-888 - Radikal Arms\" srcset=\"https:\/\/radikalarms.com\/wp-content\/uploads\/2025\/09\/PA-888-Radikal-Arms-1-1-scaled.webp 2560w, https:\/\/radikalarms.com\/wp-content\/uploads\/2025\/09\/PA-888-Radikal-Arms-1-1-300x65.webp 300w, https:\/\/radikalarms.com\/wp-content\/uploads\/2025\/09\/PA-888-Radikal-Arms-1-1-1024x223.webp 1024w, https:\/\/radikalarms.com\/wp-content\/uploads\/2025\/09\/PA-888-Radikal-Arms-1-1-768x167.webp 768w, https:\/\/radikalarms.com\/wp-content\/uploads\/2025\/09\/PA-888-Radikal-Arms-1-1-1536x334.webp 1536w, https:\/\/radikalarms.com\/wp-content\/uploads\/2025\/09\/PA-888-Radikal-Arms-1-1-2048x445.webp 2048w\" sizes=\"(max-width: 2560px) 100vw, 2560px\" \/>\t\t\t\t\t\t\n\t\t\t\t\t<\/div>\n\t\t\t\t\t\t\t\t\n<style>\n#image_1635578752 {\n  width: 100%;\n}\n<\/style>\n\t<\/div>\n\t\n\n\n\t\t<\/div>\n\t\t\t\t\n<style>\n#col-833684976 > .col-inner {\n  padding: 0px 0px 62px 0px;\n  margin: 0px 0px 27px 0px;\n}\n<\/style>\n\t<\/div>\n\n\t\n\n\n<style>\n#row-2075300135 > .col > .col-inner {\n  padding: 25px 0px 60px 0px;\n}\n@media (min-width:550px) {\n  #row-2075300135 > .col > .col-inner {\n    padding: 25px 0px 30px 0px;\n  }\n}\n@media (min-width:850px) {\n  #row-2075300135 > .col > .col-inner {\n    padding: 50px 0px 30px 0px;\n  }\n}\n<\/style>\n<\/div>\n\n\t\t<\/div>\n\n\t\t\n<style>\n#section_732833468 {\n  padding-top: 0px;\n  padding-bottom: 0px;\n  margin-bottom: -29px;\n  min-height: 270px;\n}\n#section_732833468 .section-bg-overlay {\n  background-color: rgba(255, 255, 255, 0.826);\n}\n@media (min-width:550px) {\n  #section_732833468 {\n    padding-top: 20px;\n    padding-bottom: 20px;\n  }\n}\n@media (min-width:850px) {\n  #section_732833468 {\n    padding-top: 0px;\n    padding-bottom: 0px;\n    min-height: 400px;\n  }\n}\n<\/style>\n\t<\/section>\n\t\n<div class=\"row align-center\" style=\"max-width:1400px\" id=\"row-567005123\">\n\n\n\t<div id=\"col-932251977\" class=\"col medium-12 small-12 large-12\"  data-animate=\"bounceInRight\">\n\t\t\t\t<div class=\"col-inner\"  >\n\t\t\t\n\t\t\t\n\n\t<div id=\"text-3441533786\" class=\"text\">\n\t\t\n\n<h2><span data-text-color=\"primary\"><strong>PA-888 \u00d6zellikleri<\/strong><\/span><\/h2>\n<div>Radikal pompal\u0131 t\u00fcfekler, geleneksel i\u015f\u00e7ili\u011fi modern m\u00fchendislikle birle\u015ftirerek d\u00fcnya genelindeki at\u0131c\u0131lar i\u00e7in g\u00fcvenilir performans ve farkl\u0131 tasar\u0131m se\u00e7enekleri sunar. Farkl\u0131 kullan\u0131c\u0131 ihtiya\u00e7lar\u0131na g\u00f6re, Radikal pompal\u0131 t\u00fcfekler klasik T\u00fcrk cevizi a\u011fa\u00e7 kundakl\u0131 sportif modellerin yan\u0131 s\u0131ra, modern kullan\u0131m i\u00e7in tasarlanm\u0131\u015f dayan\u0131kl\u0131 polimer kundak ve el kunda\u011f\u0131na sahip versiyonlar\u0131yla da \u00fcretilmektedir. <\/div>\n<div> <\/div>\n<div>Baz\u0131 Radikal pompal\u0131 t\u00fcfek modelleri, g\u00fcvenlik personeli, kolluk kuvvetleri ve asker\u00ee birliklerin ihtiya\u00e7lar\u0131 g\u00f6z \u00f6n\u00fcnde bulundurularak tasarlanm\u0131\u015f tabanca kabzas\u0131 ve taktik dip\u00e7ik se\u00e7enekleriyle donat\u0131lm\u0131\u015ft\u0131r. Bu konfig\u00fcrasyonlar, zorlu g\u00f6rev ortamlar\u0131nda daha iyi silah kontrol\u00fc, h\u0131zl\u0131 kullan\u0131m ve geli\u015ftirilmi\u015f ergonomi sa\u011flar. <\/div>\n\t\t\n<style>\n#text-3441533786 {\n  text-align: center;\n}\n<\/style>\n\t<\/div>\n\t\n\n\t\t<\/div>\n\t\t\t\t\n<style>\n#col-932251977 > .col-inner {\n  padding: 0px 0px 0px 0px;\n}\n<\/style>\n\t<\/div>\n\n\t\n\n\t<div id=\"col-837188268\" class=\"col medium-12 small-12 large-12 medium-col-first\"  data-animate=\"bounceInLeft\">\n\t\t\t\t<div class=\"col-inner text-center\"  >\n\t\t\t\n\t\t\t\n\n<div class=\"row\" style=\"max-width:1400px\" id=\"row-68582911\">\n\n\n\t<div id=\"col-1412861945\" class=\"col small-12 large-12\"  >\n\t\t\t\t<div class=\"col-inner\"  >\n\t\t\t\n\t\t\t\n\n\t<div id=\"text-833420927\" class=\"text\">\n\t\t\n\n<h2><span data-text-color=\"primary\"><strong>Renk Se\u00e7enekleri<\/strong><\/span><\/h2>\n\t\t\n<style>\n#text-833420927 {\n  text-align: center;\n}\n<\/style>\n\t<\/div>\n\t\n\n\t\t<\/div>\n\t\t\t\t\n<style>\n#col-1412861945 > .col-inner {\n  margin: 0px 0px -67px 0px;\n}\n@media (min-width:550px) {\n  #col-1412861945 > .col-inner {\n    margin: 0px 0px -51px 0px;\n  }\n}\n@media (min-width:850px) {\n  #col-1412861945 > .col-inner {\n    margin: 0px 0px -33px 0px;\n  }\n}\n<\/style>\n\t<\/div>\n\n\t\n\n<\/div>\n<div class=\"slider-wrapper relative shotgun-slider\" id=\"slider-1372648929\" >\n    <div class=\"slider slider-nav-simple slider-nav-large slider-nav-dark slider-nav-outside slider-style-normal slider-show-nav\"\n        data-flickity-options='{\n            \"cellAlign\": \"center\",\n            \"imagesLoaded\": true,\n            \"lazyLoad\": 1,\n            \"freeScroll\": false,\n            \"wrapAround\": true,\n            \"autoPlay\": 2100,\n            \"pauseAutoPlayOnHover\" : false,\n            \"prevNextButtons\": true,\n            \"contain\" : true,\n            \"adaptiveHeight\" : true,\n            \"dragThreshold\" : 10,\n            \"percentPosition\": true,\n            \"pageDots\": false,\n            \"rightToLeft\": false,\n            \"draggable\": true,\n            \"selectedAttraction\": 0.1,\n            \"parallax\" : 0,\n            \"friction\": 0.6        }'\n        >\n        \n\n\t<div class=\"img has-hover x md-x lg-x y md-y lg-y\" id=\"image_161390123\">\n\t\t<a class=\"image-lightbox lightbox-gallery\" title=\"\" href=\"https:\/\/radikalarms.com\/wp-content\/uploads\/2025\/09\/PA-888-Radikal-Arms-3-1-scaled.webp\">\t\t\t\t\t\t<div class=\"img-inner image-cover dark\" style=\"padding-top:300px;\">\n\t\t\t<img decoding=\"async\" width=\"2560\" height=\"1439\" src=\"https:\/\/radikalarms.com\/wp-content\/uploads\/2025\/09\/PA-888-Radikal-Arms-3-1-scaled.webp\" class=\"attachment-original size-original\" alt=\"PA-888 - Radikal Arms (3)\" srcset=\"https:\/\/radikalarms.com\/wp-content\/uploads\/2025\/09\/PA-888-Radikal-Arms-3-1-scaled.webp 2560w, https:\/\/radikalarms.com\/wp-content\/uploads\/2025\/09\/PA-888-Radikal-Arms-3-1-300x169.webp 300w, https:\/\/radikalarms.com\/wp-content\/uploads\/2025\/09\/PA-888-Radikal-Arms-3-1-1024x576.webp 1024w, https:\/\/radikalarms.com\/wp-content\/uploads\/2025\/09\/PA-888-Radikal-Arms-3-1-768x432.webp 768w, https:\/\/radikalarms.com\/wp-content\/uploads\/2025\/09\/PA-888-Radikal-Arms-3-1-1536x863.webp 1536w, https:\/\/radikalarms.com\/wp-content\/uploads\/2025\/09\/PA-888-Radikal-Arms-3-1-2048x1151.webp 2048w\" sizes=\"(max-width: 2560px) 100vw, 2560px\" \/>\t\t\t\t\t\t\n\t\t\t\t\t<\/div>\n\t\t\t\t\t\t<\/a>\t\t\n<style>\n#image_161390123 {\n  width: 100%;\n}\n<\/style>\n\t<\/div>\n\t\n\n\t<div class=\"img has-hover x md-x lg-x y md-y lg-y\" id=\"image_960687791\">\n\t\t<a class=\"image-lightbox lightbox-gallery\" title=\"\" href=\"https:\/\/radikalarms.com\/wp-content\/uploads\/2025\/09\/PA-888-Radikal-Arms-2-1-scaled.webp\">\t\t\t\t\t\t<div class=\"img-inner image-cover dark\" style=\"padding-top:300px;\">\n\t\t\t<img decoding=\"async\" width=\"2560\" height=\"1439\" src=\"https:\/\/radikalarms.com\/wp-content\/uploads\/2025\/09\/PA-888-Radikal-Arms-2-1-scaled.webp\" class=\"attachment-original size-original\" alt=\"PA-888 - Radikal Arms\" srcset=\"https:\/\/radikalarms.com\/wp-content\/uploads\/2025\/09\/PA-888-Radikal-Arms-2-1-scaled.webp 2560w, https:\/\/radikalarms.com\/wp-content\/uploads\/2025\/09\/PA-888-Radikal-Arms-2-1-300x169.webp 300w, https:\/\/radikalarms.com\/wp-content\/uploads\/2025\/09\/PA-888-Radikal-Arms-2-1-1024x576.webp 1024w, https:\/\/radikalarms.com\/wp-content\/uploads\/2025\/09\/PA-888-Radikal-Arms-2-1-768x432.webp 768w, https:\/\/radikalarms.com\/wp-content\/uploads\/2025\/09\/PA-888-Radikal-Arms-2-1-1536x863.webp 1536w, https:\/\/radikalarms.com\/wp-content\/uploads\/2025\/09\/PA-888-Radikal-Arms-2-1-2048x1151.webp 2048w\" sizes=\"(max-width: 2560px) 100vw, 2560px\" \/>\t\t\t\t\t\t\n\t\t\t\t\t<\/div>\n\t\t\t\t\t\t<\/a>\t\t\n<style>\n#image_960687791 {\n  width: 100%;\n}\n@media (min-width:550px) {\n  #image_960687791 {\n    width: 100%;\n  }\n}\n<\/style>\n\t<\/div>\n\t\n\n\n     <\/div>\n\n     <div class=\"loading-spin dark large centered\"><\/div>\n\n\t<\/div>\n\n\n\t<div class=\"img has-hover x md-x lg-x y md-y lg-y\" id=\"image_69057455\">\n\t\t\t\t\t\t\t\t<div class=\"img-inner dark\" >\n\t\t\t<img decoding=\"async\" width=\"2560\" height=\"626\" src=\"https:\/\/radikalarms.com\/wp-content\/uploads\/2025\/08\/color-options-scaled.webp\" class=\"attachment-original size-original\" alt=\"\" srcset=\"https:\/\/radikalarms.com\/wp-content\/uploads\/2025\/08\/color-options-scaled.webp 2560w, https:\/\/radikalarms.com\/wp-content\/uploads\/2025\/08\/color-options-300x73.webp 300w, https:\/\/radikalarms.com\/wp-content\/uploads\/2025\/08\/color-options-1024x251.webp 1024w, https:\/\/radikalarms.com\/wp-content\/uploads\/2025\/08\/color-options-768x188.webp 768w, https:\/\/radikalarms.com\/wp-content\/uploads\/2025\/08\/color-options-1536x376.webp 1536w, https:\/\/radikalarms.com\/wp-content\/uploads\/2025\/08\/color-options-2048x501.webp 2048w\" sizes=\"(max-width: 2560px) 100vw, 2560px\" \/>\t\t\t\t\t\t\n\t\t\t\t\t<\/div>\n\t\t\t\t\t\t\t\t\n<style>\n#image_69057455 {\n  width: 100%;\n}\n@media (min-width:550px) {\n  #image_69057455 {\n    width: 100%;\n  }\n}\n<\/style>\n\t<\/div>\n\t\n\n\n\t\t<\/div>\n\t\t\t\t\n<style>\n#col-837188268 > .col-inner {\n  padding: 0px 0px 0px 0px;\n  margin: -50px 0px 0px 0px;\n}\n@media (min-width:550px) {\n  #col-837188268 > .col-inner {\n    padding: 0px 0px 0px 0px;\n    margin: -12px 0px 0px 0px;\n  }\n}\n@media (min-width:850px) {\n  #col-837188268 > .col-inner {\n    margin: 0px 0px 0px 0px;\n  }\n}\n<\/style>\n\t<\/div>\n\n\t\n\n\t<div id=\"col-1529863726\" class=\"col medium-12 small-12 large-12\"  data-animate=\"fadeInDown\">\n\t\t\t\t<div class=\"col-inner\"  >\n\t\t\t\n\t\t\t\n\n\t<div id=\"text-90400492\" class=\"text\">\n\t\t\n\n<h2><span data-text-color=\"primary\"><strong>Teknik \u00d6zellikler<\/strong><\/span><\/h2>\n<table class=\"custom-table\">\n<tbody>\n<tr>\n<td>Kalibre :<\/td>\n<td>12<\/td>\n<\/tr>\n<tr>\n<td>Sistem :<\/td>\n<td>Pompal\u0131<\/td>\n<\/tr>\n<tr>\n<td>\u015earj\u00f6r Kapasitesi :<\/td>\n<td>6+1<\/td>\n<\/tr>\n<tr>\n<td>Namlu Uzunlu\u011fu :<\/td>\n<td>18,5&#8243; \/ 47 cm<\/td>\n<\/tr>\n<tr>\n<td>Toplam Uzunluk :<\/td>\n<td>29&#8243; \/ 75 cm<\/td>\n<\/tr>\n<tr>\n<td>A\u011f\u0131rl\u0131k :<\/td>\n<td>6 lbs \/ 2,75 kg<\/td>\n<\/tr>\n<tr>\n<td>Fi\u015fek Yata\u011f\u0131 :<\/td>\n<td>3&#8243; \/ 76 mm<\/td>\n<\/tr>\n<tr>\n<td>G\u00f6vde :<\/td>\n<td>Aluminyum<\/td>\n<\/tr>\n<tr>\n<td>\u015eoklar :<\/td>\n<td>F-M-C (Flush) Mobil Tip<\/td>\n<\/tr>\n<\/tbody>\n<\/table>\n<p style=\"text-align: left;\">*Di\u011fer Namlu Se\u00e7enekleri: 13&#8243; &#8211; 18,5&#8243; &#8211; 20&#8243; &#8211; 22&#8243; &#8211; 24&#8243; &#8211; 26&#8243; &#8211; 30&#8243; &#8211; 32&#8243;<br>** Toplam uzunluk, namlu uzunlu\u011funa ba\u011fl\u0131 olarak de\u011fi\u015fiklik g\u00f6sterebilir.<\/p>\n\t\t\n<style>\n#text-90400492 {\n  text-align: center;\n}\n<\/style>\n\t<\/div>\n\t\n\n\t\t<\/div>\n\t\t\t\t\t<\/div>\n\n\t\n\n<\/div>\n\n","protected":false},"excerpt":{"rendered":"","protected":false},"author":3,"featured_media":2713,"parent":2101,"menu_order":67,"comment_status":"closed","ping_status":"closed","template":"page-blank.php","meta":{"footnotes":""},"class_list":["post-2719","page","type-page","status-publish","has-post-thumbnail","hentry"],"_links":{"self":[{"href":"https:\/\/radikalarms.com\/tr\/wp-json\/wp\/v2\/pages\/2719","targetHints":{"allow":["GET"]}}],"collection":[{"href":"https:\/\/radikalarms.com\/tr\/wp-json\/wp\/v2\/pages"}],"about":[{"href":"https:\/\/radikalarms.com\/tr\/wp-json\/wp\/v2\/types\/page"}],"author":[{"embeddable":true,"href":"https:\/\/radikalarms.com\/tr\/wp-json\/wp\/v2\/users\/3"}],"replies":[{"embeddable":true,"href":"https:\/\/radikalarms.com\/tr\/wp-json\/wp\/v2\/comments?post=2719"}],"version-history":[{"count":0,"href":"https:\/\/radikalarms.com\/tr\/wp-json\/wp\/v2\/pages\/2719\/revisions"}],"up":[{"embeddable":true,"href":"https:\/\/radikalarms.com\/tr\/wp-json\/wp\/v2\/pages\/2101"}],"wp:featuredmedia":[{"embeddable":true,"href":"https:\/\/radikalarms.com\/tr\/wp-json\/wp\/v2\/media\/2713"}],"wp:attachment":[{"href":"https:\/\/radikalarms.com\/tr\/wp-json\/wp\/v2\/media?parent=2719"}],"curies":[{"name":"wp","href":"https:\/\/api.w.org\/{rel}","templated":true}]}}