{"id":2589,"date":"2025-08-02T10:42:13","date_gmt":"2025-08-02T07:42:13","guid":{"rendered":"https:\/\/radikal.splusweb.com.tr\/tek-kirma-tufekler\/sb-6\/"},"modified":"2025-08-20T21:28:14","modified_gmt":"2025-08-20T18:28:14","slug":"sb-6","status":"publish","type":"page","link":"https:\/\/radikalarms.com\/tr\/tek-kirma-tufekler\/sb-6\/","title":{"rendered":"SB-6"},"content":{"rendered":"\n\n\t<section class=\"section product-banner-background\" id=\"section_1145955254\">\n\t\t<div class=\"section-bg fill\" >\n\t\t\t\t\t\t\t\t\t<div class=\"section-bg-overlay absolute fill\"><\/div>\n\t\t\t\n\n\t\t<\/div>\n\n\t\t\n\n\t\t<div class=\"section-content relative\">\n\t\t\t\n\n<div class=\"row row-collapse row-full-width\"  id=\"row-762159378\">\n\n\n\t<div id=\"col-508688555\" class=\"col small-12 large-12\"  >\n\t\t\t\t<div class=\"col-inner text-center\"  >\n\t\t\t\n\t\t\t\n\n\n\n<h1 class=\"shortcode-page-title\">SB-6<\/h1>\n<nav aria-label=\"breadcrumbs\" class=\"rank-math-breadcrumb\"><p><\/p><\/nav>\n\n\t<div class=\"img has-hover product-page-banner product-page-animate x md-x lg-x y md-y lg-y\" id=\"image_597816909\">\n\t\t\t\t\t\t\t\t<div class=\"img-inner dark\" >\n\t\t\t<img decoding=\"async\" width=\"2560\" height=\"556\" src=\"https:\/\/radikalarms.com\/wp-content\/uploads\/2025\/08\/SB-6-Radikal-Arms-1-1-scaled.webp\" class=\"attachment-original size-original\" alt=\"SB-6 - Radikal Arms\" srcset=\"https:\/\/radikalarms.com\/wp-content\/uploads\/2025\/08\/SB-6-Radikal-Arms-1-1-scaled.webp 2560w, https:\/\/radikalarms.com\/wp-content\/uploads\/2025\/08\/SB-6-Radikal-Arms-1-1-300x65.webp 300w, https:\/\/radikalarms.com\/wp-content\/uploads\/2025\/08\/SB-6-Radikal-Arms-1-1-1024x223.webp 1024w, https:\/\/radikalarms.com\/wp-content\/uploads\/2025\/08\/SB-6-Radikal-Arms-1-1-768x167.webp 768w, https:\/\/radikalarms.com\/wp-content\/uploads\/2025\/08\/SB-6-Radikal-Arms-1-1-1536x334.webp 1536w, https:\/\/radikalarms.com\/wp-content\/uploads\/2025\/08\/SB-6-Radikal-Arms-1-1-2048x445.webp 2048w\" sizes=\"(max-width: 2560px) 100vw, 2560px\" \/>\t\t\t\t\t\t\n\t\t\t\t\t<\/div>\n\t\t\t\t\t\t\t\t\n<style>\n#image_597816909 {\n  width: 100%;\n}\n<\/style>\n\t<\/div>\n\t\n\n\n\t\t<\/div>\n\t\t\t\t\n<style>\n#col-508688555 > .col-inner {\n  padding: 0px 0px 62px 0px;\n  margin: 0px 0px 27px 0px;\n}\n<\/style>\n\t<\/div>\n\n\t\n\n\n<style>\n#row-762159378 > .col > .col-inner {\n  padding: 25px 0px 60px 0px;\n}\n@media (min-width:550px) {\n  #row-762159378 > .col > .col-inner {\n    padding: 25px 0px 30px 0px;\n  }\n}\n@media (min-width:850px) {\n  #row-762159378 > .col > .col-inner {\n    padding: 50px 0px 30px 0px;\n  }\n}\n<\/style>\n<\/div>\n\n\t\t<\/div>\n\n\t\t\n<style>\n#section_1145955254 {\n  padding-top: 0px;\n  padding-bottom: 0px;\n  margin-bottom: -29px;\n  min-height: 270px;\n}\n#section_1145955254 .section-bg-overlay {\n  background-color: rgba(255, 255, 255, 0.826);\n}\n@media (min-width:550px) {\n  #section_1145955254 {\n    padding-top: 20px;\n    padding-bottom: 20px;\n  }\n}\n@media (min-width:850px) {\n  #section_1145955254 {\n    padding-top: 0px;\n    padding-bottom: 0px;\n    min-height: 400px;\n  }\n}\n<\/style>\n\t<\/section>\n\t\n<div class=\"row align-center\" style=\"max-width:1400px\" id=\"row-450345887\">\n\n\n\t<div id=\"col-1487215708\" class=\"col medium-12 small-12 large-12\"  data-animate=\"bounceInRight\">\n\t\t\t\t<div class=\"col-inner\"  >\n\t\t\t\n\t\t\t\n\n\t<div id=\"text-1314390659\" class=\"text\">\n\t\t\n\n<h2><span data-text-color=\"primary\"><strong>SB-6 Polimer Tek K\u0131rma \u00d6zellikleri<\/strong><\/span><\/h2>\n<div>Modern tasar\u0131m\u0131 ve dayan\u0131kl\u0131 polimer g\u00f6vdesi ile SB-2 Polymer, hafifli\u011fi ve sa\u011flaml\u0131\u011f\u0131 bir arada sunar. 12, 20 ve .410 kalibre se\u00e7enekleri, farkl\u0131 namlu boylar\u0131 (20\u201d\/24\u201d\/28\u201d\/30\u201d) ve sentetik dip\u00e7ik alternatifiyle hem avc\u0131l\u0131k hem de sportif at\u0131\u015f i\u00e7in idealdir. Cylinder \u015fok sistemi ve korozyona dayan\u0131kl\u0131 kaplamas\u0131yla zorlu ko\u015fullarda \u00fcst\u00fcn performans sa\u011flar. Ortalama a\u011f\u0131rl\u0131\u011f\u0131 2,3 kg\u2019d\u0131r.   <\/div>\n<div> <\/div>\n\t\t\n<style>\n#text-1314390659 {\n  text-align: center;\n}\n<\/style>\n\t<\/div>\n\t\n\n\t\t<\/div>\n\t\t\t\t\n<style>\n#col-1487215708 > .col-inner {\n  padding: 0px 0px 0px 0px;\n}\n<\/style>\n\t<\/div>\n\n\t\n\n\t<div id=\"col-178650415\" class=\"col medium-12 small-12 large-12 medium-col-first\"  data-animate=\"bounceInLeft\">\n\t\t\t\t<div class=\"col-inner text-center\"  >\n\t\t\t\n\t\t\t\n\n<div class=\"row\" style=\"max-width:1400px\" id=\"row-1029890939\">\n\n\n\t<div id=\"col-109242087\" class=\"col small-12 large-12\"  >\n\t\t\t\t<div class=\"col-inner\"  >\n\t\t\t\n\t\t\t\n\n\t<div id=\"text-929376649\" class=\"text\">\n\t\t\n\n<h2><span data-text-color=\"primary\"><strong>Renk Se\u00e7enekleri<\/strong><\/span><\/h2>\n\t\t\n<style>\n#text-929376649 {\n  text-align: center;\n}\n<\/style>\n\t<\/div>\n\t\n\n\t\t<\/div>\n\t\t\t\t\n<style>\n#col-109242087 > .col-inner {\n  margin: 0px 0px -67px 0px;\n}\n@media (min-width:550px) {\n  #col-109242087 > .col-inner {\n    margin: 0px 0px -51px 0px;\n  }\n}\n@media (min-width:850px) {\n  #col-109242087 > .col-inner {\n    margin: 0px 0px -33px 0px;\n  }\n}\n<\/style>\n\t<\/div>\n\n\t\n\n<\/div>\n<div class=\"slider-wrapper relative shotgun-slider\" id=\"slider-678389544\" >\n    <div class=\"slider slider-nav-simple slider-nav-large slider-nav-dark slider-nav-outside slider-style-normal slider-show-nav\"\n        data-flickity-options='{\n            \"cellAlign\": \"center\",\n            \"imagesLoaded\": true,\n            \"lazyLoad\": 1,\n            \"freeScroll\": false,\n            \"wrapAround\": true,\n            \"autoPlay\": 2100,\n            \"pauseAutoPlayOnHover\" : false,\n            \"prevNextButtons\": true,\n            \"contain\" : true,\n            \"adaptiveHeight\" : true,\n            \"dragThreshold\" : 10,\n            \"percentPosition\": true,\n            \"pageDots\": false,\n            \"rightToLeft\": false,\n            \"draggable\": true,\n            \"selectedAttraction\": 0.1,\n            \"parallax\" : 0,\n            \"friction\": 0.6        }'\n        >\n        \n\n\t<div class=\"img has-hover x md-x lg-x y md-y lg-y\" id=\"image_970825087\">\n\t\t<a class=\"image-lightbox lightbox-gallery\" title=\"\" href=\"https:\/\/radikalarms.com\/wp-content\/uploads\/2025\/08\/SB-6-Radikal-Arms-2-scaled.webp\">\t\t\t\t\t\t<div class=\"img-inner image-cover dark\" style=\"padding-top:300px;\">\n\t\t\t<img decoding=\"async\" width=\"2560\" height=\"1439\" src=\"https:\/\/radikalarms.com\/wp-content\/uploads\/2025\/08\/SB-6-Radikal-Arms-2-scaled.webp\" class=\"attachment-original size-original\" alt=\"SB-6 - Radikal Arms\" srcset=\"https:\/\/radikalarms.com\/wp-content\/uploads\/2025\/08\/SB-6-Radikal-Arms-2-scaled.webp 2560w, https:\/\/radikalarms.com\/wp-content\/uploads\/2025\/08\/SB-6-Radikal-Arms-2-300x169.webp 300w, https:\/\/radikalarms.com\/wp-content\/uploads\/2025\/08\/SB-6-Radikal-Arms-2-1024x576.webp 1024w, https:\/\/radikalarms.com\/wp-content\/uploads\/2025\/08\/SB-6-Radikal-Arms-2-768x432.webp 768w, https:\/\/radikalarms.com\/wp-content\/uploads\/2025\/08\/SB-6-Radikal-Arms-2-1536x863.webp 1536w, https:\/\/radikalarms.com\/wp-content\/uploads\/2025\/08\/SB-6-Radikal-Arms-2-2048x1151.webp 2048w\" sizes=\"(max-width: 2560px) 100vw, 2560px\" \/>\t\t\t\t\t\t\n\t\t\t\t\t<\/div>\n\t\t\t\t\t\t<\/a>\t\t\n<style>\n#image_970825087 {\n  width: 100%;\n}\n<\/style>\n\t<\/div>\n\t\n\n\t<div class=\"img has-hover x md-x lg-x y md-y lg-y\" id=\"image_1695107131\">\n\t\t<a class=\"image-lightbox lightbox-gallery\" title=\"\" href=\"https:\/\/radikalarms.com\/wp-content\/uploads\/2025\/08\/SB-6-Radikal-Arms-3-scaled.webp\">\t\t\t\t\t\t<div class=\"img-inner image-cover dark\" style=\"padding-top:300px;\">\n\t\t\t<img decoding=\"async\" width=\"2560\" height=\"1439\" src=\"https:\/\/radikalarms.com\/wp-content\/uploads\/2025\/08\/SB-6-Radikal-Arms-3-scaled.webp\" class=\"attachment-original size-original\" alt=\"SB-6 - Radikal Arms\" srcset=\"https:\/\/radikalarms.com\/wp-content\/uploads\/2025\/08\/SB-6-Radikal-Arms-3-scaled.webp 2560w, https:\/\/radikalarms.com\/wp-content\/uploads\/2025\/08\/SB-6-Radikal-Arms-3-300x169.webp 300w, https:\/\/radikalarms.com\/wp-content\/uploads\/2025\/08\/SB-6-Radikal-Arms-3-1024x576.webp 1024w, https:\/\/radikalarms.com\/wp-content\/uploads\/2025\/08\/SB-6-Radikal-Arms-3-768x432.webp 768w, https:\/\/radikalarms.com\/wp-content\/uploads\/2025\/08\/SB-6-Radikal-Arms-3-1536x863.webp 1536w, https:\/\/radikalarms.com\/wp-content\/uploads\/2025\/08\/SB-6-Radikal-Arms-3-2048x1151.webp 2048w\" sizes=\"(max-width: 2560px) 100vw, 2560px\" \/>\t\t\t\t\t\t\n\t\t\t\t\t<\/div>\n\t\t\t\t\t\t<\/a>\t\t\n<style>\n#image_1695107131 {\n  width: 100%;\n}\n@media (min-width:550px) {\n  #image_1695107131 {\n    width: 100%;\n  }\n}\n<\/style>\n\t<\/div>\n\t\n\n\n     <\/div>\n\n     <div class=\"loading-spin dark large centered\"><\/div>\n\n\t<\/div>\n\n\n\t<div class=\"img has-hover x md-x lg-x y md-y lg-y\" id=\"image_970670313\">\n\t\t\t\t\t\t\t\t<div class=\"img-inner dark\" >\n\t\t\t<img decoding=\"async\" width=\"2560\" height=\"626\" src=\"https:\/\/radikalarms.com\/wp-content\/uploads\/2025\/08\/color-options-scaled.webp\" class=\"attachment-original size-original\" alt=\"\" srcset=\"https:\/\/radikalarms.com\/wp-content\/uploads\/2025\/08\/color-options-scaled.webp 2560w, https:\/\/radikalarms.com\/wp-content\/uploads\/2025\/08\/color-options-300x73.webp 300w, https:\/\/radikalarms.com\/wp-content\/uploads\/2025\/08\/color-options-1024x251.webp 1024w, https:\/\/radikalarms.com\/wp-content\/uploads\/2025\/08\/color-options-768x188.webp 768w, https:\/\/radikalarms.com\/wp-content\/uploads\/2025\/08\/color-options-1536x376.webp 1536w, https:\/\/radikalarms.com\/wp-content\/uploads\/2025\/08\/color-options-2048x501.webp 2048w\" sizes=\"(max-width: 2560px) 100vw, 2560px\" \/>\t\t\t\t\t\t\n\t\t\t\t\t<\/div>\n\t\t\t\t\t\t\t\t\n<style>\n#image_970670313 {\n  width: 100%;\n}\n@media (min-width:550px) {\n  #image_970670313 {\n    width: 100%;\n  }\n}\n<\/style>\n\t<\/div>\n\t\n\n\n\t\t<\/div>\n\t\t\t\t\n<style>\n#col-178650415 > .col-inner {\n  padding: 0px 0px 0px 0px;\n  margin: -50px 0px 0px 0px;\n}\n@media (min-width:550px) {\n  #col-178650415 > .col-inner {\n    padding: 0px 0px 0px 0px;\n    margin: -12px 0px 0px 0px;\n  }\n}\n@media (min-width:850px) {\n  #col-178650415 > .col-inner {\n    margin: 0px 0px 0px 0px;\n  }\n}\n<\/style>\n\t<\/div>\n\n\t\n\n\t<div id=\"col-790344379\" class=\"col medium-12 small-12 large-12\"  data-animate=\"fadeInDown\">\n\t\t\t\t<div class=\"col-inner\"  >\n\t\t\t\n\t\t\t\n\n\t<div id=\"text-3673089422\" class=\"text\">\n\t\t\n\n<h2><span data-text-color=\"primary\"><strong>Teknik \u00d6zellikler<\/strong><\/span><\/h2>\n<table class=\"custom-table\">\n<tbody>\n<tr>\n<td>Kalibre :<\/td>\n<td>12-20-36<\/td>\n<\/tr>\n<tr>\n<td>Sistem :<\/td>\n<td>Tek K\u0131rma<\/td>\n<\/tr>\n<tr><td>Namlu Uzunlu\u011fu :<\/td>\n<td>20&#8221; \/ 24&#8221; \/ 28&#8221; \/ 30&#8221;<\/td>\n<\/tr>\n<tr>\n<td>A\u011f\u0131rl\u0131k :<\/td>\n<td>2.3 kg<\/td>\n<\/tr>\n<tr>\n<td>Dip\u00e7ik :&nbsp;<\/td>\n<td>T\u00fcrk Cevizi \/ Sentetik<\/td>\n<\/tr>\n<tr>\n<td>G\u00f6vde :<\/td>\n<td>Silver \/ Black \/ Marine<\/td>\n<\/tr>\n<tr>\n<td>\u015eok :<\/td>\n<td>Cylinder<\/td>\n<\/tr>\n<\/tbody>\n<\/table>\n<p style=\"text-align: left;\">\n\t\t\n<style>\n#text-3673089422 {\n  text-align: center;\n}\n<\/style>\n\t<\/div>\n\t\n\n\t\t<\/div>\n\t\t\t\t\t<\/div>\n\n\t\n\n<\/div>\n<\/p>\n\n","protected":false},"excerpt":{"rendered":"","protected":false},"author":3,"featured_media":1594,"parent":2105,"menu_order":86,"comment_status":"closed","ping_status":"closed","template":"page-blank.php","meta":{"footnotes":""},"class_list":["post-2589","page","type-page","status-publish","has-post-thumbnail","hentry"],"_links":{"self":[{"href":"https:\/\/radikalarms.com\/tr\/wp-json\/wp\/v2\/pages\/2589","targetHints":{"allow":["GET"]}}],"collection":[{"href":"https:\/\/radikalarms.com\/tr\/wp-json\/wp\/v2\/pages"}],"about":[{"href":"https:\/\/radikalarms.com\/tr\/wp-json\/wp\/v2\/types\/page"}],"author":[{"embeddable":true,"href":"https:\/\/radikalarms.com\/tr\/wp-json\/wp\/v2\/users\/3"}],"replies":[{"embeddable":true,"href":"https:\/\/radikalarms.com\/tr\/wp-json\/wp\/v2\/comments?post=2589"}],"version-history":[{"count":0,"href":"https:\/\/radikalarms.com\/tr\/wp-json\/wp\/v2\/pages\/2589\/revisions"}],"up":[{"embeddable":true,"href":"https:\/\/radikalarms.com\/tr\/wp-json\/wp\/v2\/pages\/2105"}],"wp:featuredmedia":[{"embeddable":true,"href":"https:\/\/radikalarms.com\/tr\/wp-json\/wp\/v2\/media\/1594"}],"wp:attachment":[{"href":"https:\/\/radikalarms.com\/tr\/wp-json\/wp\/v2\/media?parent=2589"}],"curies":[{"name":"wp","href":"https:\/\/api.w.org\/{rel}","templated":true}]}}