{"id":2568,"date":"2025-08-02T10:22:53","date_gmt":"2025-08-02T07:22:53","guid":{"rendered":"https:\/\/radikal.splusweb.com.tr\/bullpup\/nk-2\/"},"modified":"2025-08-20T21:01:06","modified_gmt":"2025-08-20T18:01:06","slug":"nk-2","status":"publish","type":"page","link":"https:\/\/radikalarms.com\/tr\/bullpup\/nk-2\/","title":{"rendered":"NK-2"},"content":{"rendered":"\n\n\t<section class=\"section product-banner-background\" id=\"section_1211621828\">\n\t\t<div class=\"section-bg fill\" >\n\t\t\t\t\t\t\t\t\t<div class=\"section-bg-overlay absolute fill\"><\/div>\n\t\t\t\n\n\t\t<\/div>\n\n\t\t\n\n\t\t<div class=\"section-content relative\">\n\t\t\t\n\n<div class=\"row row-collapse row-full-width\"  id=\"row-495276238\">\n\n\n\t<div id=\"col-2130803839\" class=\"col small-12 large-12\"  >\n\t\t\t\t<div class=\"col-inner text-center\"  >\n\t\t\t\n\t\t\t\n\n\n\n<h1 class=\"shortcode-page-title\">NK-2<\/h1>\n<nav aria-label=\"breadcrumbs\" class=\"rank-math-breadcrumb\"><p><\/p><\/nav>\n\n\t<div class=\"img has-hover product-page-banner product-page-animate x md-x lg-x y md-y lg-y\" id=\"image_1005383706\">\n\t\t\t\t\t\t\t\t<div class=\"img-inner dark\" >\n\t\t\t<img decoding=\"async\" width=\"2560\" height=\"556\" src=\"https:\/\/radikalarms.com\/wp-content\/uploads\/2025\/08\/NK-2-Radikal-Arms-2-scaled.webp\" class=\"attachment-original size-original\" alt=\"NK-2 - Radikal Arms\" srcset=\"https:\/\/radikalarms.com\/wp-content\/uploads\/2025\/08\/NK-2-Radikal-Arms-2-scaled.webp 2560w, https:\/\/radikalarms.com\/wp-content\/uploads\/2025\/08\/NK-2-Radikal-Arms-2-300x65.webp 300w, https:\/\/radikalarms.com\/wp-content\/uploads\/2025\/08\/NK-2-Radikal-Arms-2-1024x223.webp 1024w, https:\/\/radikalarms.com\/wp-content\/uploads\/2025\/08\/NK-2-Radikal-Arms-2-768x167.webp 768w, https:\/\/radikalarms.com\/wp-content\/uploads\/2025\/08\/NK-2-Radikal-Arms-2-1536x334.webp 1536w, https:\/\/radikalarms.com\/wp-content\/uploads\/2025\/08\/NK-2-Radikal-Arms-2-2048x445.webp 2048w\" sizes=\"(max-width: 2560px) 100vw, 2560px\" \/>\t\t\t\t\t\t\n\t\t\t\t\t<\/div>\n\t\t\t\t\t\t\t\t\n<style>\n#image_1005383706 {\n  width: 100%;\n}\n<\/style>\n\t<\/div>\n\t\n\n\n\t\t<\/div>\n\t\t\t\t\n<style>\n#col-2130803839 > .col-inner {\n  padding: 0px 0px 62px 0px;\n  margin: 0px 0px 27px 0px;\n}\n<\/style>\n\t<\/div>\n\n\t\n\n\n<style>\n#row-495276238 > .col > .col-inner {\n  padding: 25px 0px 60px 0px;\n}\n@media (min-width:550px) {\n  #row-495276238 > .col > .col-inner {\n    padding: 25px 0px 30px 0px;\n  }\n}\n@media (min-width:850px) {\n  #row-495276238 > .col > .col-inner {\n    padding: 50px 0px 30px 0px;\n  }\n}\n<\/style>\n<\/div>\n\n\t\t<\/div>\n\n\t\t\n<style>\n#section_1211621828 {\n  padding-top: 0px;\n  padding-bottom: 0px;\n  margin-bottom: -29px;\n  min-height: 270px;\n}\n#section_1211621828 .section-bg-overlay {\n  background-color: rgba(255, 255, 255, 0.826);\n}\n@media (min-width:550px) {\n  #section_1211621828 {\n    padding-top: 20px;\n    padding-bottom: 20px;\n  }\n}\n@media (min-width:850px) {\n  #section_1211621828 {\n    padding-top: 0px;\n    padding-bottom: 0px;\n    min-height: 400px;\n  }\n}\n<\/style>\n\t<\/section>\n\t\n<div class=\"row align-center\" style=\"max-width:1400px\" id=\"row-1376971087\">\n\n\n\t<div id=\"col-1187468233\" class=\"col medium-12 small-12 large-12\"  data-animate=\"bounceInRight\">\n\t\t\t\t<div class=\"col-inner\"  >\n\t\t\t\n\t\t\t\n\n\t<div id=\"text-1599539321\" class=\"text\">\n\t\t\n\n<h2><span data-text-color=\"primary\"><strong>Radikal NK-2 Bullpup \u00d6zellikleri<\/strong><\/span><\/h2>\n<div>Radikal NK-2, pompal\u0131 t\u00fcfeklerin g\u00fcvenilirli\u011fini ve \u00e7ok y\u00f6nl\u00fcl\u00fc\u011f\u00fcn\u00fc kompakt bullpup tasar\u0131m\u0131yla bir araya getirir. 18,5&#8243; namlu uzunlu\u011fu ve sadece 28,5&#8243; toplam uzunlu\u011fuyla, maksimum ate\u015f g\u00fcc\u00fcn\u00fc korurken \u00fcst\u00fcn manevra kabiliyeti sunar. Sa\u011flam pompal\u0131 sistem yap\u0131s\u0131 sayesinde, d\u00fc\u015f\u00fck h\u0131zl\u0131 fi\u015feklerden y\u00fcksek g\u00fc\u00e7l\u00fc m\u00fchimmatlara kadar her t\u00fcrl\u00fc fi\u015fe\u011fi sorunsuz bir \u015fekilde \u00e7evirebilir ve her ko\u015fulda g\u00fcvenilir performans sa\u011flar.<br>Taktik kullan\u0131mlar, ev savunmas\u0131 ve dar alanlarda m\u00fcdahale i\u00e7in \u00f6zel olarak tasarlanan NK-2, dengeli ve ergonomik yap\u0131s\u0131yla ak\u0131c\u0131 kullan\u0131m, h\u0131zl\u0131 m\u00fcdahale ve \u00fcst\u00fcn dayan\u0131kl\u0131l\u0131k sunar. Radikal NK-2, g\u00fc\u00e7l\u00fc ve kompakt pompal\u0131 t\u00fcfek arayanlar i\u00e7in ideal bir \u00e7\u00f6z\u00fcmd\u00fcr.   <\/div>\n<div> <\/div>\n<div> <\/div>\n\t\t\n<style>\n#text-1599539321 {\n  text-align: center;\n}\n<\/style>\n\t<\/div>\n\t\n\n\t\t<\/div>\n\t\t\t\t\n<style>\n#col-1187468233 > .col-inner {\n  padding: 0px 0px 0px 0px;\n}\n<\/style>\n\t<\/div>\n\n\t\n\n\t<div id=\"col-510667702\" class=\"col medium-12 small-12 large-12 medium-col-first\"  data-animate=\"bounceInLeft\">\n\t\t\t\t<div class=\"col-inner text-center\"  >\n\t\t\t\n\t\t\t\n\n<div class=\"row\" style=\"max-width:1400px\" id=\"row-1169331592\">\n\n\n\t<div id=\"col-1395951982\" class=\"col small-12 large-12\"  >\n\t\t\t\t<div class=\"col-inner\"  >\n\t\t\t\n\t\t\t\n\n\t<div id=\"text-2439480986\" class=\"text\">\n\t\t\n\n<h2><span data-text-color=\"primary\"><strong>Renk Se\u00e7enekleri<\/strong><\/span><\/h2>\n\t\t\n<style>\n#text-2439480986 {\n  text-align: center;\n}\n<\/style>\n\t<\/div>\n\t\n\n\t\t<\/div>\n\t\t\t\t\n<style>\n#col-1395951982 > .col-inner {\n  margin: 0px 0px -67px 0px;\n}\n@media (min-width:550px) {\n  #col-1395951982 > .col-inner {\n    margin: 0px 0px -51px 0px;\n  }\n}\n@media (min-width:850px) {\n  #col-1395951982 > .col-inner {\n    margin: 0px 0px -33px 0px;\n  }\n}\n<\/style>\n\t<\/div>\n\n\t\n\n<\/div>\n<div class=\"slider-wrapper relative shotgun-slider\" id=\"slider-181830\" >\n    <div class=\"slider slider-nav-simple slider-nav-large slider-nav-dark slider-nav-outside slider-style-normal slider-show-nav\"\n        data-flickity-options='{\n            \"cellAlign\": \"center\",\n            \"imagesLoaded\": true,\n            \"lazyLoad\": 1,\n            \"freeScroll\": false,\n            \"wrapAround\": true,\n            \"autoPlay\": 2100,\n            \"pauseAutoPlayOnHover\" : false,\n            \"prevNextButtons\": true,\n            \"contain\" : true,\n            \"adaptiveHeight\" : true,\n            \"dragThreshold\" : 10,\n            \"percentPosition\": true,\n            \"pageDots\": false,\n            \"rightToLeft\": false,\n            \"draggable\": true,\n            \"selectedAttraction\": 0.1,\n            \"parallax\" : 0,\n            \"friction\": 0.6        }'\n        >\n        \n\n\t<div class=\"img has-hover x md-x lg-x y md-y lg-y\" id=\"image_1516582214\">\n\t\t<a class=\"image-lightbox lightbox-gallery\" title=\"\" href=\"https:\/\/radikalarms.com\/wp-content\/uploads\/2025\/08\/NK-2-Radikal-Arms-3-1-scaled.webp\">\t\t\t\t\t\t<div class=\"img-inner image-cover dark\" style=\"padding-top:450px;\">\n\t\t\t<img decoding=\"async\" width=\"2560\" height=\"1708\" src=\"https:\/\/radikalarms.com\/wp-content\/uploads\/2025\/08\/NK-2-Radikal-Arms-3-1-scaled.webp\" class=\"attachment-original size-original\" alt=\"NK-2 - Radikal Arms\" srcset=\"https:\/\/radikalarms.com\/wp-content\/uploads\/2025\/08\/NK-2-Radikal-Arms-3-1-scaled.webp 2560w, https:\/\/radikalarms.com\/wp-content\/uploads\/2025\/08\/NK-2-Radikal-Arms-3-1-300x200.webp 300w, https:\/\/radikalarms.com\/wp-content\/uploads\/2025\/08\/NK-2-Radikal-Arms-3-1-1024x683.webp 1024w, https:\/\/radikalarms.com\/wp-content\/uploads\/2025\/08\/NK-2-Radikal-Arms-3-1-768x512.webp 768w, https:\/\/radikalarms.com\/wp-content\/uploads\/2025\/08\/NK-2-Radikal-Arms-3-1-1536x1025.webp 1536w, https:\/\/radikalarms.com\/wp-content\/uploads\/2025\/08\/NK-2-Radikal-Arms-3-1-2048x1366.webp 2048w\" sizes=\"(max-width: 2560px) 100vw, 2560px\" \/>\t\t\t\t\t\t\n\t\t\t\t\t<\/div>\n\t\t\t\t\t\t<\/a>\t\t\n<style>\n#image_1516582214 {\n  width: 100%;\n}\n<\/style>\n\t<\/div>\n\t\n\n\t<div class=\"img has-hover x md-x lg-x y md-y lg-y\" id=\"image_401676512\">\n\t\t<a class=\"image-lightbox lightbox-gallery\" title=\"\" href=\"https:\/\/radikalarms.com\/wp-content\/uploads\/2025\/08\/NK-2-Radikal-Arms-4-1-scaled.webp\">\t\t\t\t\t\t<div class=\"img-inner image-cover dark\" style=\"padding-top:450px;\">\n\t\t\t<img decoding=\"async\" width=\"2560\" height=\"1708\" src=\"https:\/\/radikalarms.com\/wp-content\/uploads\/2025\/08\/NK-2-Radikal-Arms-4-1-scaled.webp\" class=\"attachment-original size-original\" alt=\"NK-2 - Radikal Arms\" srcset=\"https:\/\/radikalarms.com\/wp-content\/uploads\/2025\/08\/NK-2-Radikal-Arms-4-1-scaled.webp 2560w, https:\/\/radikalarms.com\/wp-content\/uploads\/2025\/08\/NK-2-Radikal-Arms-4-1-300x200.webp 300w, https:\/\/radikalarms.com\/wp-content\/uploads\/2025\/08\/NK-2-Radikal-Arms-4-1-1024x683.webp 1024w, https:\/\/radikalarms.com\/wp-content\/uploads\/2025\/08\/NK-2-Radikal-Arms-4-1-768x512.webp 768w, https:\/\/radikalarms.com\/wp-content\/uploads\/2025\/08\/NK-2-Radikal-Arms-4-1-1536x1025.webp 1536w, https:\/\/radikalarms.com\/wp-content\/uploads\/2025\/08\/NK-2-Radikal-Arms-4-1-2048x1366.webp 2048w\" sizes=\"(max-width: 2560px) 100vw, 2560px\" \/>\t\t\t\t\t\t\n\t\t\t\t\t<\/div>\n\t\t\t\t\t\t<\/a>\t\t\n<style>\n#image_401676512 {\n  width: 100%;\n}\n@media (min-width:550px) {\n  #image_401676512 {\n    width: 100%;\n  }\n}\n<\/style>\n\t<\/div>\n\t\n\n\n     <\/div>\n\n     <div class=\"loading-spin dark large centered\"><\/div>\n\n\t<\/div>\n\n\n\t<div class=\"img has-hover x md-x lg-x y md-y lg-y\" id=\"image_549311971\">\n\t\t\t\t\t\t\t\t<div class=\"img-inner dark\" >\n\t\t\t<img decoding=\"async\" width=\"2560\" height=\"626\" src=\"https:\/\/radikalarms.com\/wp-content\/uploads\/2025\/08\/color-options-scaled.webp\" class=\"attachment-original size-original\" alt=\"\" srcset=\"https:\/\/radikalarms.com\/wp-content\/uploads\/2025\/08\/color-options-scaled.webp 2560w, https:\/\/radikalarms.com\/wp-content\/uploads\/2025\/08\/color-options-300x73.webp 300w, https:\/\/radikalarms.com\/wp-content\/uploads\/2025\/08\/color-options-1024x251.webp 1024w, https:\/\/radikalarms.com\/wp-content\/uploads\/2025\/08\/color-options-768x188.webp 768w, https:\/\/radikalarms.com\/wp-content\/uploads\/2025\/08\/color-options-1536x376.webp 1536w, https:\/\/radikalarms.com\/wp-content\/uploads\/2025\/08\/color-options-2048x501.webp 2048w\" sizes=\"(max-width: 2560px) 100vw, 2560px\" \/>\t\t\t\t\t\t\n\t\t\t\t\t<\/div>\n\t\t\t\t\t\t\t\t\n<style>\n#image_549311971 {\n  width: 100%;\n}\n@media (min-width:550px) {\n  #image_549311971 {\n    width: 100%;\n  }\n}\n<\/style>\n\t<\/div>\n\t\n\n\n\t\t<\/div>\n\t\t\t\t\n<style>\n#col-510667702 > .col-inner {\n  padding: 0px 0px 0px 0px;\n  margin: -50px 0px 0px 0px;\n}\n@media (min-width:550px) {\n  #col-510667702 > .col-inner {\n    padding: 0px 0px 0px 0px;\n    margin: -12px 0px 0px 0px;\n  }\n}\n@media (min-width:850px) {\n  #col-510667702 > .col-inner {\n    margin: 0px 0px 0px 0px;\n  }\n}\n<\/style>\n\t<\/div>\n\n\t\n\n\t<div id=\"col-736454600\" class=\"col medium-12 small-12 large-12\"  data-animate=\"fadeInDown\">\n\t\t\t\t<div class=\"col-inner\"  >\n\t\t\t\n\t\t\t\n\n\t<div id=\"text-1275013519\" class=\"text\">\n\t\t\n\n<h2><span data-text-color=\"primary\"><strong>Teknik \u00d6zellikler<\/strong><\/span><\/h2>\n<table class=\"custom-table\">\n<tbody>\n<tr>\n<td>Kalibre :<\/td>\n<td>12<\/td>\n<\/tr>\n<tr>\n<td>Sistem :<\/td>\n<td>Pompal\u0131<\/td>\n<\/tr>\n<tr>\n<td>\u015earj\u00f6r Kapasitesi :<\/td>\n<td>2-5-10 rnd Detachable Steel<\/td>\n<\/tr>\n<tr>\n<td>Namlu Uzunlu\u011fu :<\/td>\n<td>18,5&#8243; \/ 47 cm<\/td>\n<\/tr>\n<tr>\n<td>Toplam Uzunluk :<\/td>\n<td>28.5&#8243; \/ 73 cm<\/td>\n<\/tr>\n<tr>\n<td>A\u011f\u0131rl\u0131k :<\/td>\n<td>6.3 lbs \/ 3.8 kg<\/td>\n<\/tr>\n<tr>\n<td>Fi\u015fek Yata\u011f\u0131 :<\/td>\n<td>3&#8243; \/ 76 mm<\/td>\n<\/tr>\n<tr>\n<td>G\u00f6vde :<\/td>\n<td>Aluminyum<\/td>\n<\/tr>\n<tr>\n<td>Alt G\u00f6vde :<\/td>\n<td>Polimer<\/td>\n<\/tr>\n<tr>\n<td>\u015eoklar :<\/td>\n<td>F-M-C (Flush) Mobil Tip<\/td>\n<\/tr>\n<\/tbody>\n<\/table>\n<p style=\"text-align: left;\"> <\/p>\n\t\t\n<style>\n#text-1275013519 {\n  text-align: center;\n}\n<\/style>\n\t<\/div>\n\t\n\n\t\t<\/div>\n\t\t\t\t\t<\/div>\n\n\t\n\n<\/div>\n\n","protected":false},"excerpt":{"rendered":"","protected":false},"author":3,"featured_media":1554,"parent":2122,"menu_order":72,"comment_status":"closed","ping_status":"closed","template":"page-blank.php","meta":{"footnotes":""},"class_list":["post-2568","page","type-page","status-publish","has-post-thumbnail","hentry"],"_links":{"self":[{"href":"https:\/\/radikalarms.com\/tr\/wp-json\/wp\/v2\/pages\/2568","targetHints":{"allow":["GET"]}}],"collection":[{"href":"https:\/\/radikalarms.com\/tr\/wp-json\/wp\/v2\/pages"}],"about":[{"href":"https:\/\/radikalarms.com\/tr\/wp-json\/wp\/v2\/types\/page"}],"author":[{"embeddable":true,"href":"https:\/\/radikalarms.com\/tr\/wp-json\/wp\/v2\/users\/3"}],"replies":[{"embeddable":true,"href":"https:\/\/radikalarms.com\/tr\/wp-json\/wp\/v2\/comments?post=2568"}],"version-history":[{"count":0,"href":"https:\/\/radikalarms.com\/tr\/wp-json\/wp\/v2\/pages\/2568\/revisions"}],"up":[{"embeddable":true,"href":"https:\/\/radikalarms.com\/tr\/wp-json\/wp\/v2\/pages\/2122"}],"wp:featuredmedia":[{"embeddable":true,"href":"https:\/\/radikalarms.com\/tr\/wp-json\/wp\/v2\/media\/1554"}],"wp:attachment":[{"href":"https:\/\/radikalarms.com\/tr\/wp-json\/wp\/v2\/media?parent=2568"}],"curies":[{"name":"wp","href":"https:\/\/api.w.org\/{rel}","templated":true}]}}