{"id":2543,"date":"2025-08-02T09:59:44","date_gmt":"2025-08-02T06:59:44","guid":{"rendered":"https:\/\/radikal.splusweb.com.tr\/gazli-yari-otomatik-tufekler\/sa-3\/"},"modified":"2025-08-20T20:26:31","modified_gmt":"2025-08-20T17:26:31","slug":"sa-3","status":"publish","type":"page","link":"https:\/\/radikalarms.com\/tr\/gazli-yari-otomatik-tufekler\/sa-3\/","title":{"rendered":"SA-3"},"content":{"rendered":"\n\n\t<section class=\"section product-banner-background\" id=\"section_884903507\">\n\t\t<div class=\"section-bg fill\" >\n\t\t\t\t\t\t\t\t\t<div class=\"section-bg-overlay absolute fill\"><\/div>\n\t\t\t\n\n\t\t<\/div>\n\n\t\t\n\n\t\t<div class=\"section-content relative\">\n\t\t\t\n\n<div class=\"row row-collapse row-full-width\"  id=\"row-2055553522\">\n\n\n\t<div id=\"col-652747469\" class=\"col small-12 large-12\"  >\n\t\t\t\t<div class=\"col-inner text-center\"  >\n\t\t\t\n\t\t\t\n\n\n\n<h1 class=\"shortcode-page-title\">SA-3<\/h1>\n<nav aria-label=\"breadcrumbs\" class=\"rank-math-breadcrumb\"><p><\/p><\/nav>\n\n\t<div class=\"img has-hover product-page-banner product-page-animate x md-x lg-x y md-y lg-y\" id=\"image_933635722\">\n\t\t\t\t\t\t\t\t<div class=\"img-inner dark\" >\n\t\t\t<img decoding=\"async\" width=\"2560\" height=\"556\" src=\"https:\/\/radikalarms.com\/wp-content\/uploads\/2025\/08\/SA-3-Radikal-Arms-1-scaled.webp\" class=\"attachment-original size-original\" alt=\"SA-3 - Radikal Arms\" srcset=\"https:\/\/radikalarms.com\/wp-content\/uploads\/2025\/08\/SA-3-Radikal-Arms-1-scaled.webp 2560w, https:\/\/radikalarms.com\/wp-content\/uploads\/2025\/08\/SA-3-Radikal-Arms-1-300x65.webp 300w, https:\/\/radikalarms.com\/wp-content\/uploads\/2025\/08\/SA-3-Radikal-Arms-1-1024x223.webp 1024w, https:\/\/radikalarms.com\/wp-content\/uploads\/2025\/08\/SA-3-Radikal-Arms-1-768x167.webp 768w, https:\/\/radikalarms.com\/wp-content\/uploads\/2025\/08\/SA-3-Radikal-Arms-1-1536x334.webp 1536w, https:\/\/radikalarms.com\/wp-content\/uploads\/2025\/08\/SA-3-Radikal-Arms-1-2048x445.webp 2048w\" sizes=\"(max-width: 2560px) 100vw, 2560px\" \/>\t\t\t\t\t\t\n\t\t\t\t\t<\/div>\n\t\t\t\t\t\t\t\t\n<style>\n#image_933635722 {\n  width: 100%;\n}\n<\/style>\n\t<\/div>\n\t\n\n\n\t\t<\/div>\n\t\t\t\t\n<style>\n#col-652747469 > .col-inner {\n  padding: 0px 0px 62px 0px;\n  margin: 0px 0px 27px 0px;\n}\n<\/style>\n\t<\/div>\n\n\t\n\n\n<style>\n#row-2055553522 > .col > .col-inner {\n  padding: 25px 0px 60px 0px;\n}\n@media (min-width:550px) {\n  #row-2055553522 > .col > .col-inner {\n    padding: 25px 0px 30px 0px;\n  }\n}\n@media (min-width:850px) {\n  #row-2055553522 > .col > .col-inner {\n    padding: 50px 0px 30px 0px;\n  }\n}\n<\/style>\n<\/div>\n\n\t\t<\/div>\n\n\t\t\n<style>\n#section_884903507 {\n  padding-top: 0px;\n  padding-bottom: 0px;\n  margin-bottom: -29px;\n  min-height: 270px;\n}\n#section_884903507 .section-bg-overlay {\n  background-color: rgba(255, 255, 255, 0.826);\n}\n@media (min-width:550px) {\n  #section_884903507 {\n    padding-top: 20px;\n    padding-bottom: 20px;\n  }\n}\n@media (min-width:850px) {\n  #section_884903507 {\n    padding-top: 0px;\n    padding-bottom: 0px;\n    min-height: 400px;\n  }\n}\n<\/style>\n\t<\/section>\n\t\n<div class=\"row align-center\" style=\"max-width:1400px\" id=\"row-97572692\">\n\n\n\t<div id=\"col-594412405\" class=\"col medium-12 small-12 large-12\"  data-animate=\"bounceInRight\">\n\t\t\t\t<div class=\"col-inner\"  >\n\t\t\t\n\t\t\t\n\n\t<div id=\"text-2672946084\" class=\"text\">\n\t\t\n\n<h2><span data-text-color=\"primary\"><strong>SA-3 \u00d6zellikleri<\/strong><\/span><\/h2>\n<p>Radikal SA Serisi, \u00e7ok y\u00f6nl\u00fcl\u00fck, g\u00fcvenilirlik ve performans odakl\u0131 tasarlanm\u0131\u015f, gazl\u0131 sistemle \u00e7al\u0131\u015fan sportif bir yar\u0131 otomatik t\u00fcfek serisidir. Farkl\u0131 at\u0131c\u0131 ihtiya\u00e7lar\u0131n\u0131 kar\u015f\u0131lamak \u00fczere geli\u015ftirilen bu seri; dayan\u0131kl\u0131l\u0131k i\u00e7in polimer kundakl\u0131, klasik bir dokunu\u015f i\u00e7in T\u00fcrk cevizi a\u011fa\u00e7 kundakl\u0131 ve daha zorlu kullan\u0131mlar i\u00e7in taktik versiyon olmak \u00fczere \u00e7e\u015fitli konfig\u00fcrasyonlar sunar.<br>Gazl\u0131 sistem, at\u0131\u015f esnas\u0131nda daha yumu\u015fak \u00e7evrim ve azalt\u0131lm\u0131\u015f geri tepme sa\u011flayarak SA Serisi\u2019ni hem trap at\u0131\u015f\u0131, hem avc\u0131l\u0131k, hem de m\u00fcsabaka gibi farkl\u0131 kullan\u0131m alanlar\u0131 i\u00e7in ideal hale getirir. \u0130ster geleneksel bir g\u00f6r\u00fcn\u00fcm, ister modern bir tasar\u0131m tercih edin, Radikal SA Serisi her at\u0131\u015fta \u00fcst\u00fcn performans ve g\u00fcvenilirlik sunar.   <\/p>\n\t\t\n<style>\n#text-2672946084 {\n  text-align: center;\n}\n<\/style>\n\t<\/div>\n\t\n\n\t\t<\/div>\n\t\t\t\t\n<style>\n#col-594412405 > .col-inner {\n  padding: 0px 0px 0px 0px;\n}\n<\/style>\n\t<\/div>\n\n\t\n\n\t<div id=\"col-1566719756\" class=\"col medium-12 small-12 large-12 medium-col-first\"  data-animate=\"bounceInLeft\">\n\t\t\t\t<div class=\"col-inner text-center\"  >\n\t\t\t\n\t\t\t\n\n<div class=\"row\" style=\"max-width:1400px\" id=\"row-1844221514\">\n\n\n\t<div id=\"col-1421374814\" class=\"col small-12 large-12\"  >\n\t\t\t\t<div class=\"col-inner\"  >\n\t\t\t\n\t\t\t\n\n\t<div id=\"text-2716835795\" class=\"text\">\n\t\t\n\n<h2><span data-text-color=\"primary\"><strong>Renk Se\u00e7enekleri<\/strong><\/span><\/h2>\n\t\t\n<style>\n#text-2716835795 {\n  text-align: center;\n}\n<\/style>\n\t<\/div>\n\t\n\n\t\t<\/div>\n\t\t\t\t\n<style>\n#col-1421374814 > .col-inner {\n  margin: 0px 0px -67px 0px;\n}\n@media (min-width:550px) {\n  #col-1421374814 > .col-inner {\n    margin: 0px 0px -51px 0px;\n  }\n}\n@media (min-width:850px) {\n  #col-1421374814 > .col-inner {\n    margin: 0px 0px -33px 0px;\n  }\n}\n<\/style>\n\t<\/div>\n\n\t\n\n<\/div>\n<div class=\"slider-wrapper relative shotgun-slider\" id=\"slider-941925558\" >\n    <div class=\"slider slider-nav-simple slider-nav-large slider-nav-dark slider-nav-outside slider-style-normal slider-show-nav\"\n        data-flickity-options='{\n            \"cellAlign\": \"center\",\n            \"imagesLoaded\": true,\n            \"lazyLoad\": 1,\n            \"freeScroll\": false,\n            \"wrapAround\": true,\n            \"autoPlay\": 2100,\n            \"pauseAutoPlayOnHover\" : false,\n            \"prevNextButtons\": true,\n            \"contain\" : true,\n            \"adaptiveHeight\" : true,\n            \"dragThreshold\" : 10,\n            \"percentPosition\": true,\n            \"pageDots\": false,\n            \"rightToLeft\": false,\n            \"draggable\": true,\n            \"selectedAttraction\": 0.1,\n            \"parallax\" : 0,\n            \"friction\": 0.6        }'\n        >\n        \n\n\t<div class=\"img has-hover x md-x lg-x y md-y lg-y\" id=\"image_1283673293\">\n\t\t<a class=\"image-lightbox lightbox-gallery\" title=\"\" href=\"https:\/\/radikalarms.com\/wp-content\/uploads\/2025\/08\/Radikal-Arms-SA-3-scaled.webp\">\t\t\t\t\t\t<div class=\"img-inner image-cover dark\" style=\"padding-top:300px;\">\n\t\t\t<img decoding=\"async\" width=\"2560\" height=\"1707\" src=\"https:\/\/radikalarms.com\/wp-content\/uploads\/2025\/08\/Radikal-Arms-SA-3-scaled.webp\" class=\"attachment-original size-original\" alt=\"SA-3 - Radikal Arms\" srcset=\"https:\/\/radikalarms.com\/wp-content\/uploads\/2025\/08\/Radikal-Arms-SA-3-scaled.webp 2560w, https:\/\/radikalarms.com\/wp-content\/uploads\/2025\/08\/Radikal-Arms-SA-3-300x200.webp 300w, https:\/\/radikalarms.com\/wp-content\/uploads\/2025\/08\/Radikal-Arms-SA-3-1024x683.webp 1024w, https:\/\/radikalarms.com\/wp-content\/uploads\/2025\/08\/Radikal-Arms-SA-3-768x512.webp 768w, https:\/\/radikalarms.com\/wp-content\/uploads\/2025\/08\/Radikal-Arms-SA-3-1536x1024.webp 1536w, https:\/\/radikalarms.com\/wp-content\/uploads\/2025\/08\/Radikal-Arms-SA-3-2048x1365.webp 2048w\" sizes=\"(max-width: 2560px) 100vw, 2560px\" \/>\t\t\t\t\t\t\n\t\t\t\t\t<\/div>\n\t\t\t\t\t\t<\/a>\t\t\n<style>\n#image_1283673293 {\n  width: 100%;\n}\n<\/style>\n\t<\/div>\n\t\n\n\n     <\/div>\n\n     <div class=\"loading-spin dark large centered\"><\/div>\n\n\t<\/div>\n\n\n\t<div class=\"img has-hover x md-x lg-x y md-y lg-y\" id=\"image_2137700466\">\n\t\t\t\t\t\t\t\t<div class=\"img-inner dark\" >\n\t\t\t<img decoding=\"async\" width=\"2560\" height=\"626\" src=\"https:\/\/radikalarms.com\/wp-content\/uploads\/2025\/08\/color-options-scaled.webp\" class=\"attachment-original size-original\" alt=\"\" srcset=\"https:\/\/radikalarms.com\/wp-content\/uploads\/2025\/08\/color-options-scaled.webp 2560w, https:\/\/radikalarms.com\/wp-content\/uploads\/2025\/08\/color-options-300x73.webp 300w, https:\/\/radikalarms.com\/wp-content\/uploads\/2025\/08\/color-options-1024x251.webp 1024w, https:\/\/radikalarms.com\/wp-content\/uploads\/2025\/08\/color-options-768x188.webp 768w, https:\/\/radikalarms.com\/wp-content\/uploads\/2025\/08\/color-options-1536x376.webp 1536w, https:\/\/radikalarms.com\/wp-content\/uploads\/2025\/08\/color-options-2048x501.webp 2048w\" sizes=\"(max-width: 2560px) 100vw, 2560px\" \/>\t\t\t\t\t\t\n\t\t\t\t\t<\/div>\n\t\t\t\t\t\t\t\t\n<style>\n#image_2137700466 {\n  width: 100%;\n}\n@media (min-width:550px) {\n  #image_2137700466 {\n    width: 100%;\n  }\n}\n<\/style>\n\t<\/div>\n\t\n\n\n\t\t<\/div>\n\t\t\t\t\n<style>\n#col-1566719756 > .col-inner {\n  padding: 0px 0px 0px 0px;\n  margin: -50px 0px 0px 0px;\n}\n@media (min-width:550px) {\n  #col-1566719756 > .col-inner {\n    padding: 0px 0px 0px 0px;\n    margin: -12px 0px 0px 0px;\n  }\n}\n@media (min-width:850px) {\n  #col-1566719756 > .col-inner {\n    margin: 0px 0px 0px 0px;\n  }\n}\n<\/style>\n\t<\/div>\n\n\t\n\n\t<div id=\"col-1482519509\" class=\"col medium-12 small-12 large-12\"  data-animate=\"fadeInDown\">\n\t\t\t\t<div class=\"col-inner\"  >\n\t\t\t\n\t\t\t\n\n\t<div id=\"text-168906119\" class=\"text\">\n\t\t\n\n<h2><span data-text-color=\"primary\"><strong>Teknik \u00d6zellikler<\/strong><\/span><\/h2>\n<table class=\"custom-table\">\n<tbody>\n<tr>\n<td>Kalibre :<\/td>\n<td>12<\/td>\n<\/tr>\n<tr>\n<td>Sistem :<\/td>\n<td>Gaz Destekli Yar\u0131 Otomatik<\/td>\n<\/tr>\n<tr>\n<td>\u015earj\u00f6r Kapasitesi :<\/td>\n<td>4+1<\/td>\n<\/tr>\n<tr>\n<td>Namlu Uzunlu\u011fu :<\/td>\n<td>28&#8243; \/ 71 cm<\/td>\n<\/tr>\n<tr>\n<td>Toplam Uzunluk :<\/td>\n<td>49.5&#8243; \/ 126 cm<\/td>\n<\/tr>\n<tr>\n<td>A\u011f\u0131rl\u0131k :<\/td>\n<td>6.8 lbs \/ 3.1 kg<\/td>\n<\/tr>\n<tr>\n<td>Fi\u015fek Yata\u011f\u0131 :<\/td>\n<td>3&#8243; \/ 76 mm<\/td>\n<\/tr>\n<tr>\n<td>G\u00f6vde :<\/td>\n<td>Aluminyum<\/td>\n<\/tr>\n<tr>\n<td>\u015eoklar :<\/td>\n<td>F-M-C (Flush) Mobil Tip<\/td>\n<\/tr>\n<\/tbody>\n<\/table>\n<p style=\"text-align: left;\">*Di\u011fer Namlu Se\u00e7enekleri: 13&#8243; &#8211; 18,5&#8243; &#8211; 20&#8243; &#8211; 22&#8243; &#8211; 24&#8243; &#8211; 26&#8243; &#8211; 30&#8243; &#8211; 32&#8243;<br>** Toplam uzunluk, namlu uzunlu\u011funa ba\u011fl\u0131 olarak de\u011fi\u015fiklik g\u00f6sterebilir.<\/p>\n\t\t\n<style>\n#text-168906119 {\n  text-align: center;\n}\n<\/style>\n\t<\/div>\n\t\n\n\t\t<\/div>\n\t\t\t\t\t<\/div>\n\n\t\n\n<\/div>\n\n","protected":false},"excerpt":{"rendered":"","protected":false},"author":3,"featured_media":1517,"parent":2099,"menu_order":51,"comment_status":"closed","ping_status":"closed","template":"page-blank.php","meta":{"footnotes":""},"class_list":["post-2543","page","type-page","status-publish","has-post-thumbnail","hentry"],"_links":{"self":[{"href":"https:\/\/radikalarms.com\/tr\/wp-json\/wp\/v2\/pages\/2543","targetHints":{"allow":["GET"]}}],"collection":[{"href":"https:\/\/radikalarms.com\/tr\/wp-json\/wp\/v2\/pages"}],"about":[{"href":"https:\/\/radikalarms.com\/tr\/wp-json\/wp\/v2\/types\/page"}],"author":[{"embeddable":true,"href":"https:\/\/radikalarms.com\/tr\/wp-json\/wp\/v2\/users\/3"}],"replies":[{"embeddable":true,"href":"https:\/\/radikalarms.com\/tr\/wp-json\/wp\/v2\/comments?post=2543"}],"version-history":[{"count":0,"href":"https:\/\/radikalarms.com\/tr\/wp-json\/wp\/v2\/pages\/2543\/revisions"}],"up":[{"embeddable":true,"href":"https:\/\/radikalarms.com\/tr\/wp-json\/wp\/v2\/pages\/2099"}],"wp:featuredmedia":[{"embeddable":true,"href":"https:\/\/radikalarms.com\/tr\/wp-json\/wp\/v2\/media\/1517"}],"wp:attachment":[{"href":"https:\/\/radikalarms.com\/tr\/wp-json\/wp\/v2\/media?parent=2543"}],"curies":[{"name":"wp","href":"https:\/\/api.w.org\/{rel}","templated":true}]}}