{"id":2534,"date":"2025-08-02T09:56:55","date_gmt":"2025-08-02T06:56:55","guid":{"rendered":"https:\/\/radikal.splusweb.com.tr\/gaz-destekli-kinetik-yari-otomatik-tufekler\/sax-2-t-turkish-walnut\/"},"modified":"2025-08-20T19:11:44","modified_gmt":"2025-08-20T16:11:44","slug":"sax-2-t-turkish-walnut","status":"publish","type":"page","link":"https:\/\/radikalarms.com\/tr\/gaz-destekli-kinetik-yari-otomatik-tufekler\/sax-2-t-turkish-walnut\/","title":{"rendered":"SAX 2-T Turkish Walnut"},"content":{"rendered":"\n\n\t<section class=\"section product-banner-background\" id=\"section_1896157350\">\n\t\t<div class=\"section-bg fill\" >\n\t\t\t\t\t\t\t\t\t<div class=\"section-bg-overlay absolute fill\"><\/div>\n\t\t\t\n\n\t\t<\/div>\n\n\t\t\n\n\t\t<div class=\"section-content relative\">\n\t\t\t\n\n<div class=\"row row-collapse row-full-width\"  id=\"row-853356389\">\n\n\n\t<div id=\"col-524739367\" class=\"col small-12 large-12\"  >\n\t\t\t\t<div class=\"col-inner text-center\"  >\n\t\t\t\n\t\t\t\n\n\n\n<h1 class=\"shortcode-page-title\">SAX 2-T Turkish Walnut<\/h1>\n<nav aria-label=\"breadcrumbs\" class=\"rank-math-breadcrumb\"><p><\/p><\/nav>\n\n\t<div class=\"img has-hover product-page-banner product-page-animate x md-x lg-x y md-y lg-y\" id=\"image_1710979207\">\n\t\t\t\t\t\t\t\t<div class=\"img-inner dark\" >\n\t\t\t<img decoding=\"async\" width=\"2560\" height=\"556\" src=\"https:\/\/radikalarms.com\/wp-content\/uploads\/2025\/08\/SAX-2-T-Turkish-Walnut-Radikal-Arms-1-scaled.webp\" class=\"attachment-original size-original\" alt=\"SAX 2-T Turkish Walnut - Radikal Arms\" srcset=\"https:\/\/radikalarms.com\/wp-content\/uploads\/2025\/08\/SAX-2-T-Turkish-Walnut-Radikal-Arms-1-scaled.webp 2560w, https:\/\/radikalarms.com\/wp-content\/uploads\/2025\/08\/SAX-2-T-Turkish-Walnut-Radikal-Arms-1-300x65.webp 300w, https:\/\/radikalarms.com\/wp-content\/uploads\/2025\/08\/SAX-2-T-Turkish-Walnut-Radikal-Arms-1-1024x223.webp 1024w, https:\/\/radikalarms.com\/wp-content\/uploads\/2025\/08\/SAX-2-T-Turkish-Walnut-Radikal-Arms-1-768x167.webp 768w, https:\/\/radikalarms.com\/wp-content\/uploads\/2025\/08\/SAX-2-T-Turkish-Walnut-Radikal-Arms-1-1536x334.webp 1536w, https:\/\/radikalarms.com\/wp-content\/uploads\/2025\/08\/SAX-2-T-Turkish-Walnut-Radikal-Arms-1-2048x445.webp 2048w\" sizes=\"(max-width: 2560px) 100vw, 2560px\" \/>\t\t\t\t\t\t\n\t\t\t\t\t<\/div>\n\t\t\t\t\t\t\t\t\n<style>\n#image_1710979207 {\n  width: 100%;\n}\n<\/style>\n\t<\/div>\n\t\n\n\n\t\t<\/div>\n\t\t\t\t\n<style>\n#col-524739367 > .col-inner {\n  padding: 0px 0px 62px 0px;\n  margin: 0px 0px 27px 0px;\n}\n<\/style>\n\t<\/div>\n\n\t\n\n\n<style>\n#row-853356389 > .col > .col-inner {\n  padding: 25px 0px 60px 0px;\n}\n@media (min-width:550px) {\n  #row-853356389 > .col > .col-inner {\n    padding: 25px 0px 30px 0px;\n  }\n}\n@media (min-width:850px) {\n  #row-853356389 > .col > .col-inner {\n    padding: 50px 0px 30px 0px;\n  }\n}\n<\/style>\n<\/div>\n\n\t\t<\/div>\n\n\t\t\n<style>\n#section_1896157350 {\n  padding-top: 0px;\n  padding-bottom: 0px;\n  margin-bottom: -29px;\n  min-height: 270px;\n}\n#section_1896157350 .section-bg-overlay {\n  background-color: rgba(255, 255, 255, 0.826);\n}\n@media (min-width:550px) {\n  #section_1896157350 {\n    padding-top: 20px;\n    padding-bottom: 20px;\n  }\n}\n@media (min-width:850px) {\n  #section_1896157350 {\n    padding-top: 0px;\n    padding-bottom: 0px;\n    min-height: 400px;\n  }\n}\n<\/style>\n\t<\/section>\n\t\n<div class=\"row align-center\" style=\"max-width:1400px\" id=\"row-341772927\">\n\n\n\t<div id=\"col-139518025\" class=\"col medium-12 small-12 large-12\"  data-animate=\"bounceInRight\">\n\t\t\t\t<div class=\"col-inner\"  >\n\t\t\t\n\t\t\t\n\n\t<div id=\"text-2638352767\" class=\"text\">\n\t\t\n\n<h2><span data-text-color=\"primary\"><strong>SAX 2-T Turkish Walnut \u00d6zellikleri<\/strong><\/span><\/h2>\n<div>SAX 2-T \u2013 HIZ VE G\u00dcVEN\u0130L\u0130RL\u0130K \u0130\u00c7\u0130N TASARLANMI\u015e TAKT\u0130K T\u00dcFEK<\/div>\n<div>SAX 2-T, y\u00fcksek tempolu ve kritik g\u00f6revler i\u00e7in h\u0131z, g\u00fcvenilirlik ve \u00e7ok y\u00f6nl\u00fcl\u00fck sunan yeni nesil bir taktik t\u00fcfektir. Geli\u015fmi\u015f gaz destekli inertia (Kinetik) sistemi sayesinde d\u00fc\u015f\u00fck gramajl\u0131 veya kalitesiz m\u00fchimmat kullan\u0131m\u0131nda dahi \u00e7evrim problemleri ya\u015fanmadan seri at\u0131\u015f imk\u00e2n\u0131 sa\u011flar. <\/div>\n<div> <\/div>\n<div>Sava\u015f ve taktik operasyonlar i\u00e7in \u00f6zel olarak tasarlanan SAX 2-T, g\u00f6rev ve kullan\u0131c\u0131 tercihlerine uygun geni\u015f \u00f6zelle\u015ftirme se\u00e7enekleri sunar. Askeri tarz, sabit taktik, teleskopik veya T\u00fcrk cevizinden \u00fcretilmi\u015f kundak se\u00e7enekleriyle birlikte polimer, al\u00fcminyum veya T\u00fcrk cevizinden el kunda\u011f\u0131 alternatifleri mevcuttur. <\/div>\n<div> <\/div>\n<div>Dayan\u0131kl\u0131l\u0131k ve \u00fcst\u00fcn performans\u0131 bir arada sunan SAX 2-T, profesyoneller, kolluk kuvvetleri ve g\u00fcvenilir bir sava\u015f t\u00fcfe\u011fi arayan herkes i\u00e7in ideal bir tercihtir.<\/div>\n\t\t\n<style>\n#text-2638352767 {\n  text-align: center;\n}\n<\/style>\n\t<\/div>\n\t\n\n\t\t<\/div>\n\t\t\t\t\n<style>\n#col-139518025 > .col-inner {\n  padding: 0px 0px 0px 0px;\n}\n<\/style>\n\t<\/div>\n\n\t\n\n\t<div id=\"col-731876548\" class=\"col medium-12 small-12 large-12 medium-col-first\"  data-animate=\"bounceInLeft\">\n\t\t\t\t<div class=\"col-inner text-center\"  >\n\t\t\t\n\t\t\t\n\n<div class=\"row\" style=\"max-width:1400px\" id=\"row-1822340365\">\n\n\n\t<div id=\"col-1958839611\" class=\"col small-12 large-12\"  >\n\t\t\t\t<div class=\"col-inner\"  >\n\t\t\t\n\t\t\t\n\n\t<div id=\"text-4287271523\" class=\"text\">\n\t\t\n\n<h2><span data-text-color=\"primary\"><strong>Renk Se\u00e7enekleri<\/strong><\/span><\/h2>\n\t\t\n<style>\n#text-4287271523 {\n  text-align: center;\n}\n<\/style>\n\t<\/div>\n\t\n\n\t\t<\/div>\n\t\t\t\t\n<style>\n#col-1958839611 > .col-inner {\n  margin: 0px 0px -67px 0px;\n}\n@media (min-width:550px) {\n  #col-1958839611 > .col-inner {\n    margin: 0px 0px -51px 0px;\n  }\n}\n@media (min-width:850px) {\n  #col-1958839611 > .col-inner {\n    margin: 0px 0px -33px 0px;\n  }\n}\n<\/style>\n\t<\/div>\n\n\t\n\n<\/div>\n<div class=\"slider-wrapper relative shotgun-slider\" id=\"slider-2077510089\" >\n    <div class=\"slider slider-nav-simple slider-nav-large slider-nav-dark slider-nav-outside slider-style-normal slider-show-nav\"\n        data-flickity-options='{\n            \"cellAlign\": \"center\",\n            \"imagesLoaded\": true,\n            \"lazyLoad\": 1,\n            \"freeScroll\": false,\n            \"wrapAround\": true,\n            \"autoPlay\": 2100,\n            \"pauseAutoPlayOnHover\" : false,\n            \"prevNextButtons\": true,\n            \"contain\" : true,\n            \"adaptiveHeight\" : true,\n            \"dragThreshold\" : 10,\n            \"percentPosition\": true,\n            \"pageDots\": false,\n            \"rightToLeft\": false,\n            \"draggable\": true,\n            \"selectedAttraction\": 0.1,\n            \"parallax\" : 0,\n            \"friction\": 0.6        }'\n        >\n        \n\n\t<div class=\"img has-hover x md-x lg-x y md-y lg-y\" id=\"image_1262273723\">\n\t\t<a class=\"image-lightbox lightbox-gallery\" title=\"\" href=\"https:\/\/radikalarms.com\/wp-content\/uploads\/2025\/08\/SAX-2-T-Turkish-Walnut-Radikal-Arms-2-scaled.webp\">\t\t\t\t\t\t<div class=\"img-inner image-cover dark\" style=\"padding-top:300px;\">\n\t\t\t<img decoding=\"async\" width=\"2560\" height=\"1439\" src=\"https:\/\/radikalarms.com\/wp-content\/uploads\/2025\/08\/SAX-2-T-Turkish-Walnut-Radikal-Arms-2-scaled.webp\" class=\"attachment-original size-original\" alt=\"SAX 2-T Turkish Walnut - Radikal Arms\" srcset=\"https:\/\/radikalarms.com\/wp-content\/uploads\/2025\/08\/SAX-2-T-Turkish-Walnut-Radikal-Arms-2-scaled.webp 2560w, https:\/\/radikalarms.com\/wp-content\/uploads\/2025\/08\/SAX-2-T-Turkish-Walnut-Radikal-Arms-2-300x169.webp 300w, https:\/\/radikalarms.com\/wp-content\/uploads\/2025\/08\/SAX-2-T-Turkish-Walnut-Radikal-Arms-2-1024x576.webp 1024w, https:\/\/radikalarms.com\/wp-content\/uploads\/2025\/08\/SAX-2-T-Turkish-Walnut-Radikal-Arms-2-768x432.webp 768w, https:\/\/radikalarms.com\/wp-content\/uploads\/2025\/08\/SAX-2-T-Turkish-Walnut-Radikal-Arms-2-1536x863.webp 1536w, https:\/\/radikalarms.com\/wp-content\/uploads\/2025\/08\/SAX-2-T-Turkish-Walnut-Radikal-Arms-2-2048x1151.webp 2048w\" sizes=\"(max-width: 2560px) 100vw, 2560px\" \/>\t\t\t\t\t\t\n\t\t\t\t\t<\/div>\n\t\t\t\t\t\t<\/a>\t\t\n<style>\n#image_1262273723 {\n  width: 100%;\n}\n<\/style>\n\t<\/div>\n\t\n\n\t<div class=\"img has-hover x md-x lg-x y md-y lg-y\" id=\"image_1229401519\">\n\t\t<a class=\"image-lightbox lightbox-gallery\" title=\"\" href=\"https:\/\/radikalarms.com\/wp-content\/uploads\/2025\/08\/SAX-2-T-Turkish-Walnut-Radikal-Arms-3-scaled.webp\">\t\t\t\t\t\t<div class=\"img-inner image-cover dark\" style=\"padding-top:300px;\">\n\t\t\t<img decoding=\"async\" width=\"2560\" height=\"1439\" src=\"https:\/\/radikalarms.com\/wp-content\/uploads\/2025\/08\/SAX-2-T-Turkish-Walnut-Radikal-Arms-3-scaled.webp\" class=\"attachment-original size-original\" alt=\"SAX 2-T Turkish Walnut - Radikal Arms\" srcset=\"https:\/\/radikalarms.com\/wp-content\/uploads\/2025\/08\/SAX-2-T-Turkish-Walnut-Radikal-Arms-3-scaled.webp 2560w, https:\/\/radikalarms.com\/wp-content\/uploads\/2025\/08\/SAX-2-T-Turkish-Walnut-Radikal-Arms-3-300x169.webp 300w, https:\/\/radikalarms.com\/wp-content\/uploads\/2025\/08\/SAX-2-T-Turkish-Walnut-Radikal-Arms-3-1024x576.webp 1024w, https:\/\/radikalarms.com\/wp-content\/uploads\/2025\/08\/SAX-2-T-Turkish-Walnut-Radikal-Arms-3-768x432.webp 768w, https:\/\/radikalarms.com\/wp-content\/uploads\/2025\/08\/SAX-2-T-Turkish-Walnut-Radikal-Arms-3-1536x863.webp 1536w, https:\/\/radikalarms.com\/wp-content\/uploads\/2025\/08\/SAX-2-T-Turkish-Walnut-Radikal-Arms-3-2048x1151.webp 2048w\" sizes=\"(max-width: 2560px) 100vw, 2560px\" \/>\t\t\t\t\t\t\n\t\t\t\t\t<\/div>\n\t\t\t\t\t\t<\/a>\t\t\n<style>\n#image_1229401519 {\n  width: 100%;\n}\n@media (min-width:550px) {\n  #image_1229401519 {\n    width: 100%;\n  }\n}\n<\/style>\n\t<\/div>\n\t\n\n\n     <\/div>\n\n     <div class=\"loading-spin dark large centered\"><\/div>\n\n\t<\/div>\n\n\n\t<div class=\"img has-hover x md-x lg-x y md-y lg-y\" id=\"image_1659277055\">\n\t\t\t\t\t\t\t\t<div class=\"img-inner dark\" >\n\t\t\t<img decoding=\"async\" width=\"2560\" height=\"626\" src=\"https:\/\/radikalarms.com\/wp-content\/uploads\/2025\/08\/color-options-scaled.webp\" class=\"attachment-original size-original\" alt=\"\" srcset=\"https:\/\/radikalarms.com\/wp-content\/uploads\/2025\/08\/color-options-scaled.webp 2560w, https:\/\/radikalarms.com\/wp-content\/uploads\/2025\/08\/color-options-300x73.webp 300w, https:\/\/radikalarms.com\/wp-content\/uploads\/2025\/08\/color-options-1024x251.webp 1024w, https:\/\/radikalarms.com\/wp-content\/uploads\/2025\/08\/color-options-768x188.webp 768w, https:\/\/radikalarms.com\/wp-content\/uploads\/2025\/08\/color-options-1536x376.webp 1536w, https:\/\/radikalarms.com\/wp-content\/uploads\/2025\/08\/color-options-2048x501.webp 2048w\" sizes=\"(max-width: 2560px) 100vw, 2560px\" \/>\t\t\t\t\t\t\n\t\t\t\t\t<\/div>\n\t\t\t\t\t\t\t\t\n<style>\n#image_1659277055 {\n  width: 100%;\n}\n@media (min-width:550px) {\n  #image_1659277055 {\n    width: 100%;\n  }\n}\n<\/style>\n\t<\/div>\n\t\n\n\n\t\t<\/div>\n\t\t\t\t\n<style>\n#col-731876548 > .col-inner {\n  padding: 0px 0px 0px 0px;\n  margin: -50px 0px 0px 0px;\n}\n@media (min-width:550px) {\n  #col-731876548 > .col-inner {\n    padding: 0px 0px 0px 0px;\n    margin: -12px 0px 0px 0px;\n  }\n}\n@media (min-width:850px) {\n  #col-731876548 > .col-inner {\n    margin: 0px 0px 0px 0px;\n  }\n}\n<\/style>\n\t<\/div>\n\n\t\n\n\t<div id=\"col-2142678926\" class=\"col medium-12 small-12 large-12\"  data-animate=\"fadeInDown\">\n\t\t\t\t<div class=\"col-inner\"  >\n\t\t\t\n\t\t\t\n\n\t<div id=\"text-1450670612\" class=\"text\">\n\t\t\n\n<h2><span data-text-color=\"primary\"><strong>Teknik \u00d6zellikler<\/strong><\/span><\/h2>\n<table class=\"custom-table\">\n<tbody>\n<tr>\n<td>Kalibre :<\/td>\n<td>12<\/td>\n<\/tr>\n<tr>\n<td>Sistem :<\/td>\n<td>Gaz Destekli Kinetik Yar\u0131 Otomatik<\/td>\n<\/tr>\n<tr>\n<td>\u015earj\u00f6r Kapasitesi :<\/td>\n<td>5+1<\/td>\n<\/tr>\n<tr>\n<td>Namlu Uzunlu\u011fu :<\/td>\n<td>18,5&#8243; \/ 47 cm<\/td>\n<\/tr>\n<tr>\n<td>Toplam Uzunluk :<\/td>\n<td>40&#8243; \/ 101,5 cm<\/td>\n<\/tr>\n<tr>\n<td>A\u011f\u0131rl\u0131k :<\/td>\n<td>7.8 lbs \/ 3.5 kg<\/td>\n<\/tr>\n<tr>\n<td>Fi\u015fek Yata\u011f\u0131 :<\/td>\n<td>3&#8243; \/ 76 mm<\/td>\n<\/tr>\n<tr>\n<td>G\u00f6vde :<\/td>\n<td>Picatinny rayl\u0131 al\u00fcminyum g\u00f6vde<\/td>\n<\/tr>\n<tr>\n<td>\u015eoklar :<\/td>\n<td>F-M-C (Flush) Mobil Tip<\/td>\n<\/tr>\n<\/tbody>\n<\/table>\n<p style=\"text-align: left;\">*Di\u011fer Namlu Se\u00e7enekleri: 13&#8243; &#8211; 18,5&#8243; &#8211; 20&#8243; &#8211; 22&#8243; &#8211; 24&#8243; &#8211; 26&#8243; &#8211; 30&#8243; &#8211; 32&#8243;<br>** Toplam uzunluk, namlu uzunlu\u011funa ba\u011fl\u0131 olarak de\u011fi\u015fiklik g\u00f6sterebilir.<\/p>\n\t\t\n<style>\n#text-1450670612 {\n  text-align: center;\n}\n<\/style>\n\t<\/div>\n\t\n\n\t\t<\/div>\n\t\t\t\t\t<\/div>\n\n\t\n\n<\/div>\n\n","protected":false},"excerpt":{"rendered":"","protected":false},"author":3,"featured_media":1507,"parent":2113,"menu_order":44,"comment_status":"closed","ping_status":"closed","template":"page-blank.php","meta":{"footnotes":""},"class_list":["post-2534","page","type-page","status-publish","has-post-thumbnail","hentry"],"_links":{"self":[{"href":"https:\/\/radikalarms.com\/tr\/wp-json\/wp\/v2\/pages\/2534","targetHints":{"allow":["GET"]}}],"collection":[{"href":"https:\/\/radikalarms.com\/tr\/wp-json\/wp\/v2\/pages"}],"about":[{"href":"https:\/\/radikalarms.com\/tr\/wp-json\/wp\/v2\/types\/page"}],"author":[{"embeddable":true,"href":"https:\/\/radikalarms.com\/tr\/wp-json\/wp\/v2\/users\/3"}],"replies":[{"embeddable":true,"href":"https:\/\/radikalarms.com\/tr\/wp-json\/wp\/v2\/comments?post=2534"}],"version-history":[{"count":0,"href":"https:\/\/radikalarms.com\/tr\/wp-json\/wp\/v2\/pages\/2534\/revisions"}],"up":[{"embeddable":true,"href":"https:\/\/radikalarms.com\/tr\/wp-json\/wp\/v2\/pages\/2113"}],"wp:featuredmedia":[{"embeddable":true,"href":"https:\/\/radikalarms.com\/tr\/wp-json\/wp\/v2\/media\/1507"}],"wp:attachment":[{"href":"https:\/\/radikalarms.com\/tr\/wp-json\/wp\/v2\/media?parent=2534"}],"curies":[{"name":"wp","href":"https:\/\/api.w.org\/{rel}","templated":true}]}}