{"id":2495,"date":"2025-08-02T09:41:59","date_gmt":"2025-08-02T06:41:59","guid":{"rendered":"https:\/\/radikal.splusweb.com.tr\/kinetik-tufekler\/sax-2-limited-edition\/"},"modified":"2025-08-20T18:45:10","modified_gmt":"2025-08-20T15:45:10","slug":"sax-2-limited-edition","status":"publish","type":"page","link":"https:\/\/radikalarms.com\/tr\/kinetik-tufekler\/sax-2-limited-edition\/","title":{"rendered":"SAX-2 Limited Edition"},"content":{"rendered":"\n\n\t<section class=\"section product-banner-background\" id=\"section_417659613\">\n\t\t<div class=\"section-bg fill\" >\n\t\t\t\t\t\t\t\t\t<div class=\"section-bg-overlay absolute fill\"><\/div>\n\t\t\t\n\n\t\t<\/div>\n\n\t\t\n\n\t\t<div class=\"section-content relative\">\n\t\t\t\n\n<div class=\"row row-collapse row-full-width\"  id=\"row-1587857353\">\n\n\n\t<div id=\"col-1094575977\" class=\"col small-12 large-12\"  >\n\t\t\t\t<div class=\"col-inner text-center\"  >\n\t\t\t\n\t\t\t\n\n\n\n<h1 class=\"shortcode-page-title\">SAX-2 Limited Edition<\/h1>\n<nav aria-label=\"breadcrumbs\" class=\"rank-math-breadcrumb\"><p><\/p><\/nav>\n\n\t<div class=\"img has-hover product-page-banner product-page-animate x md-x lg-x y md-y lg-y\" id=\"image_630371096\">\n\t\t\t\t\t\t\t\t<div class=\"img-inner dark\" >\n\t\t\t<img decoding=\"async\" width=\"2560\" height=\"556\" src=\"https:\/\/radikalarms.com\/wp-content\/uploads\/2025\/08\/SAX-2-Limited-Edition-Radikal-Arms-1-scaled.webp\" class=\"attachment-original size-original\" alt=\"SAX-2 Limited Edition - Radikal Arms\" srcset=\"https:\/\/radikalarms.com\/wp-content\/uploads\/2025\/08\/SAX-2-Limited-Edition-Radikal-Arms-1-scaled.webp 2560w, https:\/\/radikalarms.com\/wp-content\/uploads\/2025\/08\/SAX-2-Limited-Edition-Radikal-Arms-1-300x65.webp 300w, https:\/\/radikalarms.com\/wp-content\/uploads\/2025\/08\/SAX-2-Limited-Edition-Radikal-Arms-1-1024x223.webp 1024w, https:\/\/radikalarms.com\/wp-content\/uploads\/2025\/08\/SAX-2-Limited-Edition-Radikal-Arms-1-768x167.webp 768w, https:\/\/radikalarms.com\/wp-content\/uploads\/2025\/08\/SAX-2-Limited-Edition-Radikal-Arms-1-1536x334.webp 1536w, https:\/\/radikalarms.com\/wp-content\/uploads\/2025\/08\/SAX-2-Limited-Edition-Radikal-Arms-1-2048x445.webp 2048w\" sizes=\"(max-width: 2560px) 100vw, 2560px\" \/>\t\t\t\t\t\t\n\t\t\t\t\t<\/div>\n\t\t\t\t\t\t\t\t\n<style>\n#image_630371096 {\n  width: 100%;\n}\n<\/style>\n\t<\/div>\n\t\n\n\n\t\t<\/div>\n\t\t\t\t\n<style>\n#col-1094575977 > .col-inner {\n  padding: 0px 0px 62px 0px;\n  margin: 0px 0px 27px 0px;\n}\n<\/style>\n\t<\/div>\n\n\t\n\n\n<style>\n#row-1587857353 > .col > .col-inner {\n  padding: 25px 0px 60px 0px;\n}\n@media (min-width:550px) {\n  #row-1587857353 > .col > .col-inner {\n    padding: 25px 0px 30px 0px;\n  }\n}\n@media (min-width:850px) {\n  #row-1587857353 > .col > .col-inner {\n    padding: 50px 0px 30px 0px;\n  }\n}\n<\/style>\n<\/div>\n\n\t\t<\/div>\n\n\t\t\n<style>\n#section_417659613 {\n  padding-top: 0px;\n  padding-bottom: 0px;\n  margin-bottom: -29px;\n  min-height: 270px;\n}\n#section_417659613 .section-bg-overlay {\n  background-color: rgba(255, 255, 255, 0.826);\n}\n@media (min-width:550px) {\n  #section_417659613 {\n    padding-top: 20px;\n    padding-bottom: 20px;\n  }\n}\n@media (min-width:850px) {\n  #section_417659613 {\n    padding-top: 0px;\n    padding-bottom: 0px;\n    min-height: 400px;\n  }\n}\n<\/style>\n\t<\/section>\n\t\n<div class=\"row align-center\" style=\"max-width:1400px\" id=\"row-1765818164\">\n\n\n\t<div id=\"col-298077088\" class=\"col medium-12 small-12 large-12\"  data-animate=\"bounceInRight\">\n\t\t\t\t<div class=\"col-inner\"  >\n\t\t\t\n\t\t\t\n\n\t<div id=\"text-2917928562\" class=\"text\">\n\t\t\n\n<h2><span data-text-color=\"primary\"><strong>SAX-2 Limited Edition \u00d6zellikleri<\/strong><\/span><\/h2>\n<p>Radikal SAX-2 Limited Edition, zamans\u0131z zarafeti modern performansla birle\u015ftiren, ustal\u0131kla \u00fcretilmi\u015f \u00f6zel bir eserdir. Se\u00e7kin T\u00fcrk cevizi kundak ve asit grav\u00fcr i\u015flemeli g\u00f6vdesiyle bu t\u00fcfek, yaln\u0131zca bir silah de\u011fil; ayn\u0131 zamanda bir sanat eseridir. Hem i\u015flevi hem de esteti\u011fi \u00f6nemseyenler i\u00e7in tasarlanan SAX-2, klasik g\u00fczellik ile g\u00fcvenilir performans aras\u0131nda m\u00fckemmel bir denge sunar. \u0130ster arazide, ister trap sahas\u0131nda olsun; SAX-2, ola\u011fan\u00fcst\u00fc isabet kabiliyeti, ak\u0131c\u0131 kullan\u0131m ve e\u015fsiz bir zarafet sa\u011flar. Bu t\u00fcfe\u011fi ta\u015f\u0131mak yaln\u0131zca at\u0131\u015f yapmak de\u011fil; sanat\u0131 do\u011fayla bulu\u015fturmak ve her av veya at\u0131\u015f deneyimini ger\u00e7ek bir ayr\u0131cal\u0131\u011fa d\u00f6n\u00fc\u015ft\u00fcrmektir.    <\/p>\n\t\t\n<style>\n#text-2917928562 {\n  text-align: center;\n}\n<\/style>\n\t<\/div>\n\t\n\n\t\t<\/div>\n\t\t\t\t\n<style>\n#col-298077088 > .col-inner {\n  padding: 0px 0px 0px 0px;\n}\n<\/style>\n\t<\/div>\n\n\t\n\n\t<div id=\"col-1385444470\" class=\"col medium-12 small-12 large-12 medium-col-first\"  data-animate=\"bounceInLeft\">\n\t\t\t\t<div class=\"col-inner text-center\"  >\n\t\t\t\n\t\t\t\n\n<div class=\"row\" style=\"max-width:1400px\" id=\"row-1714929302\">\n\n\n\t<div id=\"col-1860857713\" class=\"col small-12 large-12\"  >\n\t\t\t\t<div class=\"col-inner\"  >\n\t\t\t\n\t\t\t\n\n\t<div id=\"text-1414954263\" class=\"text\">\n\t\t\n\n<h2><span data-text-color=\"primary\"><strong>Renk Se\u00e7enekleri<\/strong><\/span><\/h2>\n\t\t\n<style>\n#text-1414954263 {\n  text-align: center;\n}\n<\/style>\n\t<\/div>\n\t\n\n\t\t<\/div>\n\t\t\t\t\n<style>\n#col-1860857713 > .col-inner {\n  margin: 0px 0px -67px 0px;\n}\n@media (min-width:550px) {\n  #col-1860857713 > .col-inner {\n    margin: 0px 0px -51px 0px;\n  }\n}\n@media (min-width:850px) {\n  #col-1860857713 > .col-inner {\n    margin: 0px 0px -33px 0px;\n  }\n}\n<\/style>\n\t<\/div>\n\n\t\n\n<\/div>\n<div class=\"slider-wrapper relative shotgun-slider\" id=\"slider-36294701\" >\n    <div class=\"slider slider-nav-simple slider-nav-large slider-nav-dark slider-nav-outside slider-style-normal slider-show-nav\"\n        data-flickity-options='{\n            \"cellAlign\": \"center\",\n            \"imagesLoaded\": true,\n            \"lazyLoad\": 1,\n            \"freeScroll\": false,\n            \"wrapAround\": true,\n            \"autoPlay\": 2100,\n            \"pauseAutoPlayOnHover\" : false,\n            \"prevNextButtons\": true,\n            \"contain\" : true,\n            \"adaptiveHeight\" : true,\n            \"dragThreshold\" : 10,\n            \"percentPosition\": true,\n            \"pageDots\": false,\n            \"rightToLeft\": false,\n            \"draggable\": true,\n            \"selectedAttraction\": 0.1,\n            \"parallax\" : 0,\n            \"friction\": 0.6        }'\n        >\n        \n\n\t<div class=\"img has-hover x md-x lg-x y md-y lg-y\" id=\"image_813158739\">\n\t\t<a class=\"image-lightbox lightbox-gallery\" title=\"\" href=\"https:\/\/radikalarms.com\/wp-content\/uploads\/2025\/08\/SAX-2-Limited-Edition-Radikal-Arms-2-scaled.webp\">\t\t\t\t\t\t<div class=\"img-inner image-cover dark\" style=\"padding-top:300px;\">\n\t\t\t<img decoding=\"async\" width=\"2560\" height=\"1439\" src=\"https:\/\/radikalarms.com\/wp-content\/uploads\/2025\/08\/SAX-2-Limited-Edition-Radikal-Arms-2-scaled.webp\" class=\"attachment-original size-original\" alt=\"SAX-2 Limited Edition - Radikal Arms\" srcset=\"https:\/\/radikalarms.com\/wp-content\/uploads\/2025\/08\/SAX-2-Limited-Edition-Radikal-Arms-2-scaled.webp 2560w, https:\/\/radikalarms.com\/wp-content\/uploads\/2025\/08\/SAX-2-Limited-Edition-Radikal-Arms-2-300x169.webp 300w, https:\/\/radikalarms.com\/wp-content\/uploads\/2025\/08\/SAX-2-Limited-Edition-Radikal-Arms-2-1024x576.webp 1024w, https:\/\/radikalarms.com\/wp-content\/uploads\/2025\/08\/SAX-2-Limited-Edition-Radikal-Arms-2-768x432.webp 768w, https:\/\/radikalarms.com\/wp-content\/uploads\/2025\/08\/SAX-2-Limited-Edition-Radikal-Arms-2-1536x863.webp 1536w, https:\/\/radikalarms.com\/wp-content\/uploads\/2025\/08\/SAX-2-Limited-Edition-Radikal-Arms-2-2048x1151.webp 2048w\" sizes=\"(max-width: 2560px) 100vw, 2560px\" \/>\t\t\t\t\t\t\n\t\t\t\t\t<\/div>\n\t\t\t\t\t\t<\/a>\t\t\n<style>\n#image_813158739 {\n  width: 100%;\n}\n<\/style>\n\t<\/div>\n\t\n\n\t<div class=\"img has-hover x md-x lg-x y md-y lg-y\" id=\"image_200022088\">\n\t\t<a class=\"image-lightbox lightbox-gallery\" title=\"\" href=\"https:\/\/radikalarms.com\/wp-content\/uploads\/2025\/08\/SAX-2-Limited-Edition-Radikal-Arms-3-scaled.webp\">\t\t\t\t\t\t<div class=\"img-inner image-cover dark\" style=\"padding-top:300px;\">\n\t\t\t<img decoding=\"async\" width=\"2560\" height=\"1439\" src=\"https:\/\/radikalarms.com\/wp-content\/uploads\/2025\/08\/SAX-2-Limited-Edition-Radikal-Arms-3-scaled.webp\" class=\"attachment-original size-original\" alt=\"SAX-2 Limited Edition - Radikal Arms\" srcset=\"https:\/\/radikalarms.com\/wp-content\/uploads\/2025\/08\/SAX-2-Limited-Edition-Radikal-Arms-3-scaled.webp 2560w, https:\/\/radikalarms.com\/wp-content\/uploads\/2025\/08\/SAX-2-Limited-Edition-Radikal-Arms-3-300x169.webp 300w, https:\/\/radikalarms.com\/wp-content\/uploads\/2025\/08\/SAX-2-Limited-Edition-Radikal-Arms-3-1024x576.webp 1024w, https:\/\/radikalarms.com\/wp-content\/uploads\/2025\/08\/SAX-2-Limited-Edition-Radikal-Arms-3-768x432.webp 768w, https:\/\/radikalarms.com\/wp-content\/uploads\/2025\/08\/SAX-2-Limited-Edition-Radikal-Arms-3-1536x863.webp 1536w, https:\/\/radikalarms.com\/wp-content\/uploads\/2025\/08\/SAX-2-Limited-Edition-Radikal-Arms-3-2048x1151.webp 2048w\" sizes=\"(max-width: 2560px) 100vw, 2560px\" \/>\t\t\t\t\t\t\n\t\t\t\t\t<\/div>\n\t\t\t\t\t\t<\/a>\t\t\n<style>\n#image_200022088 {\n  width: 100%;\n}\n@media (min-width:550px) {\n  #image_200022088 {\n    width: 100%;\n  }\n}\n<\/style>\n\t<\/div>\n\t\n\n\t<div class=\"img has-hover x md-x lg-x y md-y lg-y\" id=\"image_1070353262\">\n\t\t<a class=\"image-lightbox lightbox-gallery\" title=\"\" href=\"https:\/\/radikalarms.com\/wp-content\/uploads\/2025\/08\/SAX-2-Limited-Edition-Radikal-Arms-4-scaled.webp\">\t\t\t\t\t\t<div class=\"img-inner image-cover dark\" style=\"padding-top:300px;\">\n\t\t\t<img decoding=\"async\" width=\"2560\" height=\"1439\" src=\"https:\/\/radikalarms.com\/wp-content\/uploads\/2025\/08\/SAX-2-Limited-Edition-Radikal-Arms-4-scaled.webp\" class=\"attachment-original size-original\" alt=\"SAX-2 Limited Edition - Radikal Arms\" srcset=\"https:\/\/radikalarms.com\/wp-content\/uploads\/2025\/08\/SAX-2-Limited-Edition-Radikal-Arms-4-scaled.webp 2560w, https:\/\/radikalarms.com\/wp-content\/uploads\/2025\/08\/SAX-2-Limited-Edition-Radikal-Arms-4-300x169.webp 300w, https:\/\/radikalarms.com\/wp-content\/uploads\/2025\/08\/SAX-2-Limited-Edition-Radikal-Arms-4-1024x576.webp 1024w, https:\/\/radikalarms.com\/wp-content\/uploads\/2025\/08\/SAX-2-Limited-Edition-Radikal-Arms-4-768x432.webp 768w, https:\/\/radikalarms.com\/wp-content\/uploads\/2025\/08\/SAX-2-Limited-Edition-Radikal-Arms-4-1536x863.webp 1536w, https:\/\/radikalarms.com\/wp-content\/uploads\/2025\/08\/SAX-2-Limited-Edition-Radikal-Arms-4-2048x1151.webp 2048w\" sizes=\"(max-width: 2560px) 100vw, 2560px\" \/>\t\t\t\t\t\t\n\t\t\t\t\t<\/div>\n\t\t\t\t\t\t<\/a>\t\t\n<style>\n#image_1070353262 {\n  width: 100%;\n}\n@media (min-width:550px) {\n  #image_1070353262 {\n    width: 100%;\n  }\n}\n<\/style>\n\t<\/div>\n\t\n\n\t<div class=\"img has-hover x md-x lg-x y md-y lg-y\" id=\"image_1231790948\">\n\t\t<a class=\"image-lightbox lightbox-gallery\" title=\"\" href=\"https:\/\/radikalarms.com\/wp-content\/uploads\/2025\/08\/SAX-2-Limited-Edition-Radikal-Arms-5-scaled.webp\">\t\t\t\t\t\t<div class=\"img-inner image-cover dark\" style=\"padding-top:300px;\">\n\t\t\t<img decoding=\"async\" width=\"2560\" height=\"1439\" src=\"https:\/\/radikalarms.com\/wp-content\/uploads\/2025\/08\/SAX-2-Limited-Edition-Radikal-Arms-5-scaled.webp\" class=\"attachment-original size-original\" alt=\"SAX-2 Limited Edition - Radikal Arms\" srcset=\"https:\/\/radikalarms.com\/wp-content\/uploads\/2025\/08\/SAX-2-Limited-Edition-Radikal-Arms-5-scaled.webp 2560w, https:\/\/radikalarms.com\/wp-content\/uploads\/2025\/08\/SAX-2-Limited-Edition-Radikal-Arms-5-300x169.webp 300w, https:\/\/radikalarms.com\/wp-content\/uploads\/2025\/08\/SAX-2-Limited-Edition-Radikal-Arms-5-1024x576.webp 1024w, https:\/\/radikalarms.com\/wp-content\/uploads\/2025\/08\/SAX-2-Limited-Edition-Radikal-Arms-5-768x432.webp 768w, https:\/\/radikalarms.com\/wp-content\/uploads\/2025\/08\/SAX-2-Limited-Edition-Radikal-Arms-5-1536x863.webp 1536w, https:\/\/radikalarms.com\/wp-content\/uploads\/2025\/08\/SAX-2-Limited-Edition-Radikal-Arms-5-2048x1151.webp 2048w\" sizes=\"(max-width: 2560px) 100vw, 2560px\" \/>\t\t\t\t\t\t\n\t\t\t\t\t<\/div>\n\t\t\t\t\t\t<\/a>\t\t\n<style>\n#image_1231790948 {\n  width: 100%;\n}\n@media (min-width:550px) {\n  #image_1231790948 {\n    width: 100%;\n  }\n}\n<\/style>\n\t<\/div>\n\t\n\n\n     <\/div>\n\n     <div class=\"loading-spin dark large centered\"><\/div>\n\n\t<\/div>\n\n\n\t<div class=\"img has-hover x md-x lg-x y md-y lg-y\" id=\"image_926620163\">\n\t\t\t\t\t\t\t\t<div class=\"img-inner dark\" >\n\t\t\t<img decoding=\"async\" width=\"2560\" height=\"626\" src=\"https:\/\/radikalarms.com\/wp-content\/uploads\/2025\/08\/color-options-scaled.webp\" class=\"attachment-original size-original\" alt=\"\" srcset=\"https:\/\/radikalarms.com\/wp-content\/uploads\/2025\/08\/color-options-scaled.webp 2560w, https:\/\/radikalarms.com\/wp-content\/uploads\/2025\/08\/color-options-300x73.webp 300w, https:\/\/radikalarms.com\/wp-content\/uploads\/2025\/08\/color-options-1024x251.webp 1024w, https:\/\/radikalarms.com\/wp-content\/uploads\/2025\/08\/color-options-768x188.webp 768w, https:\/\/radikalarms.com\/wp-content\/uploads\/2025\/08\/color-options-1536x376.webp 1536w, https:\/\/radikalarms.com\/wp-content\/uploads\/2025\/08\/color-options-2048x501.webp 2048w\" sizes=\"(max-width: 2560px) 100vw, 2560px\" \/>\t\t\t\t\t\t\n\t\t\t\t\t<\/div>\n\t\t\t\t\t\t\t\t\n<style>\n#image_926620163 {\n  width: 100%;\n}\n@media (min-width:550px) {\n  #image_926620163 {\n    width: 100%;\n  }\n}\n<\/style>\n\t<\/div>\n\t\n\n\n\t\t<\/div>\n\t\t\t\t\n<style>\n#col-1385444470 > .col-inner {\n  padding: 0px 0px 0px 0px;\n  margin: -50px 0px 0px 0px;\n}\n@media (min-width:550px) {\n  #col-1385444470 > .col-inner {\n    padding: 0px 0px 0px 0px;\n    margin: -12px 0px 0px 0px;\n  }\n}\n@media (min-width:850px) {\n  #col-1385444470 > .col-inner {\n    margin: 0px 0px 0px 0px;\n  }\n}\n<\/style>\n\t<\/div>\n\n\t\n\n\t<div id=\"col-985772276\" class=\"col medium-12 small-12 large-12\"  data-animate=\"fadeInDown\">\n\t\t\t\t<div class=\"col-inner\"  >\n\t\t\t\n\t\t\t\n\n\t<div id=\"text-115577011\" class=\"text\">\n\t\t\n\n<h2><span data-text-color=\"primary\"><strong>Teknik \u00d6zellikler<\/strong><\/span><\/h2>\n<table class=\"custom-table\">\n<tbody>\n<tr>\n<td>Kalibre :<\/td>\n<td>12<\/td>\n<\/tr>\n<tr>\n<td>Sistem :<\/td>\n<td>Inertia<\/td>\n<\/tr>\n<tr>\n<td>\u015earj\u00f6r Kapasitesi :<\/td>\n<td>3+1<\/td>\n<\/tr>\n<tr>\n<td>Namlu Uzunlu\u011fu :<\/td>\n<td>28&#8243; \/ 71 cm<\/td>\n<\/tr>\n<tr>\n<td>Toplam Uzunluk :<\/td>\n<td>49.5&#8243; \/ 126 cm<\/td>\n<\/tr>\n<tr>\n<td>A\u011f\u0131rl\u0131k :<\/td>\n<td>6.8 lbs \/ 3.1 kg<\/td>\n<\/tr>\n<tr>\n<td>Fi\u015fek Yata\u011f\u0131 :<\/td>\n<td>3&#8243; \/ 76 mm<\/td>\n<\/tr>\n<tr>\n<td>G\u00f6vde :<\/td>\n<td>Picatinny rayl\u0131 al\u00fcminyum g\u00f6vde<\/td>\n<\/tr>\n<tr>\n<td>\u015eoklar :<\/td>\n<td>F-M-C (Flush) Cria Tipi<\/td>\n<\/tr>\n<\/tbody>\n<\/table>\n<p style=\"text-align: left;\">*Di\u011fer Namlu Se\u00e7enekleri: 13&#8243; &#8211; 18,5&#8243; &#8211; 20&#8243; &#8211; 22&#8243; &#8211; 24&#8243; &#8211; 26&#8243; &#8211; 30&#8243; &#8211; 32&#8243;<br>** Toplam uzunluk, namlu uzunlu\u011funa ba\u011fl\u0131 olarak de\u011fi\u015fiklik g\u00f6sterebilir.<\/p>\n\t\t\n<style>\n#text-115577011 {\n  text-align: center;\n}\n<\/style>\n\t<\/div>\n\t\n\n\t\t<\/div>\n\t\t\t\t\t<\/div>\n\n\t\n\n<\/div>\n\n","protected":false},"excerpt":{"rendered":"","protected":false},"author":3,"featured_media":1473,"parent":2118,"menu_order":24,"comment_status":"closed","ping_status":"closed","template":"page-blank.php","meta":{"footnotes":""},"class_list":["post-2495","page","type-page","status-publish","has-post-thumbnail","hentry"],"_links":{"self":[{"href":"https:\/\/radikalarms.com\/tr\/wp-json\/wp\/v2\/pages\/2495","targetHints":{"allow":["GET"]}}],"collection":[{"href":"https:\/\/radikalarms.com\/tr\/wp-json\/wp\/v2\/pages"}],"about":[{"href":"https:\/\/radikalarms.com\/tr\/wp-json\/wp\/v2\/types\/page"}],"author":[{"embeddable":true,"href":"https:\/\/radikalarms.com\/tr\/wp-json\/wp\/v2\/users\/3"}],"replies":[{"embeddable":true,"href":"https:\/\/radikalarms.com\/tr\/wp-json\/wp\/v2\/comments?post=2495"}],"version-history":[{"count":0,"href":"https:\/\/radikalarms.com\/tr\/wp-json\/wp\/v2\/pages\/2495\/revisions"}],"up":[{"embeddable":true,"href":"https:\/\/radikalarms.com\/tr\/wp-json\/wp\/v2\/pages\/2118"}],"wp:featuredmedia":[{"embeddable":true,"href":"https:\/\/radikalarms.com\/tr\/wp-json\/wp\/v2\/media\/1473"}],"wp:attachment":[{"href":"https:\/\/radikalarms.com\/tr\/wp-json\/wp\/v2\/media?parent=2495"}],"curies":[{"name":"wp","href":"https:\/\/api.w.org\/{rel}","templated":true}]}}