{"id":2477,"date":"2025-08-02T09:40:41","date_gmt":"2025-08-02T06:40:41","guid":{"rendered":"https:\/\/radikal.splusweb.com.tr\/kinetik-tufekler\/sax-20\/"},"modified":"2025-08-26T12:22:10","modified_gmt":"2025-08-26T09:22:10","slug":"sax-2-20-kalibre","status":"publish","type":"page","link":"https:\/\/radikalarms.com\/tr\/kinetik-tufekler\/sax-2-20-kalibre\/","title":{"rendered":"SAX-2 (20 Kalibre)"},"content":{"rendered":"\n\n\t<section class=\"section product-banner-background\" id=\"section_618989314\">\n\t\t<div class=\"section-bg fill\" >\n\t\t\t\t\t\t\t\t\t<div class=\"section-bg-overlay absolute fill\"><\/div>\n\t\t\t\n\n\t\t<\/div>\n\n\t\t\n\n\t\t<div class=\"section-content relative\">\n\t\t\t\n\n<div class=\"row row-collapse row-full-width\"  id=\"row-2125895184\">\n\n\n\t<div id=\"col-1396526543\" class=\"col small-12 large-12\"  >\n\t\t\t\t<div class=\"col-inner text-center\"  >\n\t\t\t\n\t\t\t\n\n\n\n<h1 class=\"shortcode-page-title\">SAX-2 (20 Kalibre)<\/h1>\n<nav aria-label=\"breadcrumbs\" class=\"rank-math-breadcrumb\"><p><\/p><\/nav>\n\n\t<div class=\"img has-hover product-page-banner product-page-animate x md-x lg-x y md-y lg-y\" id=\"image_1421432927\">\n\t\t\t\t\t\t\t\t<div class=\"img-inner dark\" >\n\t\t\t<img decoding=\"async\" width=\"2560\" height=\"556\" src=\"https:\/\/radikalarms.com\/wp-content\/uploads\/2025\/08\/SAX-20-Radikal-Arms-1-scaled.webp\" class=\"attachment-original size-original\" alt=\"SAX-20 - Radikal Arms\" srcset=\"https:\/\/radikalarms.com\/wp-content\/uploads\/2025\/08\/SAX-20-Radikal-Arms-1-scaled.webp 2560w, https:\/\/radikalarms.com\/wp-content\/uploads\/2025\/08\/SAX-20-Radikal-Arms-1-300x65.webp 300w, https:\/\/radikalarms.com\/wp-content\/uploads\/2025\/08\/SAX-20-Radikal-Arms-1-1024x223.webp 1024w, https:\/\/radikalarms.com\/wp-content\/uploads\/2025\/08\/SAX-20-Radikal-Arms-1-768x167.webp 768w, https:\/\/radikalarms.com\/wp-content\/uploads\/2025\/08\/SAX-20-Radikal-Arms-1-1536x334.webp 1536w, https:\/\/radikalarms.com\/wp-content\/uploads\/2025\/08\/SAX-20-Radikal-Arms-1-2048x445.webp 2048w\" sizes=\"(max-width: 2560px) 100vw, 2560px\" \/>\t\t\t\t\t\t\n\t\t\t\t\t<\/div>\n\t\t\t\t\t\t\t\t\n<style>\n#image_1421432927 {\n  width: 100%;\n}\n<\/style>\n\t<\/div>\n\t\n\n\n\t\t<\/div>\n\t\t\t\t\n<style>\n#col-1396526543 > .col-inner {\n  padding: 0px 0px 62px 0px;\n  margin: 0px 0px 27px 0px;\n}\n<\/style>\n\t<\/div>\n\n\t\n\n\n<style>\n#row-2125895184 > .col > .col-inner {\n  padding: 25px 0px 60px 0px;\n}\n@media (min-width:550px) {\n  #row-2125895184 > .col > .col-inner {\n    padding: 25px 0px 30px 0px;\n  }\n}\n@media (min-width:850px) {\n  #row-2125895184 > .col > .col-inner {\n    padding: 50px 0px 30px 0px;\n  }\n}\n<\/style>\n<\/div>\n\n\t\t<\/div>\n\n\t\t\n<style>\n#section_618989314 {\n  padding-top: 0px;\n  padding-bottom: 0px;\n  margin-bottom: -29px;\n  min-height: 270px;\n}\n#section_618989314 .section-bg-overlay {\n  background-color: rgba(255, 255, 255, 0.826);\n}\n@media (min-width:550px) {\n  #section_618989314 {\n    padding-top: 20px;\n    padding-bottom: 20px;\n  }\n}\n@media (min-width:850px) {\n  #section_618989314 {\n    padding-top: 0px;\n    padding-bottom: 0px;\n    min-height: 400px;\n  }\n}\n<\/style>\n\t<\/section>\n\t\n<div class=\"row align-center\" style=\"max-width:1400px\" id=\"row-1680366170\">\n\n\n\t<div id=\"col-2102933609\" class=\"col medium-12 small-12 large-12\"  data-animate=\"bounceInRight\">\n\t\t\t\t<div class=\"col-inner\"  >\n\t\t\t\n\t\t\t\n\n\t<div id=\"text-2047144546\" class=\"text\">\n\t\t\n\n<h2><span data-text-color=\"primary\"><strong>SAX-2 (20 Kalibre)<\/strong><\/span><\/h2>\n<p>SAX-2 20 Kalibre Edition, g\u00fc\u00e7, hassasiyet ve konforun m\u00fckemmel dengesini sunarak daha hafif ve kolay kontrol edilebilen bir t\u00fcfek tercih eden avc\u0131lar ve at\u0131c\u0131lar i\u00e7in ideal bir se\u00e7imdir. 12 kalibre muadiliyle k\u0131yasland\u0131\u011f\u0131nda daha d\u00fc\u015f\u00fck geri tepmeye sahip olan bu model, performanstan \u00f6d\u00fcn vermeden daha ak\u0131c\u0131 kullan\u0131m ve art\u0131r\u0131lm\u0131\u015f at\u0131\u015f konforu sa\u011flar. Hafif yap\u0131s\u0131 sayesinde uzun s\u00fcren avlarda veya menzil \u00e7al\u0131\u015fmalar\u0131nda kolay ta\u015f\u0131nabilirlik sunar. Ayn\u0131 g\u00fcvenilir inertia sistemi ve \u00fcst\u00fcn i\u015f\u00e7ilik, s\u00fcrekli i\u015flevsellik ve dayan\u0131kl\u0131l\u0131k garantiler. \u0130ster arazi av\u0131nda, ister hindi av\u0131nda, ister trap sahas\u0131nda olun; SAX-2 20 Kalibre, rafine bir at\u0131\u015f deneyimiyle birlikte ola\u011fan\u00fcst\u00fc performans sunar.   <\/p>\n\t\t\n<style>\n#text-2047144546 {\n  text-align: center;\n}\n<\/style>\n\t<\/div>\n\t\n\n\t\t<\/div>\n\t\t\t\t\n<style>\n#col-2102933609 > .col-inner {\n  padding: 0px 0px 0px 0px;\n}\n<\/style>\n\t<\/div>\n\n\t\n\n\t<div id=\"col-833341318\" class=\"col medium-12 small-12 large-12 medium-col-first\"  data-animate=\"bounceInLeft\">\n\t\t\t\t<div class=\"col-inner text-center\"  >\n\t\t\t\n\t\t\t\n\n<div class=\"row\" style=\"max-width:1400px\" id=\"row-1596573655\">\n\n\n\t<div id=\"col-876237473\" class=\"col small-12 large-12\"  >\n\t\t\t\t<div class=\"col-inner\"  >\n\t\t\t\n\t\t\t\n\n\t<div id=\"text-734144471\" class=\"text\">\n\t\t\n\n<h2><span data-text-color=\"primary\"><strong>Renk Se\u00e7enekleri<\/strong><\/span><\/h2>\n\t\t\n<style>\n#text-734144471 {\n  text-align: center;\n}\n<\/style>\n\t<\/div>\n\t\n\n\t\t<\/div>\n\t\t\t\t\n<style>\n#col-876237473 > .col-inner {\n  margin: 0px 0px -67px 0px;\n}\n@media (min-width:550px) {\n  #col-876237473 > .col-inner {\n    margin: 0px 0px -51px 0px;\n  }\n}\n@media (min-width:850px) {\n  #col-876237473 > .col-inner {\n    margin: 0px 0px -33px 0px;\n  }\n}\n<\/style>\n\t<\/div>\n\n\t\n\n<\/div>\n<div class=\"slider-wrapper relative shotgun-slider\" id=\"slider-711647720\" >\n    <div class=\"slider slider-nav-simple slider-nav-large slider-nav-dark slider-nav-outside slider-style-normal slider-show-nav\"\n        data-flickity-options='{\n            \"cellAlign\": \"center\",\n            \"imagesLoaded\": true,\n            \"lazyLoad\": 1,\n            \"freeScroll\": false,\n            \"wrapAround\": true,\n            \"autoPlay\": 2100,\n            \"pauseAutoPlayOnHover\" : false,\n            \"prevNextButtons\": true,\n            \"contain\" : true,\n            \"adaptiveHeight\" : true,\n            \"dragThreshold\" : 10,\n            \"percentPosition\": true,\n            \"pageDots\": false,\n            \"rightToLeft\": false,\n            \"draggable\": true,\n            \"selectedAttraction\": 0.1,\n            \"parallax\" : 0,\n            \"friction\": 0.6        }'\n        >\n        \n\n\t<div class=\"img has-hover x md-x lg-x y md-y lg-y\" id=\"image_954340171\">\n\t\t<a class=\"image-lightbox lightbox-gallery\" title=\"\" href=\"https:\/\/radikalarms.com\/wp-content\/uploads\/2025\/08\/SAX-20-Radikal-Arms-2-scaled.webp\">\t\t\t\t\t\t<div class=\"img-inner image-cover dark\" style=\"padding-top:300px;\">\n\t\t\t<img decoding=\"async\" width=\"2560\" height=\"1439\" src=\"https:\/\/radikalarms.com\/wp-content\/uploads\/2025\/08\/SAX-20-Radikal-Arms-2-scaled.webp\" class=\"attachment-original size-original\" alt=\"SAX-20 - Radikal Arms\" srcset=\"https:\/\/radikalarms.com\/wp-content\/uploads\/2025\/08\/SAX-20-Radikal-Arms-2-scaled.webp 2560w, https:\/\/radikalarms.com\/wp-content\/uploads\/2025\/08\/SAX-20-Radikal-Arms-2-300x169.webp 300w, https:\/\/radikalarms.com\/wp-content\/uploads\/2025\/08\/SAX-20-Radikal-Arms-2-1024x576.webp 1024w, https:\/\/radikalarms.com\/wp-content\/uploads\/2025\/08\/SAX-20-Radikal-Arms-2-768x432.webp 768w, https:\/\/radikalarms.com\/wp-content\/uploads\/2025\/08\/SAX-20-Radikal-Arms-2-1536x863.webp 1536w, https:\/\/radikalarms.com\/wp-content\/uploads\/2025\/08\/SAX-20-Radikal-Arms-2-2048x1151.webp 2048w\" sizes=\"(max-width: 2560px) 100vw, 2560px\" \/>\t\t\t\t\t\t\n\t\t\t\t\t<\/div>\n\t\t\t\t\t\t<\/a>\t\t\n<style>\n#image_954340171 {\n  width: 100%;\n}\n<\/style>\n\t<\/div>\n\t\n\n\t<div class=\"img has-hover x md-x lg-x y md-y lg-y\" id=\"image_426265893\">\n\t\t<a class=\"image-lightbox lightbox-gallery\" title=\"\" href=\"https:\/\/radikalarms.com\/wp-content\/uploads\/2025\/08\/SAX-20-Radikal-Arms-3-scaled.webp\">\t\t\t\t\t\t<div class=\"img-inner image-cover dark\" style=\"padding-top:300px;\">\n\t\t\t<img decoding=\"async\" width=\"2560\" height=\"1439\" src=\"https:\/\/radikalarms.com\/wp-content\/uploads\/2025\/08\/SAX-20-Radikal-Arms-3-scaled.webp\" class=\"attachment-original size-original\" alt=\"SAX-20 - Radikal Arms\" srcset=\"https:\/\/radikalarms.com\/wp-content\/uploads\/2025\/08\/SAX-20-Radikal-Arms-3-scaled.webp 2560w, https:\/\/radikalarms.com\/wp-content\/uploads\/2025\/08\/SAX-20-Radikal-Arms-3-300x169.webp 300w, https:\/\/radikalarms.com\/wp-content\/uploads\/2025\/08\/SAX-20-Radikal-Arms-3-1024x576.webp 1024w, https:\/\/radikalarms.com\/wp-content\/uploads\/2025\/08\/SAX-20-Radikal-Arms-3-768x432.webp 768w, https:\/\/radikalarms.com\/wp-content\/uploads\/2025\/08\/SAX-20-Radikal-Arms-3-1536x863.webp 1536w, https:\/\/radikalarms.com\/wp-content\/uploads\/2025\/08\/SAX-20-Radikal-Arms-3-2048x1151.webp 2048w\" sizes=\"(max-width: 2560px) 100vw, 2560px\" \/>\t\t\t\t\t\t\n\t\t\t\t\t<\/div>\n\t\t\t\t\t\t<\/a>\t\t\n<style>\n#image_426265893 {\n  width: 100%;\n}\n@media (min-width:550px) {\n  #image_426265893 {\n    width: 100%;\n  }\n}\n<\/style>\n\t<\/div>\n\t\n\n\n     <\/div>\n\n     <div class=\"loading-spin dark large centered\"><\/div>\n\n\t<\/div>\n\n\n\t<div class=\"img has-hover x md-x lg-x y md-y lg-y\" id=\"image_1534120800\">\n\t\t\t\t\t\t\t\t<div class=\"img-inner dark\" >\n\t\t\t<img decoding=\"async\" width=\"2560\" height=\"626\" src=\"https:\/\/radikalarms.com\/wp-content\/uploads\/2025\/08\/color-options-scaled.webp\" class=\"attachment-original size-original\" alt=\"\" srcset=\"https:\/\/radikalarms.com\/wp-content\/uploads\/2025\/08\/color-options-scaled.webp 2560w, https:\/\/radikalarms.com\/wp-content\/uploads\/2025\/08\/color-options-300x73.webp 300w, https:\/\/radikalarms.com\/wp-content\/uploads\/2025\/08\/color-options-1024x251.webp 1024w, https:\/\/radikalarms.com\/wp-content\/uploads\/2025\/08\/color-options-768x188.webp 768w, https:\/\/radikalarms.com\/wp-content\/uploads\/2025\/08\/color-options-1536x376.webp 1536w, https:\/\/radikalarms.com\/wp-content\/uploads\/2025\/08\/color-options-2048x501.webp 2048w\" sizes=\"(max-width: 2560px) 100vw, 2560px\" \/>\t\t\t\t\t\t\n\t\t\t\t\t<\/div>\n\t\t\t\t\t\t\t\t\n<style>\n#image_1534120800 {\n  width: 100%;\n}\n@media (min-width:550px) {\n  #image_1534120800 {\n    width: 100%;\n  }\n}\n<\/style>\n\t<\/div>\n\t\n\n\n\t\t<\/div>\n\t\t\t\t\n<style>\n#col-833341318 > .col-inner {\n  padding: 0px 0px 0px 0px;\n  margin: -50px 0px 0px 0px;\n}\n@media (min-width:550px) {\n  #col-833341318 > .col-inner {\n    padding: 0px 0px 0px 0px;\n    margin: -12px 0px 0px 0px;\n  }\n}\n@media (min-width:850px) {\n  #col-833341318 > .col-inner {\n    margin: 0px 0px 0px 0px;\n  }\n}\n<\/style>\n\t<\/div>\n\n\t\n\n\t<div id=\"col-138514704\" class=\"col medium-12 small-12 large-12\"  data-animate=\"fadeInDown\">\n\t\t\t\t<div class=\"col-inner\"  >\n\t\t\t\n\t\t\t\n\n\t<div id=\"text-3523702573\" class=\"text\">\n\t\t\n\n<h2><span data-text-color=\"primary\"><strong>Teknik \u00d6zellikler<\/strong><\/span><\/h2>\n<table class=\"custom-table\">\n<tbody>\n<tr>\n<td>Kalibre :<\/td>\n<td>20<\/td>\n<\/tr>\n<tr>\n<td>Sistem :<\/td>\n<td>Inertia<\/td>\n<\/tr>\n<tr>\n<td>\u015earj\u00f6r Kapasitesi :<\/td>\n<td>3+1<\/td>\n<\/tr>\n<tr>\n<td>Namlu Uzunlu\u011fu :<\/td>\n<td>28&#8243; \/ 71 cm *<\/td>\n<\/tr>\n<tr>\n<td>Toplam Uzunluk :<\/td>\n<td>49.5&#8243; \/ 126 cm **<\/td>\n<\/tr>\n<tr>\n<td>A\u011f\u0131rl\u0131k :<\/td>\n<td>6 lbs \/ 2.7 kg<\/td>\n<\/tr>\n<tr>\n<td>Fi\u015fek Yata\u011f\u0131 :<\/td>\n<td>3&#8243; \/ 76 mm<\/td>\n<\/tr>\n<tr>\n<td>G\u00f6vde :<\/td>\n<td>Aluminyum<\/td>\n<\/tr>\n<tr>\n<td>\u015eoklar :<\/td>\n<td>F-M-C (Flush) Mobil Tip<\/td>\n<\/tr>\n<\/tbody>\n<\/table>\n<p style=\"text-align: left;\">*Di\u011fer Namlu Se\u00e7enekleri: 13&#8243; &#8211; 18,5&#8243; &#8211; 20&#8243; &#8211; 22&#8243; &#8211; 24&#8243; &#8211; 26&#8243; &#8211; 30&#8243; &#8211; 32&#8243;<br>** Toplam uzunluk, namlu uzunlu\u011funa ba\u011fl\u0131 olarak de\u011fi\u015fiklik g\u00f6sterebilir.<\/p>\n\t\t\n<style>\n#text-3523702573 {\n  text-align: center;\n}\n<\/style>\n\t<\/div>\n\t\n\n\t\t<\/div>\n\t\t\t\t\t<\/div>\n\n\t\n\n<\/div>\n\n","protected":false},"excerpt":{"rendered":"","protected":false},"author":3,"featured_media":1450,"parent":2118,"menu_order":17,"comment_status":"closed","ping_status":"closed","template":"page-blank.php","meta":{"footnotes":""},"class_list":["post-2477","page","type-page","status-publish","has-post-thumbnail","hentry"],"_links":{"self":[{"href":"https:\/\/radikalarms.com\/tr\/wp-json\/wp\/v2\/pages\/2477","targetHints":{"allow":["GET"]}}],"collection":[{"href":"https:\/\/radikalarms.com\/tr\/wp-json\/wp\/v2\/pages"}],"about":[{"href":"https:\/\/radikalarms.com\/tr\/wp-json\/wp\/v2\/types\/page"}],"author":[{"embeddable":true,"href":"https:\/\/radikalarms.com\/tr\/wp-json\/wp\/v2\/users\/3"}],"replies":[{"embeddable":true,"href":"https:\/\/radikalarms.com\/tr\/wp-json\/wp\/v2\/comments?post=2477"}],"version-history":[{"count":0,"href":"https:\/\/radikalarms.com\/tr\/wp-json\/wp\/v2\/pages\/2477\/revisions"}],"up":[{"embeddable":true,"href":"https:\/\/radikalarms.com\/tr\/wp-json\/wp\/v2\/pages\/2118"}],"wp:featuredmedia":[{"embeddable":true,"href":"https:\/\/radikalarms.com\/tr\/wp-json\/wp\/v2\/media\/1450"}],"wp:attachment":[{"href":"https:\/\/radikalarms.com\/tr\/wp-json\/wp\/v2\/media?parent=2477"}],"curies":[{"name":"wp","href":"https:\/\/api.w.org\/{rel}","templated":true}]}}