{"id":2127,"date":"2025-08-02T09:25:51","date_gmt":"2025-08-02T06:25:51","guid":{"rendered":"https:\/\/radikal.splusweb.com.tr\/iletisim\/"},"modified":"2026-01-27T10:47:55","modified_gmt":"2026-01-27T07:47:55","slug":"iletisim","status":"publish","type":"page","link":"https:\/\/radikalarms.com\/tr\/iletisim\/","title":{"rendered":"\u0130leti\u015fim"},"content":{"rendered":"\n\n\t<section class=\"section has-parallax\" id=\"section_1035087873\">\n\t\t<div class=\"section-bg fill\" data-parallax-container=\".section\" data-parallax-background data-parallax=\"-4\">\n\t\t\t<img decoding=\"async\" width=\"2560\" height=\"1440\" src=\"https:\/\/radikalarms.com\/wp-content\/uploads\/2025\/08\/Radikal-Arms-Factory-scaled.webp\" class=\"bg attachment-original size-original\" alt=\"\" \/>\t\t\t\t\t\t<div class=\"section-bg-overlay absolute fill\"><\/div>\n\t\t\t\n\n\t\t<\/div>\n\n\t\t\n\n\t\t<div class=\"section-content relative\">\n\t\t\t\n\n<div class=\"row align-middle align-center glass\"  id=\"row-5999189\">\n\n\n\t<div id=\"col-1211574314\" class=\"col medium-6 small-12 large-6\"  data-animate=\"bounceIn\">\n\t\t\t\t<div class=\"col-inner text-center\"  >\n\t\t\t\n\t\t\t\n\n<h1 style=\"text-align: center;\"><span style=\"font-size: 160%;\"><strong>Contact<\/strong><\/span><\/h1>\n<p class=\"lead\">Our contact informations below.<\/p>\n<p><strong><span style=\"font-size: 105%;\"><a href=\"mailto:info@radikalarms.com\">info@radikalarms.com<\/a><\/span><\/strong><\/p>\n<p><strong><span style=\"font-size: 105%;\"><a href=\"mailto:support@radikalarms.com\">support@radikalarms.com<\/a><\/span><\/strong><\/p>\n<p><strong><span style=\"font-size: 105%;\"><a href=\"mailto:export@radikalarms.com\">export@radikalarms.com<\/a><\/span><\/strong><\/p>\n<p><strong><span style=\"font-size: 105%;\"><a href=\"tel:+905434827456\">+90 (543) 482 74 56<\/a><\/span><\/strong><\/p>\n<p><strong><span style=\"font-size: 105%;\"><a href=\"tel:+903325247033\">+90 (332) 524 70 33<\/a><\/span><\/strong><\/p>\n<p><span style=\"font-size: 105%;\">\u00dcz\u00fcml\u00fc Mahallesi 44761 Sk. No:20<\/span><br data-start=\"218\" data-end=\"221\" \/><span style=\"font-size: 105%;\">42700 Bey\u015fehir, Konya \/ Turkey<\/span><\/p>\n\n\n<p><iframe src=\"https:\/\/www.google.com\/maps\/embed?pb=!1m18!1m12!1m3!1d3163.8936745179235!2d31.607520499999996!3d37.5340036!2m3!1f0!2f0!3f0!3m2!1i1024!2i768!4f13.1!3m3!1m2!1s0x14c52d0c970fb51b%3A0x886e1864d21d4b9d!2sRadikal%20Arms!5e0!3m2!1str!2str!4v1754762015220!5m2!1str!2str\" width=\"1600\" height=\"250\" style=\"border:0;\" allowfullscreen=\"\" loading=\"lazy\" referrerpolicy=\"no-referrer-when-downgrade\"><\/iframe><\/p>\n\n\n\t\t<\/div>\n\t\t\t\t\n<style>\n#col-1211574314 > .col-inner {\n  padding: 30px 20px 10px 20px;\n  border-radius: 18px;\n}\n<\/style>\n\t<\/div>\n\n\t\n\n\t<div id=\"col-1615478407\" class=\"col medium-5 small-12 large-5\"  data-animate=\"bounceInRight\">\n\t\t\t\t<div class=\"col-inner text-left\"  >\n\t\t\t\n\t<div class=\"is-border\"\n\t\tstyle=\"border-color:#d00523;border-radius:16px;border-width:3px 3px 3px 3px;\">\n\t<\/div>\n\t\t\t\n\n<h2><strong>Contact Form<\/strong><\/h2>\n\n<div class=\"wpcf7 no-js\" id=\"wpcf7-f2458-o1\" lang=\"tr-TR\" dir=\"ltr\" data-wpcf7-id=\"2458\">\n<div class=\"screen-reader-response\"><p role=\"status\" aria-live=\"polite\" aria-atomic=\"true\"><\/p> <ul><\/ul><\/div>\n<form action=\"\/tr\/wp-json\/wp\/v2\/pages\/2127#wpcf7-f2458-o1\" method=\"post\" class=\"wpcf7-form init\" aria-label=\"\u0130leti\u015fim Formu\" novalidate=\"novalidate\" data-status=\"init\">\n<fieldset class=\"hidden-fields-container\"><input type=\"hidden\" name=\"_wpcf7\" value=\"2458\" \/><input type=\"hidden\" name=\"_wpcf7_version\" value=\"6.1.5\" \/><input type=\"hidden\" name=\"_wpcf7_locale\" value=\"tr_TR\" \/><input type=\"hidden\" name=\"_wpcf7_unit_tag\" value=\"wpcf7-f2458-o1\" \/><input type=\"hidden\" name=\"_wpcf7_container_post\" value=\"0\" \/><input type=\"hidden\" name=\"_wpcf7_posted_data_hash\" value=\"\" \/>\n<\/fieldset>\n<p><label> Ad\u0131n\u0131z<br \/>\n<span class=\"wpcf7-form-control-wrap\" data-name=\"your-name\"><input size=\"40\" maxlength=\"400\" class=\"wpcf7-form-control wpcf7-text wpcf7-validates-as-required\" autocomplete=\"name\" aria-required=\"true\" aria-invalid=\"false\" value=\"\" type=\"text\" name=\"your-name\" \/><\/span> <\/label>\n<\/p>\n<p><label>Mail Adresiniz<br \/>\n<span class=\"wpcf7-form-control-wrap\" data-name=\"your-email\"><input size=\"40\" maxlength=\"400\" class=\"wpcf7-form-control wpcf7-email wpcf7-validates-as-required wpcf7-text wpcf7-validates-as-email\" autocomplete=\"email\" aria-required=\"true\" aria-invalid=\"false\" value=\"\" type=\"email\" name=\"your-email\" \/><\/span> <\/label>\n<\/p>\n<p><label> Konu<br \/>\n<span class=\"wpcf7-form-control-wrap\" data-name=\"your-subject\"><input size=\"40\" maxlength=\"400\" class=\"wpcf7-form-control wpcf7-text wpcf7-validates-as-required\" aria-required=\"true\" aria-invalid=\"false\" value=\"\" type=\"text\" name=\"your-subject\" \/><\/span> <\/label>\n<\/p>\n<p><label> Mesaj\u0131n\u0131z<br \/>\n<span class=\"wpcf7-form-control-wrap\" data-name=\"your-message\"><textarea cols=\"40\" rows=\"10\" maxlength=\"2000\" class=\"wpcf7-form-control wpcf7-textarea\" aria-invalid=\"false\" name=\"your-message\"><\/textarea><\/span> <\/label>\n<\/p>\n<p><label>G\u00fcvenlik sorusu: 4 + 8 = ?<br \/>\n        <input type=\"text\" name=\"math-answer\" required><\/label>\n<\/p>\n<p><input class=\"wpcf7-form-control wpcf7-submit has-spinner\" type=\"submit\" value=\"G\u00f6nder\" \/>\n<\/p><div class=\"wpcf7-response-output\" aria-hidden=\"true\"><\/div>\n<\/form>\n<\/div>\n\n\n\n\t\t<\/div>\n\t\t\t\t\n<style>\n#col-1615478407 > .col-inner {\n  padding: 20px 20px 20px 20px;\n  border-radius: 18px;\n}\n<\/style>\n\t<\/div>\n\n\t\n\n<\/div>\n\n\t\t<\/div>\n\n\t\t\n<style>\n#section_1035087873 {\n  padding-top: 80px;\n  padding-bottom: 80px;\n}\n#section_1035087873 .section-bg-overlay {\n  background-color: rgba(0, 0, 0, 0.11);\n}\n#section_1035087873 .section-bg img {\n  object-position: 44% 40%;\n}\n<\/style>\n\t<\/section>\n\t\n\n","protected":false},"excerpt":{"rendered":"","protected":false},"author":3,"featured_media":2372,"parent":0,"menu_order":8,"comment_status":"closed","ping_status":"closed","template":"page-blank.php","meta":{"footnotes":""},"class_list":["post-2127","page","type-page","status-publish","has-post-thumbnail","hentry"],"_links":{"self":[{"href":"https:\/\/radikalarms.com\/tr\/wp-json\/wp\/v2\/pages\/2127","targetHints":{"allow":["GET"]}}],"collection":[{"href":"https:\/\/radikalarms.com\/tr\/wp-json\/wp\/v2\/pages"}],"about":[{"href":"https:\/\/radikalarms.com\/tr\/wp-json\/wp\/v2\/types\/page"}],"author":[{"embeddable":true,"href":"https:\/\/radikalarms.com\/tr\/wp-json\/wp\/v2\/users\/3"}],"replies":[{"embeddable":true,"href":"https:\/\/radikalarms.com\/tr\/wp-json\/wp\/v2\/comments?post=2127"}],"version-history":[{"count":0,"href":"https:\/\/radikalarms.com\/tr\/wp-json\/wp\/v2\/pages\/2127\/revisions"}],"wp:featuredmedia":[{"embeddable":true,"href":"https:\/\/radikalarms.com\/tr\/wp-json\/wp\/v2\/media\/2372"}],"wp:attachment":[{"href":"https:\/\/radikalarms.com\/tr\/wp-json\/wp\/v2\/media?parent=2127"}],"curies":[{"name":"wp","href":"https:\/\/api.w.org\/{rel}","templated":true}]}}