{"id":2124,"date":"2025-08-02T09:25:37","date_gmt":"2025-08-02T06:25:37","guid":{"rendered":"https:\/\/radikal.splusweb.com.tr\/hakkimizda\/"},"modified":"2025-08-20T17:47:49","modified_gmt":"2025-08-20T14:47:49","slug":"hakkimizda","status":"publish","type":"page","link":"https:\/\/radikalarms.com\/tr\/hakkimizda\/","title":{"rendered":"Hakk\u0131m\u0131zda"},"content":{"rendered":"\n\n\t<section class=\"section has-parallax\" id=\"section_1399263414\">\n\t\t<div class=\"section-bg fill\" data-parallax-container=\".section\" data-parallax-background data-parallax=\"-10\">\n\t\t\t<img decoding=\"async\" width=\"2560\" height=\"1440\" src=\"https:\/\/radikalarms.com\/wp-content\/uploads\/2025\/08\/Radikal-Arms-scaled.webp\" class=\"bg attachment-original size-original\" alt=\"Radikal Arms\" \/>\t\t\t\t\t\t<div class=\"section-bg-overlay absolute fill\"><\/div>\n\t\t\t\n\n\t\t<\/div>\n\n\t\t\n\n\t\t<div class=\"section-content relative\">\n\t\t\t\n\n<div class=\"row align-middle align-center\"  id=\"row-898766124\">\n\n\n\t<div id=\"col-1422904837\" class=\"col glass medium-9 small-12 large-9\"  data-animate=\"bounceIn\">\n\t\t\t\t<div class=\"col-inner text-center\"  >\n\t\t\t\n\t\t\t\n\n<h1 style=\"text-align: center;\"><span style=\"font-size: 160%;\"><strong>Hakk\u0131m\u0131zda<\/strong><\/span><\/h1>\n<p>Radikal Arms, av t\u00fcfekleri ve g\u00f6rev tipi tabancalar \u00fcretimi ve ihracat\u0131 konusunda uzmanla\u015fm\u0131\u015f, silah sanayisinde g\u00fcvenilir bir markad\u0131r. Bey\u015fehir \u00dcz\u00fcml\u00fc\u2019de faaliyet g\u00f6steren firmam\u0131z, gelenek ile yenili\u011fi bir araya getirerek, d\u00fcnya genelindeki kullan\u0131c\u0131lar\u0131n, profesyonellerin ve sportif at\u0131\u015f topluluklar\u0131n\u0131n farkl\u0131 ihtiya\u00e7lar\u0131na hitap eden \u00fcr\u00fcnler sunmaktad\u0131r.<\/p>\n<p>Hassas i\u015f\u00e7ilik ve dayan\u0131kl\u0131l\u0131\u011fa olan ba\u011fl\u0131l\u0131\u011f\u0131yla Radikal Arms, k\u00fcresel silah pazar\u0131nda kendini g\u00fcvenilir bir i\u015f orta\u011f\u0131 olarak konumland\u0131rm\u0131\u015ft\u0131r. B\u00fcnyemizde bulunan son teknoloji kaplama departman\u0131m\u0131z, \u00fcr\u00fcnlerimizin estetik ve performans\u0131n\u0131 art\u0131ran \u00fcst\u00fcn y\u00fczey i\u015flemleriyle kalite anlay\u0131\u015f\u0131m\u0131z\u0131 her ayr\u0131nt\u0131ya yans\u0131tmaktad\u0131r.<\/p>\n<p>Radikal Arms olarak hedefimiz; en y\u00fcksek g\u00fcvenlik, i\u015flevsellik ve g\u00fcvenilirlik standartlar\u0131n\u0131 kar\u015f\u0131layan, yenilik\u00e7i silahlar \u00fcretmektir. \u00dcr\u00fcn yelpazemizi ke\u015ffedin; markam\u0131z\u0131 tan\u0131mlayan tutku ve uzmanl\u0131\u011f\u0131 yak\u0131ndan deneyimleyin.<\/p>\n<a href=\"https:\/\/radikalarms.com\/tr\/iletisim\/\" class=\"button primary is-bevel box-shadow-3 box-shadow-5-hover\" style=\"border-radius:5px;\">\n\t\t<span>\u0130leti\u015fim<\/span>\n\t<i class=\"icon-angle-right\" aria-hidden=\"true\"><\/i><\/a>\n\n\n\n\t\t<\/div>\n\t\t\t\t\n<style>\n#col-1422904837 > .col-inner {\n  padding: 20px 20px 20px 20px;\n  border-radius: 18px;\n}\n<\/style>\n\t<\/div>\n\n\t\n\n<\/div>\n\n\t\t<\/div>\n\n\t\t\n<style>\n#section_1399263414 {\n  padding-top: 80px;\n  padding-bottom: 80px;\n}\n#section_1399263414 .section-bg-overlay {\n  background-color: rgba(0, 0, 0, 0.128);\n}\n#section_1399263414 .section-bg img {\n  object-position: 66% 31%;\n}\n<\/style>\n\t<\/section>\n\t\n\n","protected":false},"excerpt":{"rendered":"","protected":false},"author":3,"featured_media":2369,"parent":0,"menu_order":7,"comment_status":"closed","ping_status":"closed","template":"page-blank.php","meta":{"footnotes":""},"class_list":["post-2124","page","type-page","status-publish","has-post-thumbnail","hentry"],"_links":{"self":[{"href":"https:\/\/radikalarms.com\/tr\/wp-json\/wp\/v2\/pages\/2124","targetHints":{"allow":["GET"]}}],"collection":[{"href":"https:\/\/radikalarms.com\/tr\/wp-json\/wp\/v2\/pages"}],"about":[{"href":"https:\/\/radikalarms.com\/tr\/wp-json\/wp\/v2\/types\/page"}],"author":[{"embeddable":true,"href":"https:\/\/radikalarms.com\/tr\/wp-json\/wp\/v2\/users\/3"}],"replies":[{"embeddable":true,"href":"https:\/\/radikalarms.com\/tr\/wp-json\/wp\/v2\/comments?post=2124"}],"version-history":[{"count":0,"href":"https:\/\/radikalarms.com\/tr\/wp-json\/wp\/v2\/pages\/2124\/revisions"}],"wp:featuredmedia":[{"embeddable":true,"href":"https:\/\/radikalarms.com\/tr\/wp-json\/wp\/v2\/media\/2369"}],"wp:attachment":[{"href":"https:\/\/radikalarms.com\/tr\/wp-json\/wp\/v2\/media?parent=2124"}],"curies":[{"name":"wp","href":"https:\/\/api.w.org\/{rel}","templated":true}]}}