{"id":2099,"date":"2025-08-02T09:31:39","date_gmt":"2025-08-02T06:31:39","guid":{"rendered":"https:\/\/radikal.splusweb.com.tr\/gazli-yari-otomatik-tufekler\/"},"modified":"2025-08-20T22:39:27","modified_gmt":"2025-08-20T19:39:27","slug":"gazli-yari-otomatik-tufekler","status":"publish","type":"page","link":"https:\/\/radikalarms.com\/tr\/gazli-yari-otomatik-tufekler\/","title":{"rendered":"Gazl\u0131 Yar\u0131 Otomatik T\u00fcfekler"},"content":{"rendered":"\n<div class=\"row row-full-width align-middle align-center\"  id=\"row-1457673247\">\n\n\n\t<div id=\"col-206835582\" class=\"col small-12 large-12\"  >\n\t\t\t\t<div class=\"col-inner text-center\"  >\n\t\t\t\n\t\t\t\n\n\n\n<br><h1 class=\"shortcode-page-title\">Gazl\u0131 Yar\u0131 Otomatik T\u00fcfekler<\/h1>\n\n\n  \n    <div class=\"row large-columns-1 medium-columns- small-columns- row-xsmall row-full-width\" >\n  <div class=\"page-col col\" data-animate=\"fadeInLeft\">\n          <div class=\"col-inner\" >\n          <a class=\"block plain\" href=\"https:\/\/radikalarms.com\/tr\/gazli-yari-otomatik-tufekler\/sa-1\/\" title=\"SA-1\" target=\"\">\n            <div class=\"page-box box has-hover\">\n                  <div class=\"box-image\" >\n                      <div class=\"box-image\" >\n                      <img decoding=\"async\" width=\"2560\" height=\"556\" src=\"https:\/\/radikalarms.com\/wp-content\/uploads\/2025\/08\/SA-1-Radikal-Arms-1-scaled.webp\" class=\"attachment-original size-original\" alt=\"SA-1 - Radikal Arms\" srcset=\"https:\/\/radikalarms.com\/wp-content\/uploads\/2025\/08\/SA-1-Radikal-Arms-1-scaled.webp 2560w, https:\/\/radikalarms.com\/wp-content\/uploads\/2025\/08\/SA-1-Radikal-Arms-1-300x65.webp 300w, https:\/\/radikalarms.com\/wp-content\/uploads\/2025\/08\/SA-1-Radikal-Arms-1-1024x223.webp 1024w, https:\/\/radikalarms.com\/wp-content\/uploads\/2025\/08\/SA-1-Radikal-Arms-1-768x167.webp 768w, https:\/\/radikalarms.com\/wp-content\/uploads\/2025\/08\/SA-1-Radikal-Arms-1-1536x334.webp 1536w, https:\/\/radikalarms.com\/wp-content\/uploads\/2025\/08\/SA-1-Radikal-Arms-1-2048x445.webp 2048w\" sizes=\"(max-width: 2560px) 100vw, 2560px\" \/>                      <\/div>\n                                                              <\/div>\n                  <div class=\"box-text text-right\" >\n                        <div class=\"box-text-inner\">\n                            <p>SA-1<\/p>\n                        <\/div>\n                  <\/div>\n              <\/div>\n            <\/a>\n            <\/div>\n          <\/div><div class=\"page-col col\" data-animate=\"fadeInLeft\">\n          <div class=\"col-inner\" >\n          <a class=\"block plain\" href=\"https:\/\/radikalarms.com\/tr\/gazli-yari-otomatik-tufekler\/sa-3\/\" title=\"SA-3\" target=\"\">\n            <div class=\"page-box box has-hover\">\n                  <div class=\"box-image\" >\n                      <div class=\"box-image\" >\n                      <img decoding=\"async\" width=\"2560\" height=\"556\" src=\"https:\/\/radikalarms.com\/wp-content\/uploads\/2025\/08\/SA-3-Radikal-Arms-1-scaled.webp\" class=\"attachment-original size-original\" alt=\"SA-3 - Radikal Arms\" srcset=\"https:\/\/radikalarms.com\/wp-content\/uploads\/2025\/08\/SA-3-Radikal-Arms-1-scaled.webp 2560w, https:\/\/radikalarms.com\/wp-content\/uploads\/2025\/08\/SA-3-Radikal-Arms-1-300x65.webp 300w, https:\/\/radikalarms.com\/wp-content\/uploads\/2025\/08\/SA-3-Radikal-Arms-1-1024x223.webp 1024w, https:\/\/radikalarms.com\/wp-content\/uploads\/2025\/08\/SA-3-Radikal-Arms-1-768x167.webp 768w, https:\/\/radikalarms.com\/wp-content\/uploads\/2025\/08\/SA-3-Radikal-Arms-1-1536x334.webp 1536w, https:\/\/radikalarms.com\/wp-content\/uploads\/2025\/08\/SA-3-Radikal-Arms-1-2048x445.webp 2048w\" sizes=\"(max-width: 2560px) 100vw, 2560px\" \/>                      <\/div>\n                                                              <\/div>\n                  <div class=\"box-text text-right\" >\n                        <div class=\"box-text-inner\">\n                            <p>SA-3<\/p>\n                        <\/div>\n                  <\/div>\n              <\/div>\n            <\/a>\n            <\/div>\n          <\/div><div class=\"page-col col\" data-animate=\"fadeInLeft\">\n          <div class=\"col-inner\" >\n          <a class=\"block plain\" href=\"https:\/\/radikalarms.com\/tr\/gazli-yari-otomatik-tufekler\/sa-3-turkey-special\/\" title=\"SA-3 Turkey Special\" target=\"\">\n            <div class=\"page-box box has-hover\">\n                  <div class=\"box-image\" >\n                      <div class=\"box-image\" >\n                      <img decoding=\"async\" width=\"2560\" height=\"556\" src=\"https:\/\/radikalarms.com\/wp-content\/uploads\/2025\/08\/SA-3-Turkey-Special-Radikal-Arms-1-scaled.webp\" class=\"attachment-original size-original\" alt=\"SA-3 Turkey Special - Radikal Arms\" srcset=\"https:\/\/radikalarms.com\/wp-content\/uploads\/2025\/08\/SA-3-Turkey-Special-Radikal-Arms-1-scaled.webp 2560w, https:\/\/radikalarms.com\/wp-content\/uploads\/2025\/08\/SA-3-Turkey-Special-Radikal-Arms-1-300x65.webp 300w, https:\/\/radikalarms.com\/wp-content\/uploads\/2025\/08\/SA-3-Turkey-Special-Radikal-Arms-1-1024x223.webp 1024w, https:\/\/radikalarms.com\/wp-content\/uploads\/2025\/08\/SA-3-Turkey-Special-Radikal-Arms-1-768x167.webp 768w, https:\/\/radikalarms.com\/wp-content\/uploads\/2025\/08\/SA-3-Turkey-Special-Radikal-Arms-1-1536x334.webp 1536w, https:\/\/radikalarms.com\/wp-content\/uploads\/2025\/08\/SA-3-Turkey-Special-Radikal-Arms-1-2048x445.webp 2048w\" sizes=\"(max-width: 2560px) 100vw, 2560px\" \/>                      <\/div>\n                                                              <\/div>\n                  <div class=\"box-text text-right\" >\n                        <div class=\"box-text-inner\">\n                            <p>SA-3 Turkey Special<\/p>\n                        <\/div>\n                  <\/div>\n              <\/div>\n            <\/a>\n            <\/div>\n          <\/div><div class=\"page-col col\" data-animate=\"fadeInLeft\">\n          <div class=\"col-inner\" >\n          <a class=\"block plain\" href=\"https:\/\/radikalarms.com\/tr\/gazli-yari-otomatik-tufekler\/sa-7\/\" title=\"SA-7\" target=\"\">\n            <div class=\"page-box box has-hover\">\n                  <div class=\"box-image\" >\n                      <div class=\"box-image\" >\n                      <img decoding=\"async\" width=\"2560\" height=\"556\" src=\"https:\/\/radikalarms.com\/wp-content\/uploads\/2025\/08\/Radikal-Arms-SA-7-Radikal-Arms-2-scaled.webp\" class=\"attachment-original size-original\" alt=\"Radikal Arms SA-7 - Radikal Arms\" srcset=\"https:\/\/radikalarms.com\/wp-content\/uploads\/2025\/08\/Radikal-Arms-SA-7-Radikal-Arms-2-scaled.webp 2560w, https:\/\/radikalarms.com\/wp-content\/uploads\/2025\/08\/Radikal-Arms-SA-7-Radikal-Arms-2-300x65.webp 300w, https:\/\/radikalarms.com\/wp-content\/uploads\/2025\/08\/Radikal-Arms-SA-7-Radikal-Arms-2-1024x223.webp 1024w, https:\/\/radikalarms.com\/wp-content\/uploads\/2025\/08\/Radikal-Arms-SA-7-Radikal-Arms-2-768x167.webp 768w, https:\/\/radikalarms.com\/wp-content\/uploads\/2025\/08\/Radikal-Arms-SA-7-Radikal-Arms-2-1536x334.webp 1536w, https:\/\/radikalarms.com\/wp-content\/uploads\/2025\/08\/Radikal-Arms-SA-7-Radikal-Arms-2-2048x445.webp 2048w\" sizes=\"(max-width: 2560px) 100vw, 2560px\" \/>                      <\/div>\n                                                              <\/div>\n                  <div class=\"box-text text-right\" >\n                        <div class=\"box-text-inner\">\n                            <p>SA-7<\/p>\n                        <\/div>\n                  <\/div>\n              <\/div>\n            <\/a>\n            <\/div>\n          <\/div><\/div>\n\n\n\t\t<\/div>\n\t\t\t\t\n<style>\n#col-206835582 > .col-inner {\n  padding: 0px 0px 0px 0px;\n}\n@media (min-width:850px) {\n  #col-206835582 > .col-inner {\n    padding: 0px 100px 0px 100px;\n  }\n}\n<\/style>\n\t<\/div>\n\n\t\n\n<\/div>\n\n","protected":false},"excerpt":{"rendered":"","protected":false},"author":3,"featured_media":2410,"parent":0,"menu_order":47,"comment_status":"closed","ping_status":"closed","template":"page-blank.php","meta":{"footnotes":""},"class_list":["post-2099","page","type-page","status-publish","has-post-thumbnail","hentry"],"_links":{"self":[{"href":"https:\/\/radikalarms.com\/tr\/wp-json\/wp\/v2\/pages\/2099","targetHints":{"allow":["GET"]}}],"collection":[{"href":"https:\/\/radikalarms.com\/tr\/wp-json\/wp\/v2\/pages"}],"about":[{"href":"https:\/\/radikalarms.com\/tr\/wp-json\/wp\/v2\/types\/page"}],"author":[{"embeddable":true,"href":"https:\/\/radikalarms.com\/tr\/wp-json\/wp\/v2\/users\/3"}],"replies":[{"embeddable":true,"href":"https:\/\/radikalarms.com\/tr\/wp-json\/wp\/v2\/comments?post=2099"}],"version-history":[{"count":0,"href":"https:\/\/radikalarms.com\/tr\/wp-json\/wp\/v2\/pages\/2099\/revisions"}],"wp:featuredmedia":[{"embeddable":true,"href":"https:\/\/radikalarms.com\/tr\/wp-json\/wp\/v2\/media\/2410"}],"wp:attachment":[{"href":"https:\/\/radikalarms.com\/tr\/wp-json\/wp\/v2\/media?parent=2099"}],"curies":[{"name":"wp","href":"https:\/\/api.w.org\/{rel}","templated":true}]}}