{"id":2094,"date":"2025-08-02T09:29:15","date_gmt":"2025-08-02T06:29:15","guid":{"rendered":"https:\/\/radikal.splusweb.com.tr\/urunlerimiz\/"},"modified":"2025-12-12T11:33:56","modified_gmt":"2025-12-12T08:33:56","slug":"urunlerimiz","status":"publish","type":"page","link":"https:\/\/radikalarms.com\/tr\/urunlerimiz\/","title":{"rendered":"\u00dcr\u00fcnlerimiz"},"content":{"rendered":"\n\n\t<section class=\"section\" id=\"section_18281243\">\n\t\t<div class=\"section-bg fill\" >\n\t\t\t\t\t\t\t\t\t\n\t\t\t\n\n\t\t<\/div>\n\n\t\t\n\n\t\t<div class=\"section-content relative\">\n\t\t\t\n\n<div class=\"row align-middle align-center\"  id=\"row-770462265\">\n\n\n\t<div id=\"col-625463\" class=\"col small-12 large-12\"  >\n\t\t\t\t<div class=\"col-inner text-center\"  >\n\t\t\t\n\t\t\t\n\n<h1 class=\"shortcode-page-title\">\u00dcr\u00fcnlerimiz<\/h1>\n\n\n\t\t<\/div>\n\t\t\t\t\n<style>\n#col-625463 > .col-inner {\n  padding: 25px 0px 0px 0px;\n}\n@media (min-width:850px) {\n  #col-625463 > .col-inner {\n    padding: 50px 0px 0px 0px;\n  }\n}\n<\/style>\n\t<\/div>\n\n\t\n\n<\/div>\n\n\t<section class=\"section\" id=\"section_636296431\">\n\t\t<div class=\"section-bg fill\" >\n\t\t\t\t\t\t\t\t\t\n\t\t\t\n\n\t\t<\/div>\n\n\t\t\n\n\t\t<div class=\"section-content relative\">\n\t\t\t\n\n<div class=\"row row-collapse align-bottom\" style=\"max-width:1400px\" id=\"row-441812276\">\n\n\n\t<div id=\"col-1408896836\" class=\"col medium-12 small-12 large-9\"  >\n\t\t\t\t<div class=\"col-inner text-center\"  >\n\t\t\t\n\t\t\t\n\n\t<div class=\"img has-hover product-page-banner product-page-animate x md-x lg-x y md-y lg-y\" id=\"image_1348186771\">\n\t\t<a class=\"\" href=\"https:\/\/radikalarms.com\/tr\/kinetik-tufekler\/\" >\t\t\t\t\t\t<div class=\"img-inner dark\" style=\"margin:0px 10px 0px 10px;\">\n\t\t\t<img decoding=\"async\" width=\"2560\" height=\"556\" src=\"https:\/\/radikalarms.com\/wp-content\/uploads\/2025\/08\/Inertia-Shotguns-Radikal-Arms.webp\" class=\"attachment-original size-original\" alt=\"\" srcset=\"https:\/\/radikalarms.com\/wp-content\/uploads\/2025\/08\/Inertia-Shotguns-Radikal-Arms.webp 2560w, https:\/\/radikalarms.com\/wp-content\/uploads\/2025\/08\/Inertia-Shotguns-Radikal-Arms-300x65.webp 300w, https:\/\/radikalarms.com\/wp-content\/uploads\/2025\/08\/Inertia-Shotguns-Radikal-Arms-1024x222.webp 1024w, https:\/\/radikalarms.com\/wp-content\/uploads\/2025\/08\/Inertia-Shotguns-Radikal-Arms-768x167.webp 768w, https:\/\/radikalarms.com\/wp-content\/uploads\/2025\/08\/Inertia-Shotguns-Radikal-Arms-1536x334.webp 1536w, https:\/\/radikalarms.com\/wp-content\/uploads\/2025\/08\/Inertia-Shotguns-Radikal-Arms-2048x445.webp 2048w\" sizes=\"(max-width: 2560px) 100vw, 2560px\" \/>\t\t\t\t\t\t\n\t\t\t\t\t<\/div>\n\t\t\t\t\t\t<\/a>\t\t\n<style>\n#image_1348186771 {\n  width: 100%;\n}\n<\/style>\n\t<\/div>\n\t\n\n\n\t\t<\/div>\n\t\t\t\t\t<\/div>\n\n\t\n\n\t<div id=\"col-1342402498\" class=\"col medium-12 small-12 large-3\"  data-animate=\"bounceInRight\">\n\t\t\t\t<div class=\"col-inner text-right\"  >\n\t\t\t\n\t\t\t\n\n\t<div class=\"ux-menu stack stack-col justify-start custom-gallery-menu ux-menu--divider-solid\">\n\t\t\n\n\t<div class=\"ux-menu-link flex menu-item\">\n\t\t<a class=\"ux-menu-link__link flex\" href=\"https:\/\/radikalarms.com\/inertia-shotguns\/\" >\n\t\t\t\t\t\t<span class=\"ux-menu-link__text\">\n\t\t\t\tK\u0130NET\u0130K T\u00dcFEKLER\t\t\t<\/span>\n\t\t<\/a>\n\t<\/div>\n\t\n\n\n\t<\/div>\n\t\n\n\t\t<\/div>\n\t\t\t\t\t<\/div>\n\n\t\n\n\n<style>\n#row-441812276 > .col > .col-inner {\n  padding: 5px 10px 5px 10px;\n}\n@media (min-width:550px) {\n  #row-441812276 > .col > .col-inner {\n    padding: 0px 30px 0px 30px;\n  }\n}\n@media (min-width:850px) {\n  #row-441812276 > .col > .col-inner {\n    padding: 10px 10px 10px 10px;\n  }\n}\n<\/style>\n<\/div>\n<div class=\"row row-collapse align-bottom\" style=\"max-width:1400px\" id=\"row-179389827\">\n\n\n\t<div id=\"col-1120417215\" class=\"col medium-12 small-12 large-9\"  >\n\t\t\t\t<div class=\"col-inner text-center\"  >\n\t\t\t\n\t\t\t\n\n\t<div class=\"img has-hover product-page-banner product-page-animate x md-x lg-x y md-y lg-y\" id=\"image_1876589989\">\n\t\t<a class=\"\" href=\"https:\/\/radikalarms.com\/tr\/gaz-destekli-kinetik-yari-otomatik-tufekler\/\" >\t\t\t\t\t\t<div class=\"img-inner dark\" style=\"margin:0px 10px 0px 10px;\">\n\t\t\t<img decoding=\"async\" width=\"2560\" height=\"556\" src=\"https:\/\/radikalarms.com\/wp-content\/uploads\/2025\/11\/webp.webp\" class=\"attachment-original size-original\" alt=\"\" srcset=\"https:\/\/radikalarms.com\/wp-content\/uploads\/2025\/11\/webp.webp 2560w, https:\/\/radikalarms.com\/wp-content\/uploads\/2025\/11\/webp-300x65.webp 300w, https:\/\/radikalarms.com\/wp-content\/uploads\/2025\/11\/webp-1024x222.webp 1024w, https:\/\/radikalarms.com\/wp-content\/uploads\/2025\/11\/webp-768x167.webp 768w, https:\/\/radikalarms.com\/wp-content\/uploads\/2025\/11\/webp-1536x334.webp 1536w, https:\/\/radikalarms.com\/wp-content\/uploads\/2025\/11\/webp-2048x445.webp 2048w\" sizes=\"(max-width: 2560px) 100vw, 2560px\" \/>\t\t\t\t\t\t\n\t\t\t\t\t<\/div>\n\t\t\t\t\t\t<\/a>\t\t\n<style>\n#image_1876589989 {\n  width: 100%;\n}\n<\/style>\n\t<\/div>\n\t\n\n\n\t\t<\/div>\n\t\t\t\t\t<\/div>\n\n\t\n\n\t<div id=\"col-1565698560\" class=\"col medium-12 small-12 large-3\"  data-animate=\"bounceInRight\">\n\t\t\t\t<div class=\"col-inner text-right\"  >\n\t\t\t\n\t\t\t\n\n\t<div class=\"ux-menu stack stack-col justify-start custom-gallery-menu ux-menu--divider-solid\">\n\t\t\n\n\t<div class=\"ux-menu-link flex menu-item\">\n\t\t<a class=\"ux-menu-link__link flex\" href=\"https:\/\/radikalarms.com\/gas-assisted-inertia-semi-auto-shotguns\/\" >\n\t\t\t\t\t\t<span class=\"ux-menu-link__text\">\n\t\t\t\tGAZ DESTEKL\u0130 K\u0130NET\u0130K YARI OTOMAT\u0130K T\u00dcFEKLER\t\t\t<\/span>\n\t\t<\/a>\n\t<\/div>\n\t\n\n\n\t<\/div>\n\t\n\n\t\t<\/div>\n\t\t\t\t\t<\/div>\n\n\t\n\n\n<style>\n#row-179389827 > .col > .col-inner {\n  padding: 5px 10px 5px 10px;\n}\n@media (min-width:550px) {\n  #row-179389827 > .col > .col-inner {\n    padding: 0px 30px 0px 30px;\n  }\n}\n@media (min-width:850px) {\n  #row-179389827 > .col > .col-inner {\n    padding: 10px 10px 10px 10px;\n  }\n}\n<\/style>\n<\/div>\n<div class=\"row row-collapse align-bottom\" style=\"max-width:1400px\" id=\"row-1689367756\">\n\n\n\t<div id=\"col-1156254977\" class=\"col medium-12 small-12 large-9\"  >\n\t\t\t\t<div class=\"col-inner text-center\"  >\n\t\t\t\n\t\t\t\n\n\t<div class=\"img has-hover product-page-banner product-page-animate x md-x lg-x y md-y lg-y\" id=\"image_974052534\">\n\t\t<a class=\"\" href=\"https:\/\/radikalarms.com\/tr\/gazli-yari-otomatik-tufekler\/\" >\t\t\t\t\t\t<div class=\"img-inner dark\" style=\"margin:0px 10px 0px 10px;\">\n\t\t\t<img decoding=\"async\" width=\"2560\" height=\"556\" src=\"https:\/\/radikalarms.com\/wp-content\/uploads\/2025\/08\/Gas-Operated-Semi-Auto-Shotguns-Radikal-Arms.webp\" class=\"attachment-original size-original\" alt=\"\" srcset=\"https:\/\/radikalarms.com\/wp-content\/uploads\/2025\/08\/Gas-Operated-Semi-Auto-Shotguns-Radikal-Arms.webp 2560w, https:\/\/radikalarms.com\/wp-content\/uploads\/2025\/08\/Gas-Operated-Semi-Auto-Shotguns-Radikal-Arms-300x65.webp 300w, https:\/\/radikalarms.com\/wp-content\/uploads\/2025\/08\/Gas-Operated-Semi-Auto-Shotguns-Radikal-Arms-1024x222.webp 1024w, https:\/\/radikalarms.com\/wp-content\/uploads\/2025\/08\/Gas-Operated-Semi-Auto-Shotguns-Radikal-Arms-768x167.webp 768w, https:\/\/radikalarms.com\/wp-content\/uploads\/2025\/08\/Gas-Operated-Semi-Auto-Shotguns-Radikal-Arms-1536x334.webp 1536w, https:\/\/radikalarms.com\/wp-content\/uploads\/2025\/08\/Gas-Operated-Semi-Auto-Shotguns-Radikal-Arms-2048x445.webp 2048w\" sizes=\"(max-width: 2560px) 100vw, 2560px\" \/>\t\t\t\t\t\t\n\t\t\t\t\t<\/div>\n\t\t\t\t\t\t<\/a>\t\t\n<style>\n#image_974052534 {\n  width: 100%;\n}\n<\/style>\n\t<\/div>\n\t\n\n\n\t\t<\/div>\n\t\t\t\t\t<\/div>\n\n\t\n\n\t<div id=\"col-1298114264\" class=\"col medium-12 small-12 large-3\"  data-animate=\"bounceInRight\">\n\t\t\t\t<div class=\"col-inner text-right\"  >\n\t\t\t\n\t\t\t\n\n\t<div class=\"ux-menu stack stack-col justify-start custom-gallery-menu ux-menu--divider-solid\">\n\t\t\n\n\t<div class=\"ux-menu-link flex menu-item\">\n\t\t<a class=\"ux-menu-link__link flex\" href=\"https:\/\/radikalarms.com\/gas-operated-semi-auto-shotguns\/\" >\n\t\t\t\t\t\t<span class=\"ux-menu-link__text\">\n\t\t\t\tGAZLI YARI OTOMAT\u0130K T\u00dcFEKLER\t\t\t<\/span>\n\t\t<\/a>\n\t<\/div>\n\t\n\n\n\t<\/div>\n\t\n\n\t\t<\/div>\n\t\t\t\t\t<\/div>\n\n\t\n\n\n<style>\n#row-1689367756 > .col > .col-inner {\n  padding: 5px 10px 5px 10px;\n}\n@media (min-width:550px) {\n  #row-1689367756 > .col > .col-inner {\n    padding: 0px 10px 5px 10px;\n  }\n}\n@media (min-width:850px) {\n  #row-1689367756 > .col > .col-inner {\n    padding: 10px 10px 10px 10px;\n  }\n}\n<\/style>\n<\/div>\n<div class=\"row row-collapse align-bottom\" style=\"max-width:1400px\" id=\"row-1537391319\">\n\n\n\t<div id=\"col-1197942425\" class=\"col medium-12 small-12 large-9\"  >\n\t\t\t\t<div class=\"col-inner text-center\"  >\n\t\t\t\n\t\t\t\n\n\t<div class=\"img has-hover product-page-banner product-page-animate x md-x lg-x y md-y lg-y\" id=\"image_850937420\">\n\t\t<a class=\"\" href=\"https:\/\/radikalarms.com\/tr\/pompali-tufekler\/\" >\t\t\t\t\t\t<div class=\"img-inner dark\" style=\"margin:0px 10px 0px 10px;\">\n\t\t\t<img decoding=\"async\" width=\"2560\" height=\"556\" src=\"https:\/\/radikalarms.com\/wp-content\/uploads\/2025\/08\/Pump-Action-Shotguns-Radikal-Arms.webp\" class=\"attachment-original size-original\" alt=\"\" srcset=\"https:\/\/radikalarms.com\/wp-content\/uploads\/2025\/08\/Pump-Action-Shotguns-Radikal-Arms.webp 2560w, https:\/\/radikalarms.com\/wp-content\/uploads\/2025\/08\/Pump-Action-Shotguns-Radikal-Arms-300x65.webp 300w, https:\/\/radikalarms.com\/wp-content\/uploads\/2025\/08\/Pump-Action-Shotguns-Radikal-Arms-1024x222.webp 1024w, https:\/\/radikalarms.com\/wp-content\/uploads\/2025\/08\/Pump-Action-Shotguns-Radikal-Arms-768x167.webp 768w, https:\/\/radikalarms.com\/wp-content\/uploads\/2025\/08\/Pump-Action-Shotguns-Radikal-Arms-1536x334.webp 1536w, https:\/\/radikalarms.com\/wp-content\/uploads\/2025\/08\/Pump-Action-Shotguns-Radikal-Arms-2048x445.webp 2048w\" sizes=\"(max-width: 2560px) 100vw, 2560px\" \/>\t\t\t\t\t\t\n\t\t\t\t\t<\/div>\n\t\t\t\t\t\t<\/a>\t\t\n<style>\n#image_850937420 {\n  width: 100%;\n}\n<\/style>\n\t<\/div>\n\t\n\n\n\t\t<\/div>\n\t\t\t\t\n<style>\n#col-1197942425 > .col-inner {\n  margin: 0px 0px -15px 0px;\n}\n<\/style>\n\t<\/div>\n\n\t\n\n\t<div id=\"col-187188588\" class=\"col medium-12 small-12 large-3\"  data-animate=\"bounceInRight\">\n\t\t\t\t<div class=\"col-inner text-right\"  >\n\t\t\t\n\t\t\t\n\n\t<div class=\"ux-menu stack stack-col justify-start custom-gallery-menu ux-menu--divider-solid\">\n\t\t\n\n\t<div class=\"ux-menu-link flex menu-item\">\n\t\t<a class=\"ux-menu-link__link flex\" href=\"https:\/\/radikalarms.com\/pump-action-shotguns\/\" >\n\t\t\t\t\t\t<span class=\"ux-menu-link__text\">\n\t\t\t\tPOMPALI T\u00dcFEKLER\t\t\t<\/span>\n\t\t<\/a>\n\t<\/div>\n\t\n\n\n\t<\/div>\n\t\n\n\t\t<\/div>\n\t\t\t\t\t<\/div>\n\n\t\n\n\n<style>\n#row-1537391319 > .col > .col-inner {\n  padding: 5px 10px 5px 10px;\n}\n@media (min-width:550px) {\n  #row-1537391319 > .col > .col-inner {\n    padding: 0px 10px 5px 10px;\n  }\n}\n@media (min-width:850px) {\n  #row-1537391319 > .col > .col-inner {\n    padding: 10px 10px 10px 10px;\n  }\n}\n<\/style>\n<\/div>\n<div class=\"row row-collapse align-bottom\" style=\"max-width:1400px\" id=\"row-1039835578\">\n\n\n\t<div id=\"col-271961807\" class=\"col medium-12 small-12 large-9\"  >\n\t\t\t\t<div class=\"col-inner text-center\"  >\n\t\t\t\n\t\t\t\n\n\t<div class=\"img has-hover product-page-banner product-page-animate x md-x lg-x y md-y lg-y\" id=\"image_2118794255\">\n\t\t<a class=\"\" href=\"https:\/\/radikalarms.com\/tr\/tek-kirma-tufekler\/\" >\t\t\t\t\t\t<div class=\"img-inner dark\" style=\"margin:0px 10px 0px 10px;\">\n\t\t\t<img decoding=\"async\" width=\"2560\" height=\"556\" src=\"https:\/\/radikalarms.com\/wp-content\/uploads\/2025\/08\/Single-Barrel-Shotguns-Radikal-Arms.webp\" class=\"attachment-original size-original\" alt=\"\" srcset=\"https:\/\/radikalarms.com\/wp-content\/uploads\/2025\/08\/Single-Barrel-Shotguns-Radikal-Arms.webp 2560w, https:\/\/radikalarms.com\/wp-content\/uploads\/2025\/08\/Single-Barrel-Shotguns-Radikal-Arms-300x65.webp 300w, https:\/\/radikalarms.com\/wp-content\/uploads\/2025\/08\/Single-Barrel-Shotguns-Radikal-Arms-1024x222.webp 1024w, https:\/\/radikalarms.com\/wp-content\/uploads\/2025\/08\/Single-Barrel-Shotguns-Radikal-Arms-768x167.webp 768w, https:\/\/radikalarms.com\/wp-content\/uploads\/2025\/08\/Single-Barrel-Shotguns-Radikal-Arms-1536x334.webp 1536w, https:\/\/radikalarms.com\/wp-content\/uploads\/2025\/08\/Single-Barrel-Shotguns-Radikal-Arms-2048x445.webp 2048w\" sizes=\"(max-width: 2560px) 100vw, 2560px\" \/>\t\t\t\t\t\t\n\t\t\t\t\t<\/div>\n\t\t\t\t\t\t<\/a>\t\t\n<style>\n#image_2118794255 {\n  width: 100%;\n}\n<\/style>\n\t<\/div>\n\t\n\n\n\t\t<\/div>\n\t\t\t\t\n<style>\n#col-271961807 > .col-inner {\n  margin: 0px 0px -15px 0px;\n}\n<\/style>\n\t<\/div>\n\n\t\n\n\t<div id=\"col-1059468600\" class=\"col medium-12 small-12 large-3\"  data-animate=\"bounceInRight\">\n\t\t\t\t<div class=\"col-inner text-right\"  >\n\t\t\t\n\t\t\t\n\n\t<div class=\"ux-menu stack stack-col justify-start custom-gallery-menu ux-menu--divider-solid\">\n\t\t\n\n\t<div class=\"ux-menu-link flex menu-item\">\n\t\t<a class=\"ux-menu-link__link flex\" href=\"https:\/\/radikalarms.com\/single-barrel-shotguns\/\" >\n\t\t\t\t\t\t<span class=\"ux-menu-link__text\">\n\t\t\t\tTEK KIRMA T\u00dcFEKLER\t\t\t<\/span>\n\t\t<\/a>\n\t<\/div>\n\t\n\n\n\t<\/div>\n\t\n\n\t\t<\/div>\n\t\t\t\t\t<\/div>\n\n\t\n\n\n<style>\n#row-1039835578 > .col > .col-inner {\n  padding: 5px 10px 5px 10px;\n}\n@media (min-width:550px) {\n  #row-1039835578 > .col > .col-inner {\n    padding: 0px 10px 5px 10px;\n  }\n}\n@media (min-width:850px) {\n  #row-1039835578 > .col > .col-inner {\n    padding: 10px 10px 10px 10px;\n  }\n}\n<\/style>\n<\/div>\n<div class=\"row row-collapse align-bottom\" style=\"max-width:1400px\" id=\"row-1838118122\">\n\n\n\t<div id=\"col-2124972983\" class=\"col medium-12 small-12 large-9\"  >\n\t\t\t\t<div class=\"col-inner text-center\"  >\n\t\t\t\n\t\t\t\n\n\t<div class=\"img has-hover product-page-banner product-page-animate x md-x lg-x y md-y lg-y\" id=\"image_1854973187\">\n\t\t<a class=\"\" href=\"https:\/\/radikalarms.com\/tr\/toplu-tufekler\/\" >\t\t\t\t\t\t<div class=\"img-inner dark\" style=\"margin:0px 10px 0px 10px;\">\n\t\t\t<img decoding=\"async\" width=\"2560\" height=\"556\" src=\"https:\/\/radikalarms.com\/wp-content\/uploads\/2025\/08\/Revolver-Shotguns-Radikal-Arms.webp\" class=\"attachment-original size-original\" alt=\"\" srcset=\"https:\/\/radikalarms.com\/wp-content\/uploads\/2025\/08\/Revolver-Shotguns-Radikal-Arms.webp 2560w, https:\/\/radikalarms.com\/wp-content\/uploads\/2025\/08\/Revolver-Shotguns-Radikal-Arms-300x65.webp 300w, https:\/\/radikalarms.com\/wp-content\/uploads\/2025\/08\/Revolver-Shotguns-Radikal-Arms-1024x222.webp 1024w, https:\/\/radikalarms.com\/wp-content\/uploads\/2025\/08\/Revolver-Shotguns-Radikal-Arms-768x167.webp 768w, https:\/\/radikalarms.com\/wp-content\/uploads\/2025\/08\/Revolver-Shotguns-Radikal-Arms-1536x334.webp 1536w, https:\/\/radikalarms.com\/wp-content\/uploads\/2025\/08\/Revolver-Shotguns-Radikal-Arms-2048x445.webp 2048w\" sizes=\"(max-width: 2560px) 100vw, 2560px\" \/>\t\t\t\t\t\t\n\t\t\t\t\t<\/div>\n\t\t\t\t\t\t<\/a>\t\t\n<style>\n#image_1854973187 {\n  width: 100%;\n}\n<\/style>\n\t<\/div>\n\t\n\n\n\t\t<\/div>\n\t\t\t\t\n<style>\n#col-2124972983 > .col-inner {\n  margin: 0px 0px -15px 0px;\n}\n<\/style>\n\t<\/div>\n\n\t\n\n\t<div id=\"col-1200239583\" class=\"col medium-12 small-12 large-3\"  data-animate=\"bounceInRight\">\n\t\t\t\t<div class=\"col-inner text-right\"  >\n\t\t\t\n\t\t\t\n\n\t<div class=\"ux-menu stack stack-col justify-start custom-gallery-menu ux-menu--divider-solid\">\n\t\t\n\n\t<div class=\"ux-menu-link flex menu-item\">\n\t\t<a class=\"ux-menu-link__link flex\" href=\"https:\/\/radikalarms.com\/revolver-shotguns\/\" >\n\t\t\t\t\t\t<span class=\"ux-menu-link__text\">\n\t\t\t\tTOPLU T\u00dcFEKLER\t\t\t<\/span>\n\t\t<\/a>\n\t<\/div>\n\t\n\n\n\t<\/div>\n\t\n\n\t\t<\/div>\n\t\t\t\t\t<\/div>\n\n\t\n\n\n<style>\n#row-1838118122 > .col > .col-inner {\n  padding: 5px 10px 5px 10px;\n}\n@media (min-width:550px) {\n  #row-1838118122 > .col > .col-inner {\n    padding: 0px 10px 5px 10px;\n  }\n}\n@media (min-width:850px) {\n  #row-1838118122 > .col > .col-inner {\n    padding: 10px 10px 10px 10px;\n  }\n}\n<\/style>\n<\/div>\n<div class=\"row row-collapse align-bottom\" style=\"max-width:1400px\" id=\"row-1078167981\">\n\n\n\t<div id=\"col-1987173202\" class=\"col medium-12 small-12 large-9\"  >\n\t\t\t\t<div class=\"col-inner text-center\"  >\n\t\t\t\n\t\t\t\n\n\t<div class=\"img has-hover product-page-banner product-page-animate x md-x lg-x y md-y lg-y\" id=\"image_1786028684\">\n\t\t<a class=\"\" href=\"https:\/\/radikalarms.com\/tr\/bullpup\/\" >\t\t\t\t\t\t<div class=\"img-inner dark\" style=\"margin:0px 0px 25px 0px;\">\n\t\t\t<img decoding=\"async\" width=\"2280\" height=\"742\" src=\"https:\/\/radikalarms.com\/wp-content\/uploads\/2025\/08\/Bullpup-Shotgun-Radikal-Arms-1.webp\" class=\"attachment-original size-original\" alt=\"\" srcset=\"https:\/\/radikalarms.com\/wp-content\/uploads\/2025\/08\/Bullpup-Shotgun-Radikal-Arms-1.webp 2280w, https:\/\/radikalarms.com\/wp-content\/uploads\/2025\/08\/Bullpup-Shotgun-Radikal-Arms-1-300x98.webp 300w, https:\/\/radikalarms.com\/wp-content\/uploads\/2025\/08\/Bullpup-Shotgun-Radikal-Arms-1-1024x333.webp 1024w, https:\/\/radikalarms.com\/wp-content\/uploads\/2025\/08\/Bullpup-Shotgun-Radikal-Arms-1-768x250.webp 768w, https:\/\/radikalarms.com\/wp-content\/uploads\/2025\/08\/Bullpup-Shotgun-Radikal-Arms-1-1536x500.webp 1536w, https:\/\/radikalarms.com\/wp-content\/uploads\/2025\/08\/Bullpup-Shotgun-Radikal-Arms-1-2048x666.webp 2048w\" sizes=\"(max-width: 2280px) 100vw, 2280px\" \/>\t\t\t\t\t\t\n\t\t\t\t\t<\/div>\n\t\t\t\t\t\t<\/a>\t\t\n<style>\n#image_1786028684 {\n  width: 100%;\n}\n<\/style>\n\t<\/div>\n\t\n\n\n\t\t<\/div>\n\t\t\t\t\n<style>\n#col-1987173202 > .col-inner {\n  margin: 0px 0px -15px 0px;\n}\n<\/style>\n\t<\/div>\n\n\t\n\n\t<div id=\"col-50582984\" class=\"col medium-12 small-12 large-3\"  data-animate=\"bounceInRight\">\n\t\t\t\t<div class=\"col-inner text-right\"  >\n\t\t\t\n\t\t\t\n\n\t<div class=\"ux-menu stack stack-col justify-start custom-gallery-menu ux-menu--divider-solid\">\n\t\t\n\n\t<div class=\"ux-menu-link flex menu-item\">\n\t\t<a class=\"ux-menu-link__link flex\" href=\"https:\/\/radikalarms.com\/bullpup\/\" >\n\t\t\t\t\t\t<span class=\"ux-menu-link__text\">\n\t\t\t\tBULLPUP\t\t\t<\/span>\n\t\t<\/a>\n\t<\/div>\n\t\n\n\n\t<\/div>\n\t\n\n\t\t<\/div>\n\t\t\t\t\t<\/div>\n\n\t\n\n\n<style>\n#row-1078167981 > .col > .col-inner {\n  padding: 10px 10px 10px 10px;\n}\n@media (min-width:550px) {\n  #row-1078167981 > .col > .col-inner {\n    padding: 10px 30px 10px 30px;\n  }\n}\n@media (min-width:850px) {\n  #row-1078167981 > .col > .col-inner {\n    padding: 20px 10px 20px 10px;\n  }\n}\n<\/style>\n<\/div>\n<div class=\"row row-collapse align-bottom\" style=\"max-width:1400px\" id=\"row-2024273686\">\n\n\n\t<div id=\"col-107111145\" class=\"col medium-12 small-12 large-9\"  >\n\t\t\t\t<div class=\"col-inner text-center\"  >\n\t\t\t\n\t\t\t\n\n\t<div class=\"img has-hover product-page-banner product-page-animate x md-x lg-x y md-y lg-y\" id=\"image_199309556\">\n\t\t<a class=\"\" href=\"https:\/\/radikalarms.com\/tr\/sarjorlu-tufekler\/\" >\t\t\t\t\t\t<div class=\"img-inner dark\" style=\"margin:0px 0px 25px 0px;\">\n\t\t\t<img decoding=\"async\" width=\"2132\" height=\"595\" src=\"https:\/\/radikalarms.com\/wp-content\/uploads\/2025\/08\/Magazine-Fed-Shotgun-Radikal-Arms-1.webp\" class=\"attachment-original size-original\" alt=\"\" srcset=\"https:\/\/radikalarms.com\/wp-content\/uploads\/2025\/08\/Magazine-Fed-Shotgun-Radikal-Arms-1.webp 2132w, https:\/\/radikalarms.com\/wp-content\/uploads\/2025\/08\/Magazine-Fed-Shotgun-Radikal-Arms-1-300x84.webp 300w, https:\/\/radikalarms.com\/wp-content\/uploads\/2025\/08\/Magazine-Fed-Shotgun-Radikal-Arms-1-1024x286.webp 1024w, https:\/\/radikalarms.com\/wp-content\/uploads\/2025\/08\/Magazine-Fed-Shotgun-Radikal-Arms-1-768x214.webp 768w, https:\/\/radikalarms.com\/wp-content\/uploads\/2025\/08\/Magazine-Fed-Shotgun-Radikal-Arms-1-1536x429.webp 1536w, https:\/\/radikalarms.com\/wp-content\/uploads\/2025\/08\/Magazine-Fed-Shotgun-Radikal-Arms-1-2048x572.webp 2048w\" sizes=\"(max-width: 2132px) 100vw, 2132px\" \/>\t\t\t\t\t\t\n\t\t\t\t\t<\/div>\n\t\t\t\t\t\t<\/a>\t\t\n<style>\n#image_199309556 {\n  width: 100%;\n}\n<\/style>\n\t<\/div>\n\t\n\n\n\t\t<\/div>\n\t\t\t\t\n<style>\n#col-107111145 > .col-inner {\n  padding: 0px 0px 10px 0px;\n  margin: 0px 0px -15px 0px;\n}\n<\/style>\n\t<\/div>\n\n\t\n\n\t<div id=\"col-389796616\" class=\"col medium-12 small-12 large-3\"  data-animate=\"bounceInRight\">\n\t\t\t\t<div class=\"col-inner text-right\"  >\n\t\t\t\n\t\t\t\n\n\t<div class=\"ux-menu stack stack-col justify-start custom-gallery-menu ux-menu--divider-solid\">\n\t\t\n\n\t<div class=\"ux-menu-link flex menu-item\">\n\t\t<a class=\"ux-menu-link__link flex\" href=\"https:\/\/radikalarms.com\/magazine-fed-shotguns\/\" >\n\t\t\t\t\t\t<span class=\"ux-menu-link__text\">\n\t\t\t\t\u015eARJ\u00d6RL\u00dc T\u00dcFEKLER\t\t\t<\/span>\n\t\t<\/a>\n\t<\/div>\n\t\n\n\n\t<\/div>\n\t\n\n\t\t<\/div>\n\t\t\t\t\t<\/div>\n\n\t\n\n\n<style>\n#row-2024273686 > .col > .col-inner {\n  padding: 10px 10px 10px 10px;\n}\n@media (min-width:550px) {\n  #row-2024273686 > .col > .col-inner {\n    padding: 10px 40px 10px 30px;\n  }\n}\n@media (min-width:850px) {\n  #row-2024273686 > .col > .col-inner {\n    padding: 20px 10px 20px 10px;\n  }\n}\n<\/style>\n<\/div>\n<div class=\"row row-collapse align-bottom\" style=\"max-width:1400px\" id=\"row-1258645854\">\n\n\n\t<div id=\"col-700298086\" class=\"col medium-12 small-12 large-9\"  >\n\t\t\t\t<div class=\"col-inner text-center\"  >\n\t\t\t\n\t\t\t\n\n\t<div class=\"img has-hover product-page-banner product-page-animate x md-x lg-x y md-y lg-y\" id=\"image_1148328305\">\n\t\t<a class=\"\" href=\"https:\/\/radikalarms.com\/tr\/tabancalar\/\" >\t\t\t\t\t\t<div class=\"img-inner dark\" >\n\t\t\t<img decoding=\"async\" width=\"2560\" height=\"949\" src=\"https:\/\/radikalarms.com\/wp-content\/uploads\/2025\/08\/p12-scaled.webp\" class=\"attachment-original size-original\" alt=\"\" srcset=\"https:\/\/radikalarms.com\/wp-content\/uploads\/2025\/08\/p12-scaled.webp 2560w, https:\/\/radikalarms.com\/wp-content\/uploads\/2025\/08\/p12-300x111.webp 300w, https:\/\/radikalarms.com\/wp-content\/uploads\/2025\/08\/p12-1024x380.webp 1024w, https:\/\/radikalarms.com\/wp-content\/uploads\/2025\/08\/p12-768x285.webp 768w, https:\/\/radikalarms.com\/wp-content\/uploads\/2025\/08\/p12-1536x570.webp 1536w, https:\/\/radikalarms.com\/wp-content\/uploads\/2025\/08\/p12-2048x759.webp 2048w\" sizes=\"(max-width: 2560px) 100vw, 2560px\" \/>\t\t\t\t\t\t\n\t\t\t\t\t<\/div>\n\t\t\t\t\t\t<\/a>\t\t\n<style>\n#image_1148328305 {\n  width: 100%;\n}\n<\/style>\n\t<\/div>\n\t\n\n\n\t\t<\/div>\n\t\t\t\t\n<style>\n#col-700298086 > .col-inner {\n  margin: 0px 0px -15px 0px;\n}\n<\/style>\n\t<\/div>\n\n\t\n\n\t<div id=\"col-893068970\" class=\"col medium-12 small-12 large-3\"  data-animate=\"bounceInRight\">\n\t\t\t\t<div class=\"col-inner text-right\"  >\n\t\t\t\n\t\t\t\n\n\t<div class=\"ux-menu stack stack-col justify-start custom-gallery-menu ux-menu--divider-solid\">\n\t\t\n\n\t<div class=\"ux-menu-link flex menu-item\">\n\t\t<a class=\"ux-menu-link__link flex\" href=\"https:\/\/radikalarms.com\/pistols\/\" >\n\t\t\t\t\t\t<span class=\"ux-menu-link__text\">\n\t\t\t\tTABANCALAR\t\t\t<\/span>\n\t\t<\/a>\n\t<\/div>\n\t\n\n\n\t<\/div>\n\t\n\n\t\t<\/div>\n\t\t\t\t\t<\/div>\n\n\t\n\n\n<style>\n#row-1258645854 > .col > .col-inner {\n  padding: 10px 10px 10px 10px;\n}\n@media (min-width:550px) {\n  #row-1258645854 > .col > .col-inner {\n    padding: 10px 30px 10px 30px;\n  }\n}\n@media (min-width:850px) {\n  #row-1258645854 > .col > .col-inner {\n    padding: 20px 10px 20px 10px;\n  }\n}\n<\/style>\n<\/div>\n\t<div id=\"gap-1446219794\" class=\"gap-element clearfix\" style=\"display:block; height:auto;\">\n\t\t\n<style>\n#gap-1446219794 {\n  padding-top: 30px;\n}\n<\/style>\n\t<\/div>\n\t\n\n\n\t\t<\/div>\n\n\t\t\n<style>\n#section_636296431 {\n  padding-top: 10px;\n  padding-bottom: 10px;\n}\n<\/style>\n\t<\/section>\n\t\n\n\t<div id=\"gap-1819886292\" class=\"gap-element clearfix\" style=\"display:block; height:auto;\">\n\t\t\n<style>\n#gap-1819886292 {\n  padding-top: 30px;\n}\n<\/style>\n\t<\/div>\n\t\n\n\n\t\t<\/div>\n\n\t\t\n<style>\n#section_18281243 {\n  padding-top: 10px;\n  padding-bottom: 10px;\n}\n<\/style>\n\t<\/section>\n\t\n\n","protected":false},"excerpt":{"rendered":"","protected":false},"author":3,"featured_media":2367,"parent":0,"menu_order":4,"comment_status":"closed","ping_status":"closed","template":"page-blank.php","meta":{"footnotes":""},"class_list":["post-2094","page","type-page","status-publish","has-post-thumbnail","hentry"],"_links":{"self":[{"href":"https:\/\/radikalarms.com\/tr\/wp-json\/wp\/v2\/pages\/2094","targetHints":{"allow":["GET"]}}],"collection":[{"href":"https:\/\/radikalarms.com\/tr\/wp-json\/wp\/v2\/pages"}],"about":[{"href":"https:\/\/radikalarms.com\/tr\/wp-json\/wp\/v2\/types\/page"}],"author":[{"embeddable":true,"href":"https:\/\/radikalarms.com\/tr\/wp-json\/wp\/v2\/users\/3"}],"replies":[{"embeddable":true,"href":"https:\/\/radikalarms.com\/tr\/wp-json\/wp\/v2\/comments?post=2094"}],"version-history":[{"count":0,"href":"https:\/\/radikalarms.com\/tr\/wp-json\/wp\/v2\/pages\/2094\/revisions"}],"wp:featuredmedia":[{"embeddable":true,"href":"https:\/\/radikalarms.com\/tr\/wp-json\/wp\/v2\/media\/2367"}],"wp:attachment":[{"href":"https:\/\/radikalarms.com\/tr\/wp-json\/wp\/v2\/media?parent=2094"}],"curies":[{"name":"wp","href":"https:\/\/api.w.org\/{rel}","templated":true}]}}